{"id":2636,"date":"2020-10-19T16:36:23","date_gmt":"2020-10-19T16:36:23","guid":{"rendered":"https:\/\/naturalstone.af\/?page_id=2636"},"modified":"2021-02-07T13:18:41","modified_gmt":"2021-02-07T19:18:41","slug":"testimonials","status":"publish","type":"page","link":"https:\/\/naturalstone.af\/it\/testimonials\/","title":{"rendered":"Testimonianze"},"content":{"rendered":"<div data-elementor-type=\"wp-page\" data-elementor-id=\"2636\" class=\"elementor elementor-2636\" data-elementor-post-type=\"page\">\n\t\t\t\t\t\t<section class=\"elementor-section elementor-top-section elementor-element elementor-element-636daf4f elementor-reverse-mobile elementor-section-boxed elementor-section-height-default elementor-section-height-default\" data-id=\"636daf4f\" data-element_type=\"section\" data-settings=\"{&quot;background_background&quot;:&quot;classic&quot;}\">\n\t\t\t\t\t\t\t<div class=\"elementor-background-overlay\"><\/div>\n\t\t\t\t\t\t\t<div class=\"elementor-container elementor-column-gap-default\">\n\t\t\t\t\t<div class=\"elementor-column elementor-col-100 elementor-top-column elementor-element elementor-element-385649b0\" data-id=\"385649b0\" data-element_type=\"column\">\n\t\t\t<div class=\"elementor-widget-wrap elementor-element-populated\">\n\t\t\t\t\t\t<div class=\"elementor-element elementor-element-37b0ef07 elementor-widget elementor-widget-heading\" data-id=\"37b0ef07\" data-element_type=\"widget\" data-widget_type=\"heading.default\">\n\t\t\t\t<div class=\"elementor-widget-container\">\n\t\t\t\t\t<h5 class=\"elementor-heading-title elementor-size-default\">Azienda di pietra naturale<\/h5>\t\t\t\t<\/div>\n\t\t\t\t<\/div>\n\t\t\t\t<div class=\"elementor-element elementor-element-18e145b2 animated-slow elementor-invisible elementor-widget elementor-widget-heading\" data-id=\"18e145b2\" data-element_type=\"widget\" data-settings=\"{&quot;_animation&quot;:&quot;fadeIn&quot;,&quot;_animation_delay&quot;:300}\" data-widget_type=\"heading.default\">\n\t\t\t\t<div class=\"elementor-widget-container\">\n\t\t\t\t\t<h1 class=\"elementor-heading-title elementor-size-default\">Testimonianze<\/h1>\t\t\t\t<\/div>\n\t\t\t\t<\/div>\n\t\t\t\t<div class=\"elementor-element elementor-element-abe7428 elementor-widget-divider--separator-type-pattern elementor-widget-divider--no-spacing elementor-widget-divider--view-line elementor-widget elementor-widget-divider\" data-id=\"abe7428\" data-element_type=\"widget\" data-widget_type=\"divider.default\">\n\t\t\t\t<div class=\"elementor-widget-container\">\n\t\t\t\t\t\t\t<div class=\"elementor-divider\" style=\"--divider-pattern-url: url(&quot;data:image\/svg+xml,%3Csvg xmlns=&#039;http:\/\/www.w3.org\/2000\/svg&#039; preserveAspectRatio=&#039;xMidYMid meet&#039; overflow=&#039;visible&#039; height=&#039;100%&#039; viewBox=&#039;0 0 126 26&#039; fill=&#039;black&#039; stroke=&#039;none&#039;%3E%3Cpath d=&#039;M46.8,7.8v11.5L36,18.6V7.8H46.8z M82.4,7.8L84,18.6l-12,0.7L70.4,7.8H82.4z M0,7.8l12,0.9v9.9H1.3L0,7.8z M30,7.8v10.8H19L18,7.8H30z M63.7,7.8L66,18.6H54V9.5L63.7,7.8z M89.8,7L102,7.8v10.8H91.2L89.8,7zM108,7.8l12,0.9v8.9l-12,1V7.8z&#039;\/%3E%3C\/svg%3E&quot;);\">\n\t\t\t<span class=\"elementor-divider-separator\">\n\t\t\t\t\t\t<\/span>\n\t\t<\/div>\n\t\t\t\t\t\t<\/div>\n\t\t\t\t<\/div>\n\t\t\t\t<div class=\"elementor-element elementor-element-29392cc elementor-widget elementor-widget-heading\" data-id=\"29392cc\" data-element_type=\"widget\" data-widget_type=\"heading.default\">\n\t\t\t\t<div class=\"elementor-widget-container\">\n\t\t\t\t\t<h4 class=\"elementor-heading-title elementor-size-default\">Canadian Shield Aggregate Ltd.<\/h4>\t\t\t\t<\/div>\n\t\t\t\t<\/div>\n\t\t\t\t<div class=\"elementor-element elementor-element-7626c99 elementor-widget elementor-widget-heading\" data-id=\"7626c99\" data-element_type=\"widget\" data-widget_type=\"heading.default\">\n\t\t\t\t<div class=\"elementor-widget-container\">\n\t\t\t\t\t<h6 class=\"elementor-heading-title elementor-size-default\">Steve Bigelow, presidente<\/h6>\t\t\t\t<\/div>\n\t\t\t\t<\/div>\n\t\t\t\t<div class=\"elementor-element elementor-element-a2b076d elementor-widget elementor-widget-text-editor\" data-id=\"a2b076d\" data-element_type=\"widget\" data-widget_type=\"text-editor.default\">\n\t\t\t\t<div class=\"elementor-widget-container\">\n\t\t\t\t\t\t\t\t\t<p>Sono stato presentato al team di Natural Stone Company mentre partecipavo alla Marble Exhibition nel Rajasthan, in India, nel Febbraio 2017 e sono venuto a conoscenza dei loro progetti di creare in Afghanistan un impianto all\u2019avanguardia per la lavorazione della pietra ornamentale e ho seguito con vivo interesse, dalla fase progettuale al completamento, lo sviluppo e la costruzione dei loro due moderni stabilimenti per la lavorazione di lastre e marmette situati a Kabul.\n\nLo scorso Novembre 2019 ho avuto l\u2019occasione di visitare la sede di Natural Stone Company a Kabul e di vedere le loro nuove linea di produzione, discutere la pianificazione della logistica, del marketing e la preparazione aziendale per lo sviluppo delle vendite sul mercato di esportazione. Sono rimasto sinceramente impressionato dalla capacit\u00e0 e qualit\u00e0 produttiva di questi due moderni impianti per lastre e marmette che ho visitato a Kabul.\n\nLa visita agli impianti mi ha infatti permesso di toccare con mano la situazione reale e di apprendere i loro obiettivi e la visione aziendale. La pianificazione e l\u2019attenzione ai dettagli \u00e8 resa evidente dall\u2019installazione di nuove macchine di fabbricazione italiana, molto efficienti dal punto di vista energetico e della resa qualitativa. Le infrastrutture sono state progettate e costruite con particolare attenzione alla sicurezza e al rispetto dell\u2019ambiente. L\u2019impatto ecologico \u00e8 stato ridotto al minimo grazie ad una moderna gestione energetica delle varie attivit\u00e0 e al completo riciclo delle acque reflue di lavorazione.\n\nLa filosofia aziendale \u00e8 ben evidenziata dalla preparazione professionale dei dipendenti che \u00e8 stata conseguita attraverso una formazione continua secondo standard assolutamente moderni in modo da creare un ambiente di lavoro orientato alla sicurezza e all\u2019attenzione della salute professionale.\n\nL\u2019insieme di questi requisiti consentiranno a Natural Stone Company di trasformare in prodotto finito, in maniera efficiente e sostenibile, nel pieno rispetto della delle norme sulla sicurezza sul lavoro, i blocchi grezzi di marmo, travertino e onice estratti dalle tre cave di propriet\u00e0. I consulenti internazionali che affiancano l\u2019azienda hanno potuto confermare, sulla scorta delle analisi di laboratorio eseguite, che i prodotti in pietra naturale offerti da Natural Stone Company sono comparabili ai migliori materiali lapidei oggi sul mercato.\n\nL\u2019azienda, in ragione della sua rapida espansione, si \u00e8 assicurata servizi logistici affidabili ed economici in modo da consentire la spedizione dei propri prodotti in pietra naturale sui mercati internazionali a un costo competitivo rispetto ad altre aziende leader nel settore.\n\nL\u2019approccio professionale, i dettagli alla pianificazione, le capacit\u00e0 di gestione e la visione aziendale di Natural Stone Company garantiranno un futuro successo all\u2019azienda.\n\nL\u2019impressione pi\u00f9 forte che questa visita mi ha lasciato \u00e8 il vedere le centinaia di posti di lavoro qualificati che questi impianti di lavorazione del comparto lapideo stanno creando nel paese e di quanti ancora ne saranno generati in un prossimo futuro per la popolazione afghana. Si tratta, a mio avviso, di uno sviluppo economico impressionante per un paese con una cos\u00ec ricca presenza di risorse naturali inesplorate.\n\n\u201cLe mie pi\u00f9 sentite congratulazioni per ci\u00f2 che \u00e8 gi\u00e0 stato realizzato e per il futuro successo a tutti i membri del team di Natural Stone Company.\u201d<\/p>\t\t\t\t\t\t\t\t<\/div>\n\t\t\t\t<\/div>\n\t\t\t\t<div class=\"elementor-element elementor-element-77de499 elementor-widget-divider--separator-type-pattern elementor-widget-divider--no-spacing elementor-widget-divider--view-line elementor-widget elementor-widget-divider\" data-id=\"77de499\" data-element_type=\"widget\" data-widget_type=\"divider.default\">\n\t\t\t\t<div class=\"elementor-widget-container\">\n\t\t\t\t\t\t\t<div class=\"elementor-divider\" style=\"--divider-pattern-url: url(&quot;data:image\/svg+xml,%3Csvg xmlns=&#039;http:\/\/www.w3.org\/2000\/svg&#039; preserveAspectRatio=&#039;xMidYMid meet&#039; overflow=&#039;visible&#039; height=&#039;100%&#039; viewBox=&#039;0 0 126 26&#039; fill=&#039;black&#039; stroke=&#039;none&#039;%3E%3Cpath d=&#039;M46.8,7.8v11.5L36,18.6V7.8H46.8z M82.4,7.8L84,18.6l-12,0.7L70.4,7.8H82.4z M0,7.8l12,0.9v9.9H1.3L0,7.8z M30,7.8v10.8H19L18,7.8H30z M63.7,7.8L66,18.6H54V9.5L63.7,7.8z M89.8,7L102,7.8v10.8H91.2L89.8,7zM108,7.8l12,0.9v8.9l-12,1V7.8z&#039;\/%3E%3C\/svg%3E&quot;);\">\n\t\t\t<span class=\"elementor-divider-separator\">\n\t\t\t\t\t\t<\/span>\n\t\t<\/div>\n\t\t\t\t\t\t<\/div>\n\t\t\t\t<\/div>\n\t\t\t\t<div class=\"elementor-element elementor-element-f147b34 elementor-widget elementor-widget-heading\" data-id=\"f147b34\" data-element_type=\"widget\" data-widget_type=\"heading.default\">\n\t\t\t\t<div class=\"elementor-widget-container\">\n\t\t\t\t\t<h4 class=\"elementor-heading-title elementor-size-default\"> Ph.D. in Geologia strutturale - Dimension Stone International Consultant<\/h4>\t\t\t\t<\/div>\n\t\t\t\t<\/div>\n\t\t\t\t<div class=\"elementor-element elementor-element-f27b2ab elementor-widget elementor-widget-heading\" data-id=\"f27b2ab\" data-element_type=\"widget\" data-widget_type=\"heading.default\">\n\t\t\t\t<div class=\"elementor-widget-container\">\n\t\t\t\t\t<h6 class=\"elementor-heading-title elementor-size-default\">Dott. Piero Bettini<\/h6>\t\t\t\t<\/div>\n\t\t\t\t<\/div>\n\t\t\t\t<div class=\"elementor-element elementor-element-226eddb elementor-widget elementor-widget-text-editor\" data-id=\"226eddb\" data-element_type=\"widget\" data-widget_type=\"text-editor.default\">\n\t\t\t\t<div class=\"elementor-widget-container\">\n\t\t\t\t\t\t\t\t\t<p>Il mio primo contatto con il Presidente di Natural Stone Company, l\u2019Ing. Asif Stanekzai, risale allo scorso 2017. Successivamente, quando sono entrato a far parte del team DAI sul progetto INVEST\/Afghanistan, ho potuto visitare, nell\u2019agosto del 2019, i due impianti a Kabul. Ci\u00f2 che ho visto mi ha realmente sorpreso: due grandi edifici industriali, ben concepiti e razionalmente costruiti, che ospitano due linee italiane di taglio e lucidatura per lastre e per marmette con produzioni mensili notevoli. Un deposito blocchi molto grande e dotato di un efficiente sistema di movimentazione con una moderna gru a cavalletto. E poi il riciclo delle acque di lavorazione, cosa piuttosto rara nel paese. \n\nI materiali lapidei disponibili, a cui se ne stanno aggiungendo di nuovi e di qualit\u00e0 straordinaria, presentano calibratura e lucidatura perfetti, adatti ad una molteplicit\u00e0 di applicazioni in ogni parte del mondo grazie a un sistema di packaging e di spedizione moderno e affidabile.\n\n\u201cPosso quindi senz\u2019altro affermare, frequentando il paese dal 2011 ed assistendo in prima persona allo sviluppo locale della pietra ornamentale, che Natural Stone Company sia l\u2019unica azienda in Afghanistan in grado di offrire grandi quantit\u00e0 di prodotti finiti a livelli qualitativi capaci di soddisfare le pi\u00f9 esigenti richieste di mercato.<\/p>\t\t\t\t\t\t\t\t<\/div>\n\t\t\t\t<\/div>\n\t\t\t\t\t<\/div>\n\t\t<\/div>\n\t\t\t\t\t<\/div>\n\t\t<\/section>\n\t\t\t\t<\/div>","protected":false},"excerpt":{"rendered":"<p>Natural Stone Company Testimonials Canadian Shield Aggregate Ltd. Steve Bigelow, President I was introduced to the Natural Stone Company management team while attending the Marble Exhibition in Rajasthan, India in February 2017. I listened to their plans to create a state-of-the-art stone processing facility and followed with keen interest, from concept to completion, the development [&hellip;]<\/p>","protected":false},"author":1,"featured_media":0,"parent":0,"menu_order":2,"comment_status":"closed","ping_status":"closed","template":"elementor_header_footer","meta":{"footnotes":""},"yoast_head":"<!-- This site is optimized with the Yoast SEO plugin v21.9 - https:\/\/yoast.com\/wordpress\/plugins\/seo\/ -->\n<title>Testimonials - Natural Stone Company<\/title>\n<meta name=\"robots\" content=\"index, follow, max-snippet:-1, max-image-preview:large, max-video-preview:-1\" \/>\n<link rel=\"canonical\" href=\"https:\/\/naturalstone.af\/it\/testimonials\/\" \/>\n<meta property=\"og:locale\" content=\"it_IT\" \/>\n<meta property=\"og:type\" content=\"article\" \/>\n<meta property=\"og:title\" content=\"Testimonials - Natural Stone Company\" \/>\n<meta property=\"og:description\" content=\"Natural Stone Company Testimonials Canadian Shield Aggregate Ltd. Steve Bigelow, President I was introduced to the Natural Stone Company management team while attending the Marble Exhibition in Rajasthan, India in February 2017. I listened to their plans to create a state-of-the-art stone processing facility and followed with keen interest, from concept to completion, the development [&hellip;]\" \/>\n<meta property=\"og:url\" content=\"https:\/\/naturalstone.af\/it\/testimonials\/\" \/>\n<meta property=\"og:site_name\" content=\"Natural Stone Company\" \/>\n<meta property=\"article:modified_time\" content=\"2021-02-07T19:18:41+00:00\" \/>\n<meta name=\"twitter:card\" content=\"summary_large_image\" \/>\n<meta name=\"twitter:label1\" content=\"Tempo di lettura stimato\" \/>\n\t<meta name=\"twitter:data1\" content=\"3 minuti\" \/>\n<script type=\"application\/ld+json\" class=\"yoast-schema-graph\">{\"@context\":\"https:\/\/schema.org\",\"@graph\":[{\"@type\":\"WebPage\",\"@id\":\"https:\/\/naturalstone.af\/testimonials\/\",\"url\":\"https:\/\/naturalstone.af\/testimonials\/\",\"name\":\"Testimonials - Natural Stone Company\",\"isPartOf\":{\"@id\":\"https:\/\/naturalstone.af\/#website\"},\"datePublished\":\"2020-10-19T16:36:23+00:00\",\"dateModified\":\"2021-02-07T19:18:41+00:00\",\"breadcrumb\":{\"@id\":\"https:\/\/naturalstone.af\/testimonials\/#breadcrumb\"},\"inLanguage\":\"it-IT\",\"potentialAction\":[{\"@type\":\"ReadAction\",\"target\":[\"https:\/\/naturalstone.af\/testimonials\/\"]}]},{\"@type\":\"BreadcrumbList\",\"@id\":\"https:\/\/naturalstone.af\/testimonials\/#breadcrumb\",\"itemListElement\":[{\"@type\":\"ListItem\",\"position\":1,\"name\":\"Home\",\"item\":\"https:\/\/naturalstone.af\/\"},{\"@type\":\"ListItem\",\"position\":2,\"name\":\"Testimonials\"}]},{\"@type\":\"WebSite\",\"@id\":\"https:\/\/naturalstone.af\/#website\",\"url\":\"https:\/\/naturalstone.af\/\",\"name\":\"Natural Stone Company\",\"description\":\"Kush Stone\",\"potentialAction\":[{\"@type\":\"SearchAction\",\"target\":{\"@type\":\"EntryPoint\",\"urlTemplate\":\"https:\/\/naturalstone.af\/?s={search_term_string}\"},\"query-input\":\"required name=search_term_string\"}],\"inLanguage\":\"it-IT\"}]}<\/script>\n<!-- \/ Yoast SEO plugin. -->","yoast_head_json":{"title":"Testimonials - Natural Stone Company","robots":{"index":"index","follow":"follow","max-snippet":"max-snippet:-1","max-image-preview":"max-image-preview:large","max-video-preview":"max-video-preview:-1"},"canonical":"https:\/\/naturalstone.af\/it\/testimonials\/","og_locale":"it_IT","og_type":"article","og_title":"Testimonials - Natural Stone Company","og_description":"Natural Stone Company Testimonials Canadian Shield Aggregate Ltd. Steve Bigelow, President I was introduced to the Natural Stone Company management team while attending the Marble Exhibition in Rajasthan, India in February 2017. I listened to their plans to create a state-of-the-art stone processing facility and followed with keen interest, from concept to completion, the development [&hellip;]","og_url":"https:\/\/naturalstone.af\/it\/testimonials\/","og_site_name":"Natural Stone Company","article_modified_time":"2021-02-07T19:18:41+00:00","twitter_card":"summary_large_image","twitter_misc":{"Tempo di lettura stimato":"3 minuti"},"schema":{"@context":"https:\/\/schema.org","@graph":[{"@type":"WebPage","@id":"https:\/\/naturalstone.af\/testimonials\/","url":"https:\/\/naturalstone.af\/testimonials\/","name":"Testimonials - Natural Stone Company","isPartOf":{"@id":"https:\/\/naturalstone.af\/#website"},"datePublished":"2020-10-19T16:36:23+00:00","dateModified":"2021-02-07T19:18:41+00:00","breadcrumb":{"@id":"https:\/\/naturalstone.af\/testimonials\/#breadcrumb"},"inLanguage":"it-IT","potentialAction":[{"@type":"ReadAction","target":["https:\/\/naturalstone.af\/testimonials\/"]}]},{"@type":"BreadcrumbList","@id":"https:\/\/naturalstone.af\/testimonials\/#breadcrumb","itemListElement":[{"@type":"ListItem","position":1,"name":"Home","item":"https:\/\/naturalstone.af\/"},{"@type":"ListItem","position":2,"name":"Testimonials"}]},{"@type":"WebSite","@id":"https:\/\/naturalstone.af\/#website","url":"https:\/\/naturalstone.af\/","name":"Azienda di pietra naturale","description":"Kush Stone","potentialAction":[{"@type":"SearchAction","target":{"@type":"EntryPoint","urlTemplate":"https:\/\/naturalstone.af\/?s={search_term_string}"},"query-input":"required name=search_term_string"}],"inLanguage":"it-IT"}]}},"_links":{"self":[{"href":"https:\/\/naturalstone.af\/it\/wp-json\/wp\/v2\/pages\/2636"}],"collection":[{"href":"https:\/\/naturalstone.af\/it\/wp-json\/wp\/v2\/pages"}],"about":[{"href":"https:\/\/naturalstone.af\/it\/wp-json\/wp\/v2\/types\/page"}],"author":[{"embeddable":true,"href":"https:\/\/naturalstone.af\/it\/wp-json\/wp\/v2\/users\/1"}],"replies":[{"embeddable":true,"href":"https:\/\/naturalstone.af\/it\/wp-json\/wp\/v2\/comments?post=2636"}],"version-history":[{"count":46,"href":"https:\/\/naturalstone.af\/it\/wp-json\/wp\/v2\/pages\/2636\/revisions"}],"predecessor-version":[{"id":3918,"href":"https:\/\/naturalstone.af\/it\/wp-json\/wp\/v2\/pages\/2636\/revisions\/3918"}],"wp:attachment":[{"href":"https:\/\/naturalstone.af\/it\/wp-json\/wp\/v2\/media?parent=2636"}],"curies":[{"name":"wp","href":"https:\/\/api.w.org\/{rel}","templated":true}]}}