{"id":952,"date":"2020-07-18T14:09:42","date_gmt":"2020-07-18T14:09:42","guid":{"rendered":"https:\/\/naturalstone.af\/?page_id=952"},"modified":"2024-01-24T10:26:34","modified_gmt":"2024-01-24T16:26:34","slug":"kunar-marble-quarry","status":"publish","type":"page","link":"https:\/\/naturalstone.af\/fr\/kunar-marble-quarry\/","title":{"rendered":"Kunar-Nangrahar Marble Quarry"},"content":{"rendered":"<div data-elementor-type=\"wp-page\" data-elementor-id=\"952\" class=\"elementor elementor-952\" data-elementor-post-type=\"page\">\n\t\t\t\t\t\t<section class=\"elementor-section elementor-top-section elementor-element elementor-element-316fae61 elementor-reverse-mobile elementor-section-boxed elementor-section-height-default elementor-section-height-default\" data-id=\"316fae61\" data-element_type=\"section\" data-settings=\"{&quot;background_background&quot;:&quot;classic&quot;}\">\n\t\t\t\t\t\t\t<div class=\"elementor-background-overlay\"><\/div>\n\t\t\t\t\t\t\t<div class=\"elementor-container elementor-column-gap-default\">\n\t\t\t\t\t<div class=\"elementor-column elementor-col-100 elementor-top-column elementor-element elementor-element-798f5e3e\" data-id=\"798f5e3e\" data-element_type=\"column\">\n\t\t\t<div class=\"elementor-widget-wrap elementor-element-populated\">\n\t\t\t\t\t\t<div class=\"elementor-element elementor-element-75748d61 elementor-widget elementor-widget-heading\" data-id=\"75748d61\" data-element_type=\"widget\" data-widget_type=\"heading.default\">\n\t\t\t\t<div class=\"elementor-widget-container\">\n\t\t\t\t\t<h5 class=\"elementor-heading-title elementor-size-default\">MARBRE<\/h5>\t\t\t\t<\/div>\n\t\t\t\t<\/div>\n\t\t\t\t<div class=\"elementor-element elementor-element-eeae662 animated-slow elementor-invisible elementor-widget elementor-widget-heading\" data-id=\"eeae662\" data-element_type=\"widget\" data-settings=\"{&quot;_animation&quot;:&quot;fadeIn&quot;,&quot;_animation_delay&quot;:300}\" data-widget_type=\"heading.default\">\n\t\t\t\t<div class=\"elementor-widget-container\">\n\t\t\t\t\t<h1 class=\"elementor-heading-title elementor-size-default\">Carri\u00e8re de marbre de Kunar-Nangarhar <\/h1>\t\t\t\t<\/div>\n\t\t\t\t<\/div>\n\t\t\t\t<div class=\"elementor-element elementor-element-1a7114a3 elementor-widget elementor-widget-text-editor\" data-id=\"1a7114a3\" data-element_type=\"widget\" data-widget_type=\"text-editor.default\">\n\t\t\t\t<div class=\"elementor-widget-container\">\n\t\t\t\t\t\t\t\t\t<p><strong>Provinces de Kunar et Nangarhar, Afghanistan<\/strong><\/p>\t\t\t\t\t\t\t\t<\/div>\n\t\t\t\t<\/div>\n\t\t\t\t<div class=\"elementor-element elementor-element-e030fa6 elementor-widget elementor-widget-text-editor\" data-id=\"e030fa6\" data-element_type=\"widget\" data-widget_type=\"text-editor.default\">\n\t\t\t\t<div class=\"elementor-widget-container\">\n\t\t\t\t\t\t\t\t\t<p>The mining concession area at the Kunar-Nangarhar Marble Quarry is 2.5 square kilometers and includes an extensive pure calcium carbonate marble outcrop. The color is mainly white with a rare gray hue and well known for its quality. This quarry is well documented and known for its premium quality of deposit.<\/p><p>La formation g\u00e9ologique affleurant dans la concession s'\u00e9tend en longueur suivant une orientation ENE-WSW sur environ 18 kilom\u00e8tres, le tout dans les limites de la concession, et plonge vers NW avec un angle d'inclinaison compris entre 40\u00b0 et 50\u00b0. Les \u00e9tudes g\u00e9ologiques que nous sommes sur le point de finir r\u00e9v\u00e9leront des d\u00e9tails techniques plus pr\u00e9cis sur les caract\u00e9ristiques g\u00e9o-structurales du gisement et sur les propri\u00e9t\u00e9s physico-m\u00e9caniques de la pierre.<\/p><p>Les \u00e9tudes min\u00e9ralogiques men\u00e9es jusqu'\u00e0 pr\u00e9sent ont d\u00e9j\u00e0 pu indiquer que ce marbre a un grain exceptionnellement fin et homog\u00e8ne tandis que les observations effectu\u00e9es sur place mettent en \u00e9vidence pour ce marbre, principalement blanc, des nuances de gris claire qui le rendent particuli\u00e8rement adapt\u00e9 \u00e0 toutes les applications internes o\u00f9 il est requis une qualit\u00e9 de marbre particuli\u00e8rement \u00e9lev\u00e9e.<\/p>\t\t\t\t\t\t\t\t<\/div>\n\t\t\t\t<\/div>\n\t\t\t\t\t<\/div>\n\t\t<\/div>\n\t\t\t\t\t<\/div>\n\t\t<\/section>\n\t\t\t\t<section class=\"elementor-section elementor-top-section elementor-element elementor-element-3c1a3836 elementor-section-full_width elementor-section-height-default elementor-section-height-default\" data-id=\"3c1a3836\" data-element_type=\"section\">\n\t\t\t\t\t\t<div class=\"elementor-container elementor-column-gap-default\">\n\t\t\t\t\t<div class=\"elementor-column elementor-col-100 elementor-top-column elementor-element elementor-element-634509f2\" data-id=\"634509f2\" data-element_type=\"column\">\n\t\t\t<div class=\"elementor-widget-wrap elementor-element-populated\">\n\t\t\t\t\t\t<div class=\"elementor-element elementor-element-789e3c30 elementor-arrows-position-inside elementor-pagination-position-outside elementor-widget elementor-widget-image-carousel\" data-id=\"789e3c30\" data-element_type=\"widget\" data-settings=\"{&quot;pause_on_hover&quot;:&quot;no&quot;,&quot;pause_on_interaction&quot;:&quot;no&quot;,&quot;navigation&quot;:&quot;both&quot;,&quot;autoplay&quot;:&quot;yes&quot;,&quot;autoplay_speed&quot;:5000,&quot;infinite&quot;:&quot;yes&quot;,&quot;speed&quot;:500,&quot;image_spacing_custom&quot;:{&quot;unit&quot;:&quot;px&quot;,&quot;size&quot;:20,&quot;sizes&quot;:[]},&quot;image_spacing_custom_tablet&quot;:{&quot;unit&quot;:&quot;px&quot;,&quot;size&quot;:&quot;&quot;,&quot;sizes&quot;:[]},&quot;image_spacing_custom_mobile&quot;:{&quot;unit&quot;:&quot;px&quot;,&quot;size&quot;:&quot;&quot;,&quot;sizes&quot;:[]}}\" data-widget_type=\"image-carousel.default\">\n\t\t\t\t<div class=\"elementor-widget-container\">\n\t\t\t\t\t\t\t<div class=\"elementor-image-carousel-wrapper swiper\" role=\"region\" aria-roledescription=\"carousel\" aria-label=\"Carrousel d\u2019images\" dir=\"ltr\">\n\t\t\t<div class=\"elementor-image-carousel swiper-wrapper\" aria-live=\"off\">\n\t\t\t\t\t\t\t\t<div class=\"swiper-slide\" role=\"group\" aria-roledescription=\"slide\" aria-label=\"1 sur 4\"><a data-elementor-open-lightbox=\"yes\" data-elementor-lightbox-slideshow=\"789e3c30\" data-elementor-lightbox-title=\"Nangarhar Marble Quarry\" data-e-action-hash=\"#elementor-action%3Aaction%3Dlightbox%26settings%3DeyJpZCI6MjI3NiwidXJsIjoiaHR0cHM6XC9cL25hdHVyYWxzdG9uZS5hZlwvd3AtY29udGVudFwvdXBsb2Fkc1wvMjAyMFwvMTBcL0lNRy0yMDE4MDgzMS1XQTAwMDkuanBnIiwic2xpZGVzaG93IjoiNzg5ZTNjMzAifQ%3D%3D\" href=\"https:\/\/naturalstone.af\/wp-content\/uploads\/2020\/10\/IMG-20180831-WA0009.jpg\"><figure class=\"swiper-slide-inner\"><img decoding=\"async\" class=\"swiper-slide-image lazyload\" data-src=\"https:\/\/naturalstone.af\/wp-content\/uploads\/2020\/10\/IMG-20180831-WA0009.jpg\" alt=\"Nangarhar Marble Quarry\" src=\"data:image\/svg+xml;base64,PHN2ZyB3aWR0aD0iMSIgaGVpZ2h0PSIxIiB4bWxucz0iaHR0cDovL3d3dy53My5vcmcvMjAwMC9zdmciPjwvc3ZnPg==\" style=\"--smush-placeholder-width: 1008px; --smush-placeholder-aspect-ratio: 1008\/567;\" \/><\/figure><\/a><\/div><div class=\"swiper-slide\" role=\"group\" aria-roledescription=\"slide\" aria-label=\"2 sur 4\"><a data-elementor-open-lightbox=\"yes\" data-elementor-lightbox-slideshow=\"789e3c30\" data-elementor-lightbox-title=\"Kunar-Nangarhar Marble Quarry\" data-e-action-hash=\"#elementor-action%3Aaction%3Dlightbox%26settings%3DeyJpZCI6MjI3NSwidXJsIjoiaHR0cHM6XC9cL25hdHVyYWxzdG9uZS5hZlwvd3AtY29udGVudFwvdXBsb2Fkc1wvMjAyMFwvMTBcL0lNRy0yMDE4MDczMS1XQTAwMjMuanBnIiwic2xpZGVzaG93IjoiNzg5ZTNjMzAifQ%3D%3D\" href=\"https:\/\/naturalstone.af\/wp-content\/uploads\/2020\/10\/IMG-20180731-WA0023.jpg\"><figure class=\"swiper-slide-inner\"><img decoding=\"async\" class=\"swiper-slide-image lazyload\" data-src=\"https:\/\/naturalstone.af\/wp-content\/uploads\/2020\/10\/IMG-20180731-WA0023.jpg\" alt=\"Kunar-Nangarhar Marble Quarry\" src=\"data:image\/svg+xml;base64,PHN2ZyB3aWR0aD0iMSIgaGVpZ2h0PSIxIiB4bWxucz0iaHR0cDovL3d3dy53My5vcmcvMjAwMC9zdmciPjwvc3ZnPg==\" style=\"--smush-placeholder-width: 1008px; --smush-placeholder-aspect-ratio: 1008\/567;\" \/><\/figure><\/a><\/div><div class=\"swiper-slide\" role=\"group\" aria-roledescription=\"slide\" aria-label=\"3 sur 4\"><a data-elementor-open-lightbox=\"yes\" data-elementor-lightbox-slideshow=\"789e3c30\" data-elementor-lightbox-title=\"Kunar-Nangarhar\" data-e-action-hash=\"#elementor-action%3Aaction%3Dlightbox%26settings%3DeyJpZCI6MjI3NCwidXJsIjoiaHR0cHM6XC9cL25hdHVyYWxzdG9uZS5hZlwvd3AtY29udGVudFwvdXBsb2Fkc1wvMjAyMFwvMTBcL0lNRy0yMDE4MDczMS1XQTAwMjEuanBnIiwic2xpZGVzaG93IjoiNzg5ZTNjMzAifQ%3D%3D\" href=\"https:\/\/naturalstone.af\/wp-content\/uploads\/2020\/10\/IMG-20180731-WA0021.jpg\"><figure class=\"swiper-slide-inner\"><img decoding=\"async\" class=\"swiper-slide-image lazyload\" data-src=\"https:\/\/naturalstone.af\/wp-content\/uploads\/2020\/10\/IMG-20180731-WA0021.jpg\" alt=\"Kunar-Nangarhar\" src=\"data:image\/svg+xml;base64,PHN2ZyB3aWR0aD0iMSIgaGVpZ2h0PSIxIiB4bWxucz0iaHR0cDovL3d3dy53My5vcmcvMjAwMC9zdmciPjwvc3ZnPg==\" style=\"--smush-placeholder-width: 1008px; --smush-placeholder-aspect-ratio: 1008\/567;\" \/><\/figure><\/a><\/div><div class=\"swiper-slide\" role=\"group\" aria-roledescription=\"slide\" aria-label=\"4 sur 4\"><a data-elementor-open-lightbox=\"yes\" data-elementor-lightbox-slideshow=\"789e3c30\" data-elementor-lightbox-title=\"Kunar Quarry\" data-e-action-hash=\"#elementor-action%3Aaction%3Dlightbox%26settings%3DeyJpZCI6MjI3MywidXJsIjoiaHR0cHM6XC9cL25hdHVyYWxzdG9uZS5hZlwvd3AtY29udGVudFwvdXBsb2Fkc1wvMjAyMFwvMTBcL0lNRy0yMDE4MDczMS1XQTAwMTAuanBnIiwic2xpZGVzaG93IjoiNzg5ZTNjMzAifQ%3D%3D\" href=\"https:\/\/naturalstone.af\/wp-content\/uploads\/2020\/10\/IMG-20180731-WA0010.jpg\"><figure class=\"swiper-slide-inner\"><img decoding=\"async\" class=\"swiper-slide-image lazyload\" data-src=\"https:\/\/naturalstone.af\/wp-content\/uploads\/2020\/10\/IMG-20180731-WA0010.jpg\" alt=\"Kunar Quarry\" src=\"data:image\/svg+xml;base64,PHN2ZyB3aWR0aD0iMSIgaGVpZ2h0PSIxIiB4bWxucz0iaHR0cDovL3d3dy53My5vcmcvMjAwMC9zdmciPjwvc3ZnPg==\" style=\"--smush-placeholder-width: 1008px; --smush-placeholder-aspect-ratio: 1008\/567;\" \/><\/figure><\/a><\/div>\t\t\t<\/div>\n\t\t\t\t\t\t\t\t\t\t\t\t<div class=\"elementor-swiper-button elementor-swiper-button-prev\" role=\"button\" tabindex=\"0\">\n\t\t\t\t\t\t<i aria-hidden=\"true\" class=\"eicon-chevron-left\"><\/i>\t\t\t\t\t<\/div>\n\t\t\t\t\t<div class=\"elementor-swiper-button elementor-swiper-button-next\" role=\"button\" tabindex=\"0\">\n\t\t\t\t\t\t<i aria-hidden=\"true\" class=\"eicon-chevron-right\"><\/i>\t\t\t\t\t<\/div>\n\t\t\t\t\n\t\t\t\t\t\t\t\t\t<div class=\"swiper-pagination\"><\/div>\n\t\t\t\t\t\t\t\t\t<\/div>\n\t\t\t\t\t\t<\/div>\n\t\t\t\t<\/div>\n\t\t\t\t\t<\/div>\n\t\t<\/div>\n\t\t\t\t\t<\/div>\n\t\t<\/section>\n\t\t\t\t<\/div>","protected":false},"excerpt":{"rendered":"<p>MARBLE Kunar-Nangarhar Marble Quarry Kunar and Nangarhar Provinces, Afghanistan The mining concession area at the Kunar-Nangarhar Marble Quarry is 2.5 square kilometers and includes an extensive pure calcium carbonate marble outcrop. The color is mainly white with a rare gray hue and well known for its quality. This quarry is well documented and known for [&hellip;]<\/p>","protected":false},"author":1,"featured_media":0,"parent":0,"menu_order":0,"comment_status":"closed","ping_status":"closed","template":"elementor_header_footer","meta":{"footnotes":""},"yoast_head":"<!-- This site is optimized with the Yoast SEO plugin v21.9 - https:\/\/yoast.com\/wordpress\/plugins\/seo\/ -->\n<title>Kunar-Nangrahar Marble Quarry - Natural Stone Company<\/title>\n<meta name=\"robots\" content=\"index, follow, max-snippet:-1, max-image-preview:large, max-video-preview:-1\" \/>\n<link rel=\"canonical\" href=\"https:\/\/naturalstone.af\/fr\/kunar-marble-quarry\/\" \/>\n<meta property=\"og:locale\" content=\"fr_FR\" \/>\n<meta property=\"og:type\" content=\"article\" \/>\n<meta property=\"og:title\" content=\"Kunar-Nangrahar Marble Quarry - Natural Stone Company\" \/>\n<meta property=\"og:description\" content=\"MARBLE Kunar-Nangarhar Marble Quarry Kunar and Nangarhar Provinces, Afghanistan The mining concession area at the Kunar-Nangarhar Marble Quarry is 2.5 square kilometers and includes an extensive pure calcium carbonate marble outcrop. The color is mainly white with a rare gray hue and well known for its quality. This quarry is well documented and known for [&hellip;]\" \/>\n<meta property=\"og:url\" content=\"https:\/\/naturalstone.af\/fr\/kunar-marble-quarry\/\" \/>\n<meta property=\"og:site_name\" content=\"Natural Stone Company\" \/>\n<meta property=\"article:modified_time\" content=\"2024-01-24T16:26:34+00:00\" \/>\n<meta property=\"og:image\" content=\"https:\/\/naturalstone.af\/wp-content\/uploads\/2020\/10\/IMG-20180831-WA0009.jpg\" \/>\n<meta name=\"twitter:card\" content=\"summary_large_image\" \/>\n<meta name=\"twitter:label1\" content=\"Dur\u00e9e de lecture estim\u00e9e\" \/>\n\t<meta name=\"twitter:data1\" content=\"3 minutes\" \/>\n<script type=\"application\/ld+json\" class=\"yoast-schema-graph\">{\"@context\":\"https:\/\/schema.org\",\"@graph\":[{\"@type\":\"WebPage\",\"@id\":\"https:\/\/naturalstone.af\/kunar-marble-quarry\/\",\"url\":\"https:\/\/naturalstone.af\/kunar-marble-quarry\/\",\"name\":\"Kunar-Nangrahar Marble Quarry - Natural Stone Company\",\"isPartOf\":{\"@id\":\"https:\/\/naturalstone.af\/#website\"},\"datePublished\":\"2020-07-18T14:09:42+00:00\",\"dateModified\":\"2024-01-24T16:26:34+00:00\",\"breadcrumb\":{\"@id\":\"https:\/\/naturalstone.af\/kunar-marble-quarry\/#breadcrumb\"},\"inLanguage\":\"fr-FR\",\"potentialAction\":[{\"@type\":\"ReadAction\",\"target\":[\"https:\/\/naturalstone.af\/kunar-marble-quarry\/\"]}]},{\"@type\":\"BreadcrumbList\",\"@id\":\"https:\/\/naturalstone.af\/kunar-marble-quarry\/#breadcrumb\",\"itemListElement\":[{\"@type\":\"ListItem\",\"position\":1,\"name\":\"Home\",\"item\":\"https:\/\/naturalstone.af\/\"},{\"@type\":\"ListItem\",\"position\":2,\"name\":\"Kunar-Nangrahar Marble Quarry\"}]},{\"@type\":\"WebSite\",\"@id\":\"https:\/\/naturalstone.af\/#website\",\"url\":\"https:\/\/naturalstone.af\/\",\"name\":\"Natural Stone Company\",\"description\":\"Kush Stone\",\"potentialAction\":[{\"@type\":\"SearchAction\",\"target\":{\"@type\":\"EntryPoint\",\"urlTemplate\":\"https:\/\/naturalstone.af\/?s={search_term_string}\"},\"query-input\":\"required name=search_term_string\"}],\"inLanguage\":\"fr-FR\"}]}<\/script>\n<!-- \/ Yoast SEO plugin. -->","yoast_head_json":{"title":"Kunar-Nangrahar Marble Quarry - Natural Stone Company","robots":{"index":"index","follow":"follow","max-snippet":"max-snippet:-1","max-image-preview":"max-image-preview:large","max-video-preview":"max-video-preview:-1"},"canonical":"https:\/\/naturalstone.af\/fr\/kunar-marble-quarry\/","og_locale":"fr_FR","og_type":"article","og_title":"Kunar-Nangrahar Marble Quarry - Natural Stone Company","og_description":"MARBLE Kunar-Nangarhar Marble Quarry Kunar and Nangarhar Provinces, Afghanistan The mining concession area at the Kunar-Nangarhar Marble Quarry is 2.5 square kilometers and includes an extensive pure calcium carbonate marble outcrop. The color is mainly white with a rare gray hue and well known for its quality. This quarry is well documented and known for [&hellip;]","og_url":"https:\/\/naturalstone.af\/fr\/kunar-marble-quarry\/","og_site_name":"Natural Stone Company","article_modified_time":"2024-01-24T16:26:34+00:00","og_image":[{"url":"https:\/\/naturalstone.af\/wp-content\/uploads\/2020\/10\/IMG-20180831-WA0009.jpg"}],"twitter_card":"summary_large_image","twitter_misc":{"Dur\u00e9e de lecture estim\u00e9e":"3 minutes"},"schema":{"@context":"https:\/\/schema.org","@graph":[{"@type":"WebPage","@id":"https:\/\/naturalstone.af\/kunar-marble-quarry\/","url":"https:\/\/naturalstone.af\/kunar-marble-quarry\/","name":"Kunar-Nangrahar Marble Quarry - Natural Stone Company","isPartOf":{"@id":"https:\/\/naturalstone.af\/#website"},"datePublished":"2020-07-18T14:09:42+00:00","dateModified":"2024-01-24T16:26:34+00:00","breadcrumb":{"@id":"https:\/\/naturalstone.af\/kunar-marble-quarry\/#breadcrumb"},"inLanguage":"fr-FR","potentialAction":[{"@type":"ReadAction","target":["https:\/\/naturalstone.af\/kunar-marble-quarry\/"]}]},{"@type":"BreadcrumbList","@id":"https:\/\/naturalstone.af\/kunar-marble-quarry\/#breadcrumb","itemListElement":[{"@type":"ListItem","position":1,"name":"Home","item":"https:\/\/naturalstone.af\/"},{"@type":"ListItem","position":2,"name":"Kunar-Nangrahar Marble Quarry"}]},{"@type":"WebSite","@id":"https:\/\/naturalstone.af\/#website","url":"https:\/\/naturalstone.af\/","name":"Entreprise de pierre naturelle","description":"Kush Stone","potentialAction":[{"@type":"SearchAction","target":{"@type":"EntryPoint","urlTemplate":"https:\/\/naturalstone.af\/?s={search_term_string}"},"query-input":"required name=search_term_string"}],"inLanguage":"fr-FR"}]}},"_links":{"self":[{"href":"https:\/\/naturalstone.af\/fr\/wp-json\/wp\/v2\/pages\/952"}],"collection":[{"href":"https:\/\/naturalstone.af\/fr\/wp-json\/wp\/v2\/pages"}],"about":[{"href":"https:\/\/naturalstone.af\/fr\/wp-json\/wp\/v2\/types\/page"}],"author":[{"embeddable":true,"href":"https:\/\/naturalstone.af\/fr\/wp-json\/wp\/v2\/users\/1"}],"replies":[{"embeddable":true,"href":"https:\/\/naturalstone.af\/fr\/wp-json\/wp\/v2\/comments?post=952"}],"version-history":[{"count":61,"href":"https:\/\/naturalstone.af\/fr\/wp-json\/wp\/v2\/pages\/952\/revisions"}],"predecessor-version":[{"id":3960,"href":"https:\/\/naturalstone.af\/fr\/wp-json\/wp\/v2\/pages\/952\/revisions\/3960"}],"wp:attachment":[{"href":"https:\/\/naturalstone.af\/fr\/wp-json\/wp\/v2\/media?parent=952"}],"curies":[{"name":"wp","href":"https:\/\/api.w.org\/{rel}","templated":true}]}}