{"id":950,"date":"2020-07-18T14:09:24","date_gmt":"2020-07-18T14:09:24","guid":{"rendered":"https:\/\/naturalstone.af\/?page_id=950"},"modified":"2021-01-15T17:06:34","modified_gmt":"2021-01-15T17:06:34","slug":"ranzikhil-marble-quarry","status":"publish","type":"page","link":"https:\/\/naturalstone.af\/fr\/ranzikhil-marble-quarry\/","title":{"rendered":"Carri\u00e8re de marbre de Ranzikhil"},"content":{"rendered":"<div data-elementor-type=\"wp-page\" data-elementor-id=\"950\" class=\"elementor elementor-950\" data-elementor-post-type=\"page\">\n\t\t\t\t\t\t<section class=\"elementor-section elementor-top-section elementor-element elementor-element-13622614 elementor-reverse-mobile elementor-section-boxed elementor-section-height-default elementor-section-height-default\" data-id=\"13622614\" data-element_type=\"section\" data-settings=\"{&quot;background_background&quot;:&quot;classic&quot;}\">\n\t\t\t\t\t\t\t<div class=\"elementor-background-overlay\"><\/div>\n\t\t\t\t\t\t\t<div class=\"elementor-container elementor-column-gap-default\">\n\t\t\t\t\t<div class=\"elementor-column elementor-col-100 elementor-top-column elementor-element elementor-element-6b36cd45\" data-id=\"6b36cd45\" data-element_type=\"column\">\n\t\t\t<div class=\"elementor-widget-wrap elementor-element-populated\">\n\t\t\t\t\t\t<div class=\"elementor-element elementor-element-dbaccf5 elementor-widget elementor-widget-heading\" data-id=\"dbaccf5\" data-element_type=\"widget\" data-widget_type=\"heading.default\">\n\t\t\t\t<div class=\"elementor-widget-container\">\n\t\t\t\t\t<h5 class=\"elementor-heading-title elementor-size-default\">MARBRE<\/h5>\t\t\t\t<\/div>\n\t\t\t\t<\/div>\n\t\t\t\t<div class=\"elementor-element elementor-element-36df3c99 animated-slow elementor-invisible elementor-widget elementor-widget-heading\" data-id=\"36df3c99\" data-element_type=\"widget\" data-settings=\"{&quot;_animation&quot;:&quot;fadeIn&quot;,&quot;_animation_delay&quot;:300}\" data-widget_type=\"heading.default\">\n\t\t\t\t<div class=\"elementor-widget-container\">\n\t\t\t\t\t<h1 class=\"elementor-heading-title elementor-size-default\">Carri\u00e8re de marbre de Ranzikhil<\/h1>\t\t\t\t<\/div>\n\t\t\t\t<\/div>\n\t\t\t\t<div class=\"elementor-element elementor-element-5a463722 elementor-widget elementor-widget-text-editor\" data-id=\"5a463722\" data-element_type=\"widget\" data-widget_type=\"text-editor.default\">\n\t\t\t\t<div class=\"elementor-widget-container\">\n\t\t\t\t\t\t\t\t\t<p><strong>Province de Maidan Wardak, Afghanistan<\/strong><\/p>\t\t\t\t\t\t\t\t<\/div>\n\t\t\t\t<\/div>\n\t\t\t\t<div class=\"elementor-element elementor-element-c384a4f elementor-widget elementor-widget-text-editor\" data-id=\"c384a4f\" data-element_type=\"widget\" data-widget_type=\"text-editor.default\">\n\t\t\t\t<div class=\"elementor-widget-container\">\n\t\t\t\t\t\t\t\t\t<p>La carri\u00e8re de marbre de Ranzikhil est situ\u00e9e dans la province de Maidan Wardak, \u00e0 environ 100 kilom\u00e8tres des usines de fa\u00e7onnage de Natural Stone Company \u00e0 Kaboul.<\/p><p>La formation g\u00e9ologique du gisement est caract\u00e9ris\u00e9e par des niveaux de marbre bien s\u00e9par\u00e9s, chacun avec une variation chromatique et un grain particulier. L'excellente connaissance du gisement et de la carri\u00e8re permet \u00e0 nos techniciens d'identifier, d'extraire et d'isoler les nuances sp\u00e9cifiques de blanc et de gris afin de garantir au Client une excellente coh\u00e9rence de couleur et de design aussi bien dans les dalles que dans les carreaux.<\/p><p>Le marbre a une composition de carbonate de calcium pur et a un grain moyen-fin avec une excellente aptitude au polissage. La couleur des dalles et des carreaux est g\u00e9n\u00e9ralement blanc-gris tandis que dans certains produits finis, il peut y avoir des g\u00e9om\u00e9tries int\u00e9ressantes gr\u00e2ce \u00e0 la pr\u00e9sence de veines gris fonc\u00e9 bien d\u00e9finies.<\/p><p>Le marbre de ce gisement est tr\u00e8s compact et g\u00e9n\u00e9ralement exempt de joints naturels ou de fissures et cela permet l'extraction de gros blocs et d\u2019obtenir de dalles de dimensions exceptionnelles. La capacit\u00e9 de production actuelle est d'environ 1000 tonnes par mois.<\/p>\t\t\t\t\t\t\t\t<\/div>\n\t\t\t\t<\/div>\n\t\t\t\t\t<\/div>\n\t\t<\/div>\n\t\t\t\t\t<\/div>\n\t\t<\/section>\n\t\t\t\t<section class=\"elementor-section elementor-top-section elementor-element elementor-element-cf6dae6 elementor-section-full_width elementor-section-height-default elementor-section-height-default\" data-id=\"cf6dae6\" data-element_type=\"section\">\n\t\t\t\t\t\t<div class=\"elementor-container elementor-column-gap-default\">\n\t\t\t\t\t<div class=\"elementor-column elementor-col-100 elementor-top-column elementor-element elementor-element-9f566e2\" data-id=\"9f566e2\" data-element_type=\"column\">\n\t\t\t<div class=\"elementor-widget-wrap elementor-element-populated\">\n\t\t\t\t\t\t<div class=\"elementor-element elementor-element-3d89ded elementor-arrows-position-inside elementor-pagination-position-outside elementor-widget elementor-widget-image-carousel\" data-id=\"3d89ded\" data-element_type=\"widget\" data-settings=\"{&quot;pause_on_hover&quot;:&quot;no&quot;,&quot;pause_on_interaction&quot;:&quot;no&quot;,&quot;navigation&quot;:&quot;both&quot;,&quot;autoplay&quot;:&quot;yes&quot;,&quot;autoplay_speed&quot;:5000,&quot;infinite&quot;:&quot;yes&quot;,&quot;speed&quot;:500,&quot;image_spacing_custom&quot;:{&quot;unit&quot;:&quot;px&quot;,&quot;size&quot;:20,&quot;sizes&quot;:[]},&quot;image_spacing_custom_tablet&quot;:{&quot;unit&quot;:&quot;px&quot;,&quot;size&quot;:&quot;&quot;,&quot;sizes&quot;:[]},&quot;image_spacing_custom_mobile&quot;:{&quot;unit&quot;:&quot;px&quot;,&quot;size&quot;:&quot;&quot;,&quot;sizes&quot;:[]}}\" data-widget_type=\"image-carousel.default\">\n\t\t\t\t<div class=\"elementor-widget-container\">\n\t\t\t\t\t\t\t<div class=\"elementor-image-carousel-wrapper swiper\" role=\"region\" aria-roledescription=\"carousel\" aria-label=\"Carrousel d\u2019images\" dir=\"ltr\">\n\t\t\t<div class=\"elementor-image-carousel swiper-wrapper\" aria-live=\"off\">\n\t\t\t\t\t\t\t\t<div class=\"swiper-slide\" role=\"group\" aria-roledescription=\"slide\" aria-label=\"1 sur 6\"><a data-elementor-open-lightbox=\"yes\" data-elementor-lightbox-slideshow=\"3d89ded\" data-elementor-lightbox-title=\"ranzikhail quarry stone\" data-e-action-hash=\"#elementor-action%3Aaction%3Dlightbox%26settings%3DeyJpZCI6MjUxNSwidXJsIjoiaHR0cHM6XC9cL25hdHVyYWxzdG9uZS5hZlwvd3AtY29udGVudFwvdXBsb2Fkc1wvMjAyMFwvMTBcL3Jhbnppa2hhaWwtcXVhcnJ5LXN0b25lLmpwZWciLCJzbGlkZXNob3ciOiIzZDg5ZGVkIn0%3D\" href=\"https:\/\/naturalstone.af\/wp-content\/uploads\/2020\/10\/ranzikhail-quarry-stone.jpeg\"><figure class=\"swiper-slide-inner\"><img decoding=\"async\" class=\"swiper-slide-image lazyload\" data-src=\"https:\/\/naturalstone.af\/wp-content\/uploads\/2020\/10\/ranzikhail-quarry-stone-1024x766.jpeg\" alt=\"ranzikhail quarry stone\" src=\"data:image\/svg+xml;base64,PHN2ZyB3aWR0aD0iMSIgaGVpZ2h0PSIxIiB4bWxucz0iaHR0cDovL3d3dy53My5vcmcvMjAwMC9zdmciPjwvc3ZnPg==\" style=\"--smush-placeholder-width: 1024px; --smush-placeholder-aspect-ratio: 1024\/766;\" \/><\/figure><\/a><\/div><div class=\"swiper-slide\" role=\"group\" aria-roledescription=\"slide\" aria-label=\"2 sur 6\"><a data-elementor-open-lightbox=\"yes\" data-elementor-lightbox-slideshow=\"3d89ded\" data-elementor-lightbox-title=\"ranzikhail quarry excavator\" data-e-action-hash=\"#elementor-action%3Aaction%3Dlightbox%26settings%3DeyJpZCI6MjUxNiwidXJsIjoiaHR0cHM6XC9cL25hdHVyYWxzdG9uZS5hZlwvd3AtY29udGVudFwvdXBsb2Fkc1wvMjAyMFwvMTBcL3Jhbnppa2hhaWwtcXVhcnJ5LWV4Y2F2YXRvci5qcGVnIiwic2xpZGVzaG93IjoiM2Q4OWRlZCJ9\" href=\"https:\/\/naturalstone.af\/wp-content\/uploads\/2020\/10\/ranzikhail-quarry-excavator.jpeg\"><figure class=\"swiper-slide-inner\"><img decoding=\"async\" class=\"swiper-slide-image lazyload\" data-src=\"https:\/\/naturalstone.af\/wp-content\/uploads\/2020\/10\/ranzikhail-quarry-excavator-1024x766.jpeg\" alt=\"ranzikhail quarry excavator\" src=\"data:image\/svg+xml;base64,PHN2ZyB3aWR0aD0iMSIgaGVpZ2h0PSIxIiB4bWxucz0iaHR0cDovL3d3dy53My5vcmcvMjAwMC9zdmciPjwvc3ZnPg==\" style=\"--smush-placeholder-width: 1024px; --smush-placeholder-aspect-ratio: 1024\/766;\" \/><\/figure><\/a><\/div><div class=\"swiper-slide\" role=\"group\" aria-roledescription=\"slide\" aria-label=\"3 sur 6\"><a data-elementor-open-lightbox=\"yes\" data-elementor-lightbox-slideshow=\"3d89ded\" data-elementor-lightbox-title=\"ranzikhail quarry large slab\" data-e-action-hash=\"#elementor-action%3Aaction%3Dlightbox%26settings%3DeyJpZCI6MjUxNywidXJsIjoiaHR0cHM6XC9cL25hdHVyYWxzdG9uZS5hZlwvd3AtY29udGVudFwvdXBsb2Fkc1wvMjAyMFwvMTBcL3Jhbnppa2hhaWwtcXVhcnJ5LWxhcmdlLXNsYWIuanBlZyIsInNsaWRlc2hvdyI6IjNkODlkZWQifQ%3D%3D\" href=\"https:\/\/naturalstone.af\/wp-content\/uploads\/2020\/10\/ranzikhail-quarry-large-slab.jpeg\"><figure class=\"swiper-slide-inner\"><img decoding=\"async\" class=\"swiper-slide-image lazyload\" data-src=\"https:\/\/naturalstone.af\/wp-content\/uploads\/2020\/10\/ranzikhail-quarry-large-slab-1024x766.jpeg\" alt=\"ranzikhail quarry large slab\" src=\"data:image\/svg+xml;base64,PHN2ZyB3aWR0aD0iMSIgaGVpZ2h0PSIxIiB4bWxucz0iaHR0cDovL3d3dy53My5vcmcvMjAwMC9zdmciPjwvc3ZnPg==\" style=\"--smush-placeholder-width: 1024px; --smush-placeholder-aspect-ratio: 1024\/766;\" \/><\/figure><\/a><\/div><div class=\"swiper-slide\" role=\"group\" aria-roledescription=\"slide\" aria-label=\"4 sur 6\"><a data-elementor-open-lightbox=\"yes\" data-elementor-lightbox-slideshow=\"3d89ded\" data-elementor-lightbox-title=\"ranzikhail quarry slab pieces\" data-e-action-hash=\"#elementor-action%3Aaction%3Dlightbox%26settings%3DeyJpZCI6MjUxOCwidXJsIjoiaHR0cHM6XC9cL25hdHVyYWxzdG9uZS5hZlwvd3AtY29udGVudFwvdXBsb2Fkc1wvMjAyMFwvMTBcL3Jhbnppa2hhaWwtcXVhcnJ5LXNsYWItcGllY2VzLmpwZWciLCJzbGlkZXNob3ciOiIzZDg5ZGVkIn0%3D\" href=\"https:\/\/naturalstone.af\/wp-content\/uploads\/2020\/10\/ranzikhail-quarry-slab-pieces.jpeg\"><figure class=\"swiper-slide-inner\"><img decoding=\"async\" class=\"swiper-slide-image lazyload\" data-src=\"https:\/\/naturalstone.af\/wp-content\/uploads\/2020\/10\/ranzikhail-quarry-slab-pieces-1024x766.jpeg\" alt=\"ranzikhail quarry slab pieces\" src=\"data:image\/svg+xml;base64,PHN2ZyB3aWR0aD0iMSIgaGVpZ2h0PSIxIiB4bWxucz0iaHR0cDovL3d3dy53My5vcmcvMjAwMC9zdmciPjwvc3ZnPg==\" style=\"--smush-placeholder-width: 1024px; --smush-placeholder-aspect-ratio: 1024\/766;\" \/><\/figure><\/a><\/div><div class=\"swiper-slide\" role=\"group\" aria-roledescription=\"slide\" aria-label=\"5 sur 6\"><a data-elementor-open-lightbox=\"yes\" data-elementor-lightbox-slideshow=\"3d89ded\" data-elementor-lightbox-title=\"ranzikhail quarry slab walls\" data-e-action-hash=\"#elementor-action%3Aaction%3Dlightbox%26settings%3DeyJpZCI6MjUxOSwidXJsIjoiaHR0cHM6XC9cL25hdHVyYWxzdG9uZS5hZlwvd3AtY29udGVudFwvdXBsb2Fkc1wvMjAyMFwvMTBcL3Jhbnppa2hhaWwtcXVhcnJ5LXNsYWItd2FsbHMuanBlZyIsInNsaWRlc2hvdyI6IjNkODlkZWQifQ%3D%3D\" href=\"https:\/\/naturalstone.af\/wp-content\/uploads\/2020\/10\/ranzikhail-quarry-slab-walls.jpeg\"><figure class=\"swiper-slide-inner\"><img decoding=\"async\" class=\"swiper-slide-image lazyload\" data-src=\"https:\/\/naturalstone.af\/wp-content\/uploads\/2020\/10\/ranzikhail-quarry-slab-walls-1024x766.jpeg\" alt=\"ranzikhail quarry slab walls\" src=\"data:image\/svg+xml;base64,PHN2ZyB3aWR0aD0iMSIgaGVpZ2h0PSIxIiB4bWxucz0iaHR0cDovL3d3dy53My5vcmcvMjAwMC9zdmciPjwvc3ZnPg==\" style=\"--smush-placeholder-width: 1024px; --smush-placeholder-aspect-ratio: 1024\/766;\" \/><\/figure><\/a><\/div><div class=\"swiper-slide\" role=\"group\" aria-roledescription=\"slide\" aria-label=\"6 sur 6\"><a data-elementor-open-lightbox=\"yes\" data-elementor-lightbox-slideshow=\"3d89ded\" data-elementor-lightbox-title=\"ranzikhail quarry slab\" data-e-action-hash=\"#elementor-action%3Aaction%3Dlightbox%26settings%3DeyJpZCI6MjUyMCwidXJsIjoiaHR0cHM6XC9cL25hdHVyYWxzdG9uZS5hZlwvd3AtY29udGVudFwvdXBsb2Fkc1wvMjAyMFwvMTBcL3Jhbnppa2hhaWwtcXVhcnJ5LXNsYWIuanBlZyIsInNsaWRlc2hvdyI6IjNkODlkZWQifQ%3D%3D\" href=\"https:\/\/naturalstone.af\/wp-content\/uploads\/2020\/10\/ranzikhail-quarry-slab.jpeg\"><figure class=\"swiper-slide-inner\"><img decoding=\"async\" class=\"swiper-slide-image lazyload\" data-src=\"https:\/\/naturalstone.af\/wp-content\/uploads\/2020\/10\/ranzikhail-quarry-slab-1024x766.jpeg\" alt=\"ranzikhail quarry slab\" src=\"data:image\/svg+xml;base64,PHN2ZyB3aWR0aD0iMSIgaGVpZ2h0PSIxIiB4bWxucz0iaHR0cDovL3d3dy53My5vcmcvMjAwMC9zdmciPjwvc3ZnPg==\" style=\"--smush-placeholder-width: 1024px; --smush-placeholder-aspect-ratio: 1024\/766;\" \/><\/figure><\/a><\/div>\t\t\t<\/div>\n\t\t\t\t\t\t\t\t\t\t\t\t<div class=\"elementor-swiper-button elementor-swiper-button-prev\" role=\"button\" tabindex=\"0\">\n\t\t\t\t\t\t<i aria-hidden=\"true\" class=\"eicon-chevron-left\"><\/i>\t\t\t\t\t<\/div>\n\t\t\t\t\t<div class=\"elementor-swiper-button elementor-swiper-button-next\" role=\"button\" tabindex=\"0\">\n\t\t\t\t\t\t<i aria-hidden=\"true\" class=\"eicon-chevron-right\"><\/i>\t\t\t\t\t<\/div>\n\t\t\t\t\n\t\t\t\t\t\t\t\t\t<div class=\"swiper-pagination\"><\/div>\n\t\t\t\t\t\t\t\t\t<\/div>\n\t\t\t\t\t\t<\/div>\n\t\t\t\t<\/div>\n\t\t\t\t\t<\/div>\n\t\t<\/div>\n\t\t\t\t\t<\/div>\n\t\t<\/section>\n\t\t\t\t<\/div>","protected":false},"excerpt":{"rendered":"<p>MARBLE Ranzikhil Marble Quarry Maidan Wardak Province, Afghanistan The Ranzikhil Marble Quarry is located in the Maidan Wardak province, located 100 kilometers from the Natural Stone Company\u2019s factories in Kabul. The marble formation consists of thick bedded outcrops with each layer offering individual coloration different from the next. The quarry operators use their knowledge and [&hellip;]<\/p>","protected":false},"author":1,"featured_media":0,"parent":0,"menu_order":0,"comment_status":"closed","ping_status":"closed","template":"elementor_header_footer","meta":{"footnotes":""},"yoast_head":"<!-- This site is optimized with the Yoast SEO plugin v21.9 - https:\/\/yoast.com\/wordpress\/plugins\/seo\/ -->\n<title>Ranzikhil Marble Quarry - Natural Stone Company<\/title>\n<meta name=\"robots\" content=\"index, follow, max-snippet:-1, max-image-preview:large, max-video-preview:-1\" \/>\n<link rel=\"canonical\" href=\"https:\/\/naturalstone.af\/fr\/ranzikhil-marble-quarry\/\" \/>\n<meta property=\"og:locale\" content=\"fr_FR\" \/>\n<meta property=\"og:type\" content=\"article\" \/>\n<meta property=\"og:title\" content=\"Ranzikhil Marble Quarry - Natural Stone Company\" \/>\n<meta property=\"og:description\" content=\"MARBLE Ranzikhil Marble Quarry Maidan Wardak Province, Afghanistan The Ranzikhil Marble Quarry is located in the Maidan Wardak province, located 100 kilometers from the Natural Stone Company\u2019s factories in Kabul. The marble formation consists of thick bedded outcrops with each layer offering individual coloration different from the next. The quarry operators use their knowledge and [&hellip;]\" \/>\n<meta property=\"og:url\" content=\"https:\/\/naturalstone.af\/fr\/ranzikhil-marble-quarry\/\" \/>\n<meta property=\"og:site_name\" content=\"Natural Stone Company\" \/>\n<meta property=\"article:modified_time\" content=\"2021-01-15T17:06:34+00:00\" \/>\n<meta property=\"og:image\" content=\"https:\/\/naturalstone.af\/wp-content\/uploads\/2020\/10\/ranzikhail-quarry-stone-1024x766.jpeg\" \/>\n<meta name=\"twitter:card\" content=\"summary_large_image\" \/>\n<meta name=\"twitter:label1\" content=\"Dur\u00e9e de lecture estim\u00e9e\" \/>\n\t<meta name=\"twitter:data1\" content=\"1 minute\" \/>\n<script type=\"application\/ld+json\" class=\"yoast-schema-graph\">{\"@context\":\"https:\/\/schema.org\",\"@graph\":[{\"@type\":\"WebPage\",\"@id\":\"https:\/\/naturalstone.af\/ranzikhil-marble-quarry\/\",\"url\":\"https:\/\/naturalstone.af\/ranzikhil-marble-quarry\/\",\"name\":\"Ranzikhil Marble Quarry - Natural Stone Company\",\"isPartOf\":{\"@id\":\"https:\/\/naturalstone.af\/#website\"},\"datePublished\":\"2020-07-18T14:09:24+00:00\",\"dateModified\":\"2021-01-15T17:06:34+00:00\",\"breadcrumb\":{\"@id\":\"https:\/\/naturalstone.af\/ranzikhil-marble-quarry\/#breadcrumb\"},\"inLanguage\":\"fr-FR\",\"potentialAction\":[{\"@type\":\"ReadAction\",\"target\":[\"https:\/\/naturalstone.af\/ranzikhil-marble-quarry\/\"]}]},{\"@type\":\"BreadcrumbList\",\"@id\":\"https:\/\/naturalstone.af\/ranzikhil-marble-quarry\/#breadcrumb\",\"itemListElement\":[{\"@type\":\"ListItem\",\"position\":1,\"name\":\"Home\",\"item\":\"https:\/\/naturalstone.af\/\"},{\"@type\":\"ListItem\",\"position\":2,\"name\":\"Ranzikhil Marble Quarry\"}]},{\"@type\":\"WebSite\",\"@id\":\"https:\/\/naturalstone.af\/#website\",\"url\":\"https:\/\/naturalstone.af\/\",\"name\":\"Natural Stone Company\",\"description\":\"Kush Stone\",\"potentialAction\":[{\"@type\":\"SearchAction\",\"target\":{\"@type\":\"EntryPoint\",\"urlTemplate\":\"https:\/\/naturalstone.af\/?s={search_term_string}\"},\"query-input\":\"required name=search_term_string\"}],\"inLanguage\":\"fr-FR\"}]}<\/script>\n<!-- \/ Yoast SEO plugin. -->","yoast_head_json":{"title":"Ranzikhil Marble Quarry - Natural Stone Company","robots":{"index":"index","follow":"follow","max-snippet":"max-snippet:-1","max-image-preview":"max-image-preview:large","max-video-preview":"max-video-preview:-1"},"canonical":"https:\/\/naturalstone.af\/fr\/ranzikhil-marble-quarry\/","og_locale":"fr_FR","og_type":"article","og_title":"Ranzikhil Marble Quarry - Natural Stone Company","og_description":"MARBLE Ranzikhil Marble Quarry Maidan Wardak Province, Afghanistan The Ranzikhil Marble Quarry is located in the Maidan Wardak province, located 100 kilometers from the Natural Stone Company\u2019s factories in Kabul. The marble formation consists of thick bedded outcrops with each layer offering individual coloration different from the next. The quarry operators use their knowledge and [&hellip;]","og_url":"https:\/\/naturalstone.af\/fr\/ranzikhil-marble-quarry\/","og_site_name":"Natural Stone Company","article_modified_time":"2021-01-15T17:06:34+00:00","og_image":[{"url":"https:\/\/naturalstone.af\/wp-content\/uploads\/2020\/10\/ranzikhail-quarry-stone-1024x766.jpeg"}],"twitter_card":"summary_large_image","twitter_misc":{"Dur\u00e9e de lecture estim\u00e9e":"1 minute"},"schema":{"@context":"https:\/\/schema.org","@graph":[{"@type":"WebPage","@id":"https:\/\/naturalstone.af\/ranzikhil-marble-quarry\/","url":"https:\/\/naturalstone.af\/ranzikhil-marble-quarry\/","name":"Ranzikhil Marble Quarry - Natural Stone Company","isPartOf":{"@id":"https:\/\/naturalstone.af\/#website"},"datePublished":"2020-07-18T14:09:24+00:00","dateModified":"2021-01-15T17:06:34+00:00","breadcrumb":{"@id":"https:\/\/naturalstone.af\/ranzikhil-marble-quarry\/#breadcrumb"},"inLanguage":"fr-FR","potentialAction":[{"@type":"ReadAction","target":["https:\/\/naturalstone.af\/ranzikhil-marble-quarry\/"]}]},{"@type":"BreadcrumbList","@id":"https:\/\/naturalstone.af\/ranzikhil-marble-quarry\/#breadcrumb","itemListElement":[{"@type":"ListItem","position":1,"name":"Home","item":"https:\/\/naturalstone.af\/"},{"@type":"ListItem","position":2,"name":"Ranzikhil Marble Quarry"}]},{"@type":"WebSite","@id":"https:\/\/naturalstone.af\/#website","url":"https:\/\/naturalstone.af\/","name":"Entreprise de pierre naturelle","description":"Kush Stone","potentialAction":[{"@type":"SearchAction","target":{"@type":"EntryPoint","urlTemplate":"https:\/\/naturalstone.af\/?s={search_term_string}"},"query-input":"required name=search_term_string"}],"inLanguage":"fr-FR"}]}},"_links":{"self":[{"href":"https:\/\/naturalstone.af\/fr\/wp-json\/wp\/v2\/pages\/950"}],"collection":[{"href":"https:\/\/naturalstone.af\/fr\/wp-json\/wp\/v2\/pages"}],"about":[{"href":"https:\/\/naturalstone.af\/fr\/wp-json\/wp\/v2\/types\/page"}],"author":[{"embeddable":true,"href":"https:\/\/naturalstone.af\/fr\/wp-json\/wp\/v2\/users\/1"}],"replies":[{"embeddable":true,"href":"https:\/\/naturalstone.af\/fr\/wp-json\/wp\/v2\/comments?post=950"}],"version-history":[{"count":51,"href":"https:\/\/naturalstone.af\/fr\/wp-json\/wp\/v2\/pages\/950\/revisions"}],"predecessor-version":[{"id":3622,"href":"https:\/\/naturalstone.af\/fr\/wp-json\/wp\/v2\/pages\/950\/revisions\/3622"}],"wp:attachment":[{"href":"https:\/\/naturalstone.af\/fr\/wp-json\/wp\/v2\/media?parent=950"}],"curies":[{"name":"wp","href":"https:\/\/api.w.org\/{rel}","templated":true}]}}