{"id":2636,"date":"2020-10-19T16:36:23","date_gmt":"2020-10-19T16:36:23","guid":{"rendered":"https:\/\/naturalstone.af\/?page_id=2636"},"modified":"2021-02-07T13:18:41","modified_gmt":"2021-02-07T19:18:41","slug":"testimonials","status":"publish","type":"page","link":"https:\/\/naturalstone.af\/fr\/testimonials\/","title":{"rendered":"T\u00e9moignages"},"content":{"rendered":"<div data-elementor-type=\"wp-page\" data-elementor-id=\"2636\" class=\"elementor elementor-2636\" data-elementor-post-type=\"page\">\n\t\t\t\t\t\t<section class=\"elementor-section elementor-top-section elementor-element elementor-element-636daf4f elementor-reverse-mobile elementor-section-boxed elementor-section-height-default elementor-section-height-default\" data-id=\"636daf4f\" data-element_type=\"section\" data-settings=\"{&quot;background_background&quot;:&quot;classic&quot;}\">\n\t\t\t\t\t\t\t<div class=\"elementor-background-overlay\"><\/div>\n\t\t\t\t\t\t\t<div class=\"elementor-container elementor-column-gap-default\">\n\t\t\t\t\t<div class=\"elementor-column elementor-col-100 elementor-top-column elementor-element elementor-element-385649b0\" data-id=\"385649b0\" data-element_type=\"column\">\n\t\t\t<div class=\"elementor-widget-wrap elementor-element-populated\">\n\t\t\t\t\t\t<div class=\"elementor-element elementor-element-37b0ef07 elementor-widget elementor-widget-heading\" data-id=\"37b0ef07\" data-element_type=\"widget\" data-widget_type=\"heading.default\">\n\t\t\t\t<div class=\"elementor-widget-container\">\n\t\t\t\t\t<h5 class=\"elementor-heading-title elementor-size-default\">Entreprise de pierre naturelle<\/h5>\t\t\t\t<\/div>\n\t\t\t\t<\/div>\n\t\t\t\t<div class=\"elementor-element elementor-element-18e145b2 animated-slow elementor-invisible elementor-widget elementor-widget-heading\" data-id=\"18e145b2\" data-element_type=\"widget\" data-settings=\"{&quot;_animation&quot;:&quot;fadeIn&quot;,&quot;_animation_delay&quot;:300}\" data-widget_type=\"heading.default\">\n\t\t\t\t<div class=\"elementor-widget-container\">\n\t\t\t\t\t<h1 class=\"elementor-heading-title elementor-size-default\">T\u00e9moignages<\/h1>\t\t\t\t<\/div>\n\t\t\t\t<\/div>\n\t\t\t\t<div class=\"elementor-element elementor-element-abe7428 elementor-widget-divider--separator-type-pattern elementor-widget-divider--no-spacing elementor-widget-divider--view-line elementor-widget elementor-widget-divider\" data-id=\"abe7428\" data-element_type=\"widget\" data-widget_type=\"divider.default\">\n\t\t\t\t<div class=\"elementor-widget-container\">\n\t\t\t\t\t\t\t<div class=\"elementor-divider\" style=\"--divider-pattern-url: url(&quot;data:image\/svg+xml,%3Csvg xmlns=&#039;http:\/\/www.w3.org\/2000\/svg&#039; preserveAspectRatio=&#039;xMidYMid meet&#039; overflow=&#039;visible&#039; height=&#039;100%&#039; viewBox=&#039;0 0 126 26&#039; fill=&#039;black&#039; stroke=&#039;none&#039;%3E%3Cpath d=&#039;M46.8,7.8v11.5L36,18.6V7.8H46.8z M82.4,7.8L84,18.6l-12,0.7L70.4,7.8H82.4z M0,7.8l12,0.9v9.9H1.3L0,7.8z M30,7.8v10.8H19L18,7.8H30z M63.7,7.8L66,18.6H54V9.5L63.7,7.8z M89.8,7L102,7.8v10.8H91.2L89.8,7zM108,7.8l12,0.9v8.9l-12,1V7.8z&#039;\/%3E%3C\/svg%3E&quot;);\">\n\t\t\t<span class=\"elementor-divider-separator\">\n\t\t\t\t\t\t<\/span>\n\t\t<\/div>\n\t\t\t\t\t\t<\/div>\n\t\t\t\t<\/div>\n\t\t\t\t<div class=\"elementor-element elementor-element-29392cc elementor-widget elementor-widget-heading\" data-id=\"29392cc\" data-element_type=\"widget\" data-widget_type=\"heading.default\">\n\t\t\t\t<div class=\"elementor-widget-container\">\n\t\t\t\t\t<h4 class=\"elementor-heading-title elementor-size-default\">Canadian Shield Aggregate Ltd.<\/h4>\t\t\t\t<\/div>\n\t\t\t\t<\/div>\n\t\t\t\t<div class=\"elementor-element elementor-element-7626c99 elementor-widget elementor-widget-heading\" data-id=\"7626c99\" data-element_type=\"widget\" data-widget_type=\"heading.default\">\n\t\t\t\t<div class=\"elementor-widget-container\">\n\t\t\t\t\t<h6 class=\"elementor-heading-title elementor-size-default\">Steve Bigelow, pr\u00e9sident<\/h6>\t\t\t\t<\/div>\n\t\t\t\t<\/div>\n\t\t\t\t<div class=\"elementor-element elementor-element-a2b076d elementor-widget elementor-widget-text-editor\" data-id=\"a2b076d\" data-element_type=\"widget\" data-widget_type=\"text-editor.default\">\n\t\t\t\t<div class=\"elementor-widget-container\">\n\t\t\t\t\t\t\t\t\t<p>J'ai \u00e9t\u00e9 pr\u00e9sent\u00e9 \u00e0 l'\u00e9quipe de Natural Stone Company alors que j'assistais \u00e0 l'exposition de marbre au Rajasthan, en Inde en f\u00e9vrier 2017, et j'ai appris leur projet de cr\u00e9er une usine de fa\u00e7onnage de pierres ornementales moderne et de pointe en Afghanistan et j'ai suivi avec vif int\u00e9r\u00eat, de la phase de conception \u00e0 la r\u00e9alisation, le d\u00e9veloppement et la construction de leurs deux modernes usines de fa\u00e7onnage de dalles et de carreaux situ\u00e9es \u00e0 Kaboul.\n\nEn novembre 2019, j'ai eu l'occasion de visiter le si\u00e8ge social de Natural Stone Company \u00e0 Kaboul et de voir leur nouvelle ligne de production, de discuter de la planification logistique, du marketing et de la pr\u00e9paration commerciale pour le d\u00e9veloppement des ventes sur les march\u00e9s d'exportation. J'ai \u00e9t\u00e9 impressionn\u00e9 par ce que j'ai vu \u00e0 Kaboul concernant la qualit\u00e9 de production que ces deux nouvelles usines de dalles et de carreaux permettront \u00e0 Natural Stone Company.\n\nLa visite des usines m'a permis de toucher directement la situation actuelle et de conna\u00eetre les objectifs et la vision de l'entreprise. La planification et l\u2019attention aux d\u00e9tails sont mis en \u00e9vidence par l'installation de nouvelles machines de fabrication italienne, tr\u00e8s efficaces en termes de rendement \u00e9nerg\u00e9tique et qualit\u00e9 des produits finis. Les infrastructures ont \u00e9t\u00e9 con\u00e7ues et construites avec une attention particuli\u00e8re \u00e0 la s\u00e9curit\u00e9 et au respect de l'environnement. L'impact \u00e9cologique a en effet \u00e9t\u00e9 r\u00e9duit au minimum gr\u00e2ce \u00e0 une gestion \u00e9nerg\u00e9tique moderne des diff\u00e9rentes activit\u00e9s et au recyclage complet des eaux us\u00e9es produite par les diff\u00e9rentes phases de travaux.\n\nLa philosophie de l'entreprise c\u2019est clair en voyant la pr\u00e9paration professionnelle des employ\u00e9s qui a \u00e9t\u00e9 obtenue gr\u00e2ce \u00e0 une formation continue selon les directives modernes afin de cr\u00e9er un environnement de travail orient\u00e9 vers la s\u00e9curit\u00e9 et l'attention \u00e0 la sant\u00e9 professionnelle.\n\nL'ensemble de ces qualit\u00e9s permettra \u00e0 Natural Stone Company de transformer les blocs bruts de marbre, travertin et onyx extraits de ses trois carri\u00e8res en un produit fini, de mani\u00e8re efficace et dans le respect de l'environnement et de la s\u00e9curit\u00e9 au travail. Les consultants internationaux qui travaillent aux c\u00f4t\u00e9s de l'entreprise ont pu confirmer, sur la base des analyses de laboratoire effectu\u00e9es, que les produits en pierre naturelle propos\u00e9s par Natural Stone Company sont comparables aux meilleurs mat\u00e9riaux en pierre sur le march\u00e9 aujourd'hui.\n\nEn raison de son expansion rapide, la soci\u00e9t\u00e9 a assur\u00e9 des services logistiques fiables et \u00e9conomiques afin de permettre l'exp\u00e9dition de ses produits en pierre naturelle vers les march\u00e9s internationaux \u00e0 un co\u00fbt comp\u00e9titif par rapport aux autres entreprises leaders du secteur. Les canaux de stockage et de distribution sont en passe d'\u00eatre mieux d\u00e9finis par la direction.\n\nL'approche professionnelle, les d\u00e9tails de planification, les comp\u00e9tences en gestion et la vision d'entreprise de Natural Stone Company assureront le succ\u00e8s futur de cette entreprise.\n\nL'impression la plus forte que cette visite m'a laiss\u00e9e est de voir les centaines d'emplois qualifi\u00e9s que ces usines de fa\u00e7onnage ont cr\u00e9\u00e9s dans le pays et combien d'autres seront cr\u00e9\u00e9s dans un proche avenir pour la population afghane. \u00c0 mon avis, il s'agit d'un d\u00e9veloppement \u00e9conomique impressionnant pour un pays avec une pr\u00e9sence si riche de ressources naturelles inexplor\u00e9es.\n\n\u00ab Mes plus chaleureuses f\u00e9licitations pour ce qui a d\u00e9j\u00e0 \u00e9t\u00e9 accompli et pour le succ\u00e8s futur \u00e0 tous les membres de l'\u00e9quipe de Natural Stone Company \u00bb.<\/p>\t\t\t\t\t\t\t\t<\/div>\n\t\t\t\t<\/div>\n\t\t\t\t<div class=\"elementor-element elementor-element-77de499 elementor-widget-divider--separator-type-pattern elementor-widget-divider--no-spacing elementor-widget-divider--view-line elementor-widget elementor-widget-divider\" data-id=\"77de499\" data-element_type=\"widget\" data-widget_type=\"divider.default\">\n\t\t\t\t<div class=\"elementor-widget-container\">\n\t\t\t\t\t\t\t<div class=\"elementor-divider\" style=\"--divider-pattern-url: url(&quot;data:image\/svg+xml,%3Csvg xmlns=&#039;http:\/\/www.w3.org\/2000\/svg&#039; preserveAspectRatio=&#039;xMidYMid meet&#039; overflow=&#039;visible&#039; height=&#039;100%&#039; viewBox=&#039;0 0 126 26&#039; fill=&#039;black&#039; stroke=&#039;none&#039;%3E%3Cpath d=&#039;M46.8,7.8v11.5L36,18.6V7.8H46.8z M82.4,7.8L84,18.6l-12,0.7L70.4,7.8H82.4z M0,7.8l12,0.9v9.9H1.3L0,7.8z M30,7.8v10.8H19L18,7.8H30z M63.7,7.8L66,18.6H54V9.5L63.7,7.8z M89.8,7L102,7.8v10.8H91.2L89.8,7zM108,7.8l12,0.9v8.9l-12,1V7.8z&#039;\/%3E%3C\/svg%3E&quot;);\">\n\t\t\t<span class=\"elementor-divider-separator\">\n\t\t\t\t\t\t<\/span>\n\t\t<\/div>\n\t\t\t\t\t\t<\/div>\n\t\t\t\t<\/div>\n\t\t\t\t<div class=\"elementor-element elementor-element-f147b34 elementor-widget elementor-widget-heading\" data-id=\"f147b34\" data-element_type=\"widget\" data-widget_type=\"heading.default\">\n\t\t\t\t<div class=\"elementor-widget-container\">\n\t\t\t\t\t<h4 class=\"elementor-heading-title elementor-size-default\"> doctorat en g\u00e9ologie structurale - Consultant International Dimension Stone<\/h4>\t\t\t\t<\/div>\n\t\t\t\t<\/div>\n\t\t\t\t<div class=\"elementor-element elementor-element-f27b2ab elementor-widget elementor-widget-heading\" data-id=\"f27b2ab\" data-element_type=\"widget\" data-widget_type=\"heading.default\">\n\t\t\t\t<div class=\"elementor-widget-container\">\n\t\t\t\t\t<h6 class=\"elementor-heading-title elementor-size-default\">Dr Piero Bettini<\/h6>\t\t\t\t<\/div>\n\t\t\t\t<\/div>\n\t\t\t\t<div class=\"elementor-element elementor-element-226eddb elementor-widget elementor-widget-text-editor\" data-id=\"226eddb\" data-element_type=\"widget\" data-widget_type=\"text-editor.default\">\n\t\t\t\t<div class=\"elementor-widget-container\">\n\t\t\t\t\t\t\t\t\t<p>Mon premier contact avec le pr\u00e9sident de Natural Stone Company, l\u2019Ing\u00e9nieur Asif Stanekzai, remonte \u00e0 2017. Par la suite, lorsque j'ai rejoint l'\u00e9quipe de DAI sur le projet INVEST \/ Afghanistan, j'ai pu visiter les deux usines de Kaboul en ao\u00fbt 2019. Ce que j'ai vu m'a vraiment surpris: deux grands b\u00e2timents industriels, bien con\u00e7us et rationnellement construits, qui abritent deux lignes italiennes de d\u00e9coupe et de polissage de dalles et de carreaux avec des productions mensuelles remarquables. Un tr\u00e8s grand entrep\u00f4t de blocs \u00e9quip\u00e9 d'un syst\u00e8me de d\u00e9placement de bloc efficace avec un grue portique. Et puis le recyclage des eaux de traitement, ce qui est assez rare dans le pays.\n\nLes mat\u00e9riaux en pierre disponibles, auxquels s'ajoutent d'autres de qualit\u00e9 extraordinaire, ont un calibrage et un polissage parfaits, adapt\u00e9s \u00e0 une vari\u00e9t\u00e9 d'applications dans tous les pays du monde gr\u00e2ce \u00e0 un syst\u00e8me d'emballage et d'exp\u00e9dition moderne et fiable. \n\n\u00ab Je peux donc certainement affirmer, ayant visit\u00e9 le pays depuis 2011 et \u00e9tant personnellement t\u00e9moin du d\u00e9veloppement local de la pierre ornementale, que Natural Stone Company est la seule entreprise en Afghanistan capable d'offrir de grandes quantit\u00e9s de produits finis de haute qualit\u00e9 \u00e0 des niveaux qualitatifs Europ\u00e9ens et \u00e0 des prix tr\u00e8s comp\u00e9titifs. \u00bb<\/p>\t\t\t\t\t\t\t\t<\/div>\n\t\t\t\t<\/div>\n\t\t\t\t\t<\/div>\n\t\t<\/div>\n\t\t\t\t\t<\/div>\n\t\t<\/section>\n\t\t\t\t<\/div>","protected":false},"excerpt":{"rendered":"<p>Natural Stone Company Testimonials Canadian Shield Aggregate Ltd. Steve Bigelow, President I was introduced to the Natural Stone Company management team while attending the Marble Exhibition in Rajasthan, India in February 2017. I listened to their plans to create a state-of-the-art stone processing facility and followed with keen interest, from concept to completion, the development [&hellip;]<\/p>","protected":false},"author":1,"featured_media":0,"parent":0,"menu_order":2,"comment_status":"closed","ping_status":"closed","template":"elementor_header_footer","meta":{"footnotes":""},"yoast_head":"<!-- This site is optimized with the Yoast SEO plugin v21.9 - https:\/\/yoast.com\/wordpress\/plugins\/seo\/ -->\n<title>Testimonials - Natural Stone Company<\/title>\n<meta name=\"robots\" content=\"index, follow, max-snippet:-1, max-image-preview:large, max-video-preview:-1\" \/>\n<link rel=\"canonical\" href=\"https:\/\/naturalstone.af\/fr\/testimonials\/\" \/>\n<meta property=\"og:locale\" content=\"fr_FR\" \/>\n<meta property=\"og:type\" content=\"article\" \/>\n<meta property=\"og:title\" content=\"Testimonials - Natural Stone Company\" \/>\n<meta property=\"og:description\" content=\"Natural Stone Company Testimonials Canadian Shield Aggregate Ltd. Steve Bigelow, President I was introduced to the Natural Stone Company management team while attending the Marble Exhibition in Rajasthan, India in February 2017. I listened to their plans to create a state-of-the-art stone processing facility and followed with keen interest, from concept to completion, the development [&hellip;]\" \/>\n<meta property=\"og:url\" content=\"https:\/\/naturalstone.af\/fr\/testimonials\/\" \/>\n<meta property=\"og:site_name\" content=\"Natural Stone Company\" \/>\n<meta property=\"article:modified_time\" content=\"2021-02-07T19:18:41+00:00\" \/>\n<meta name=\"twitter:card\" content=\"summary_large_image\" \/>\n<meta name=\"twitter:label1\" content=\"Dur\u00e9e de lecture estim\u00e9e\" \/>\n\t<meta name=\"twitter:data1\" content=\"3 minutes\" \/>\n<script type=\"application\/ld+json\" class=\"yoast-schema-graph\">{\"@context\":\"https:\/\/schema.org\",\"@graph\":[{\"@type\":\"WebPage\",\"@id\":\"https:\/\/naturalstone.af\/testimonials\/\",\"url\":\"https:\/\/naturalstone.af\/testimonials\/\",\"name\":\"Testimonials - Natural Stone Company\",\"isPartOf\":{\"@id\":\"https:\/\/naturalstone.af\/#website\"},\"datePublished\":\"2020-10-19T16:36:23+00:00\",\"dateModified\":\"2021-02-07T19:18:41+00:00\",\"breadcrumb\":{\"@id\":\"https:\/\/naturalstone.af\/testimonials\/#breadcrumb\"},\"inLanguage\":\"fr-FR\",\"potentialAction\":[{\"@type\":\"ReadAction\",\"target\":[\"https:\/\/naturalstone.af\/testimonials\/\"]}]},{\"@type\":\"BreadcrumbList\",\"@id\":\"https:\/\/naturalstone.af\/testimonials\/#breadcrumb\",\"itemListElement\":[{\"@type\":\"ListItem\",\"position\":1,\"name\":\"Home\",\"item\":\"https:\/\/naturalstone.af\/\"},{\"@type\":\"ListItem\",\"position\":2,\"name\":\"Testimonials\"}]},{\"@type\":\"WebSite\",\"@id\":\"https:\/\/naturalstone.af\/#website\",\"url\":\"https:\/\/naturalstone.af\/\",\"name\":\"Natural Stone Company\",\"description\":\"Kush Stone\",\"potentialAction\":[{\"@type\":\"SearchAction\",\"target\":{\"@type\":\"EntryPoint\",\"urlTemplate\":\"https:\/\/naturalstone.af\/?s={search_term_string}\"},\"query-input\":\"required name=search_term_string\"}],\"inLanguage\":\"fr-FR\"}]}<\/script>\n<!-- \/ Yoast SEO plugin. -->","yoast_head_json":{"title":"Testimonials - Natural Stone Company","robots":{"index":"index","follow":"follow","max-snippet":"max-snippet:-1","max-image-preview":"max-image-preview:large","max-video-preview":"max-video-preview:-1"},"canonical":"https:\/\/naturalstone.af\/fr\/testimonials\/","og_locale":"fr_FR","og_type":"article","og_title":"Testimonials - Natural Stone Company","og_description":"Natural Stone Company Testimonials Canadian Shield Aggregate Ltd. Steve Bigelow, President I was introduced to the Natural Stone Company management team while attending the Marble Exhibition in Rajasthan, India in February 2017. I listened to their plans to create a state-of-the-art stone processing facility and followed with keen interest, from concept to completion, the development [&hellip;]","og_url":"https:\/\/naturalstone.af\/fr\/testimonials\/","og_site_name":"Natural Stone Company","article_modified_time":"2021-02-07T19:18:41+00:00","twitter_card":"summary_large_image","twitter_misc":{"Dur\u00e9e de lecture estim\u00e9e":"3 minutes"},"schema":{"@context":"https:\/\/schema.org","@graph":[{"@type":"WebPage","@id":"https:\/\/naturalstone.af\/testimonials\/","url":"https:\/\/naturalstone.af\/testimonials\/","name":"Testimonials - Natural Stone Company","isPartOf":{"@id":"https:\/\/naturalstone.af\/#website"},"datePublished":"2020-10-19T16:36:23+00:00","dateModified":"2021-02-07T19:18:41+00:00","breadcrumb":{"@id":"https:\/\/naturalstone.af\/testimonials\/#breadcrumb"},"inLanguage":"fr-FR","potentialAction":[{"@type":"ReadAction","target":["https:\/\/naturalstone.af\/testimonials\/"]}]},{"@type":"BreadcrumbList","@id":"https:\/\/naturalstone.af\/testimonials\/#breadcrumb","itemListElement":[{"@type":"ListItem","position":1,"name":"Home","item":"https:\/\/naturalstone.af\/"},{"@type":"ListItem","position":2,"name":"Testimonials"}]},{"@type":"WebSite","@id":"https:\/\/naturalstone.af\/#website","url":"https:\/\/naturalstone.af\/","name":"Entreprise de pierre naturelle","description":"Kush Stone","potentialAction":[{"@type":"SearchAction","target":{"@type":"EntryPoint","urlTemplate":"https:\/\/naturalstone.af\/?s={search_term_string}"},"query-input":"required name=search_term_string"}],"inLanguage":"fr-FR"}]}},"_links":{"self":[{"href":"https:\/\/naturalstone.af\/fr\/wp-json\/wp\/v2\/pages\/2636"}],"collection":[{"href":"https:\/\/naturalstone.af\/fr\/wp-json\/wp\/v2\/pages"}],"about":[{"href":"https:\/\/naturalstone.af\/fr\/wp-json\/wp\/v2\/types\/page"}],"author":[{"embeddable":true,"href":"https:\/\/naturalstone.af\/fr\/wp-json\/wp\/v2\/users\/1"}],"replies":[{"embeddable":true,"href":"https:\/\/naturalstone.af\/fr\/wp-json\/wp\/v2\/comments?post=2636"}],"version-history":[{"count":46,"href":"https:\/\/naturalstone.af\/fr\/wp-json\/wp\/v2\/pages\/2636\/revisions"}],"predecessor-version":[{"id":3918,"href":"https:\/\/naturalstone.af\/fr\/wp-json\/wp\/v2\/pages\/2636\/revisions\/3918"}],"wp:attachment":[{"href":"https:\/\/naturalstone.af\/fr\/wp-json\/wp\/v2\/media?parent=2636"}],"curies":[{"name":"wp","href":"https:\/\/api.w.org\/{rel}","templated":true}]}}