{"id":2042,"date":"2020-08-26T20:34:54","date_gmt":"2020-08-26T20:34:54","guid":{"rendered":"https:\/\/naturalstone.af\/?page_id=2042"},"modified":"2021-01-15T19:54:02","modified_gmt":"2021-01-15T19:54:02","slug":"onyx-stone","status":"publish","type":"page","link":"https:\/\/naturalstone.af\/fr\/onyx-stone\/","title":{"rendered":"Onyx"},"content":{"rendered":"<div data-elementor-type=\"wp-post\" data-elementor-id=\"2042\" class=\"elementor elementor-2042\" data-elementor-post-type=\"page\">\n\t\t\t\t\t\t<section class=\"elementor-section elementor-top-section elementor-element elementor-element-afa9183 elementor-section-content-middle elementor-section-boxed elementor-section-height-default elementor-section-height-default\" data-id=\"afa9183\" data-element_type=\"section\">\n\t\t\t\t\t\t<div class=\"elementor-container elementor-column-gap-no\">\n\t\t\t\t\t<div class=\"elementor-column elementor-col-50 elementor-top-column elementor-element elementor-element-35f65d4\" data-id=\"35f65d4\" data-element_type=\"column\">\n\t\t\t<div class=\"elementor-widget-wrap elementor-element-populated\">\n\t\t\t\t\t\t<div class=\"elementor-element elementor-element-93f9641 elementor-widget elementor-widget-heading\" data-id=\"93f9641\" data-element_type=\"widget\" data-widget_type=\"heading.default\">\n\t\t\t\t<div class=\"elementor-widget-container\">\n\t\t\t\t\t<h5 class=\"elementor-heading-title elementor-size-default\">Kush Stone<\/h5>\t\t\t\t<\/div>\n\t\t\t\t<\/div>\n\t\t\t\t<div class=\"elementor-element elementor-element-c2b1f4c animated-slow elementor-invisible elementor-widget elementor-widget-heading\" data-id=\"c2b1f4c\" data-element_type=\"widget\" data-settings=\"{&quot;_animation&quot;:&quot;fadeIn&quot;,&quot;_animation_delay&quot;:300}\" data-widget_type=\"heading.default\">\n\t\t\t\t<div class=\"elementor-widget-container\">\n\t\t\t\t\t<h1 class=\"elementor-heading-title elementor-size-default\">Onyx<\/h1>\t\t\t\t<\/div>\n\t\t\t\t<\/div>\n\t\t\t\t<div class=\"elementor-element elementor-element-76a79c10 elementor-widget elementor-widget-text-editor\" data-id=\"76a79c10\" data-element_type=\"widget\" data-widget_type=\"text-editor.default\">\n\t\t\t\t<div class=\"elementor-widget-container\">\n\t\t\t\t\t\t\t\t\t<p>Natural Stone Company disposera bient\u00f4t de son propre d\u00e9p\u00f4t d\u2019onyx, ajoutant ainsi un nouveau et beau mat\u00e9riau, avec une couleur tr\u00e8s particuli\u00e8re, \u00e0 la gamme de produits Kush Stone. L'onyx afghan se distingue par sa texture exceptionnellement fine et pour sa translucidit\u00e9, une caract\u00e9ristique consid\u00e9r\u00e9e comme synonyme de luxe et de raffinement depuis l'Antiquit\u00e9. \u00c0 contre-jour, cet onyx est capable de cr\u00e9er un environnement magique et fascinant.<\/p>\t\t\t\t\t\t\t\t<\/div>\n\t\t\t\t<\/div>\n\t\t\t\t\t<\/div>\n\t\t<\/div>\n\t\t\t\t<div class=\"elementor-column elementor-col-50 elementor-top-column elementor-element elementor-element-0e908aa\" data-id=\"0e908aa\" data-element_type=\"column\">\n\t\t\t<div class=\"elementor-widget-wrap elementor-element-populated\">\n\t\t\t\t\t\t<div class=\"elementor-element elementor-element-88a3303 elementor-widget elementor-widget-image\" data-id=\"88a3303\" data-element_type=\"widget\" data-widget_type=\"image.default\">\n\t\t\t\t<div class=\"elementor-widget-container\">\n\t\t\t\t\t\t\t\t\t\t\t\t\t\t\t\t<a href=\"https:\/\/naturalstone.af\/wp-content\/uploads\/2020\/10\/ONYX-TRANSLUCENT.jpg\" data-elementor-open-lightbox=\"yes\" data-elementor-lightbox-title=\"ONYX-TRANSLUCENT\" data-e-action-hash=\"#elementor-action%3Aaction%3Dlightbox%26settings%3DeyJpZCI6MjYzMCwidXJsIjoiaHR0cHM6XC9cL25hdHVyYWxzdG9uZS5hZlwvd3AtY29udGVudFwvdXBsb2Fkc1wvMjAyMFwvMTBcL09OWVgtVFJBTlNMVUNFTlQuanBnIn0%3D\">\n\t\t\t\t\t\t\t<img fetchpriority=\"high\" decoding=\"async\" width=\"768\" height=\"768\" src=\"https:\/\/naturalstone.af\/wp-content\/uploads\/2020\/10\/ONYX-TRANSLUCENT-768x768.jpg\" class=\"attachment-medium_large size-medium_large wp-image-2630\" alt=\"\" srcset=\"https:\/\/naturalstone.af\/wp-content\/uploads\/2020\/10\/ONYX-TRANSLUCENT-768x768.jpg 768w, https:\/\/naturalstone.af\/wp-content\/uploads\/2020\/10\/ONYX-TRANSLUCENT-300x300.jpg 300w, https:\/\/naturalstone.af\/wp-content\/uploads\/2020\/10\/ONYX-TRANSLUCENT-150x150.jpg 150w, https:\/\/naturalstone.af\/wp-content\/uploads\/2020\/10\/ONYX-TRANSLUCENT.jpg 800w\" sizes=\"(max-width: 768px) 100vw, 768px\" \/>\t\t\t\t\t\t\t\t<\/a>\n\t\t\t\t\t\t\t\t\t\t\t\t\t\t\t<\/div>\n\t\t\t\t<\/div>\n\t\t\t\t\t<\/div>\n\t\t<\/div>\n\t\t\t\t\t<\/div>\n\t\t<\/section>\n\t\t\t\t<\/div>","protected":false},"excerpt":{"rendered":"<p>Kush Stone Onyx The Natural Stone Company will have an onyx deposit in the future, and it will be an extremely popular addition to the Kush Stone product lines. The Kush Stone onyx will be a different color. The Afghanistan onyx is exceptionally fine-grained and translucent. Translucent onyx has long been considered a symbol of [&hellip;]<\/p>","protected":false},"author":1,"featured_media":0,"parent":0,"menu_order":6,"comment_status":"closed","ping_status":"closed","template":"elementor_header_footer","meta":{"footnotes":""},"yoast_head":"<!-- This site is optimized with the Yoast SEO plugin v21.9 - https:\/\/yoast.com\/wordpress\/plugins\/seo\/ -->\n<title>Onyx - Natural Stone Company<\/title>\n<meta name=\"robots\" content=\"index, follow, max-snippet:-1, max-image-preview:large, max-video-preview:-1\" \/>\n<link rel=\"canonical\" href=\"https:\/\/naturalstone.af\/fr\/onyx-stone\/\" \/>\n<meta property=\"og:locale\" content=\"fr_FR\" \/>\n<meta property=\"og:type\" content=\"article\" \/>\n<meta property=\"og:title\" content=\"Onyx - Natural Stone Company\" \/>\n<meta property=\"og:description\" content=\"Kush Stone Onyx The Natural Stone Company will have an onyx deposit in the future, and it will be an extremely popular addition to the Kush Stone product lines. The Kush Stone onyx will be a different color. The Afghanistan onyx is exceptionally fine-grained and translucent. Translucent onyx has long been considered a symbol of [&hellip;]\" \/>\n<meta property=\"og:url\" content=\"https:\/\/naturalstone.af\/fr\/onyx-stone\/\" \/>\n<meta property=\"og:site_name\" content=\"Natural Stone Company\" \/>\n<meta property=\"article:modified_time\" content=\"2021-01-15T19:54:02+00:00\" \/>\n<meta property=\"og:image\" content=\"https:\/\/naturalstone.af\/wp-content\/uploads\/2020\/10\/ONYX-TRANSLUCENT-768x768.jpg\" \/>\n<meta name=\"twitter:card\" content=\"summary_large_image\" \/>\n<script type=\"application\/ld+json\" class=\"yoast-schema-graph\">{\"@context\":\"https:\/\/schema.org\",\"@graph\":[{\"@type\":\"WebPage\",\"@id\":\"https:\/\/naturalstone.af\/onyx-stone\/\",\"url\":\"https:\/\/naturalstone.af\/onyx-stone\/\",\"name\":\"Onyx - Natural Stone Company\",\"isPartOf\":{\"@id\":\"https:\/\/naturalstone.af\/#website\"},\"datePublished\":\"2020-08-26T20:34:54+00:00\",\"dateModified\":\"2021-01-15T19:54:02+00:00\",\"breadcrumb\":{\"@id\":\"https:\/\/naturalstone.af\/onyx-stone\/#breadcrumb\"},\"inLanguage\":\"fr-FR\",\"potentialAction\":[{\"@type\":\"ReadAction\",\"target\":[\"https:\/\/naturalstone.af\/onyx-stone\/\"]}]},{\"@type\":\"BreadcrumbList\",\"@id\":\"https:\/\/naturalstone.af\/onyx-stone\/#breadcrumb\",\"itemListElement\":[{\"@type\":\"ListItem\",\"position\":1,\"name\":\"Home\",\"item\":\"https:\/\/naturalstone.af\/\"},{\"@type\":\"ListItem\",\"position\":2,\"name\":\"Onyx\"}]},{\"@type\":\"WebSite\",\"@id\":\"https:\/\/naturalstone.af\/#website\",\"url\":\"https:\/\/naturalstone.af\/\",\"name\":\"Natural Stone Company\",\"description\":\"Kush Stone\",\"potentialAction\":[{\"@type\":\"SearchAction\",\"target\":{\"@type\":\"EntryPoint\",\"urlTemplate\":\"https:\/\/naturalstone.af\/?s={search_term_string}\"},\"query-input\":\"required name=search_term_string\"}],\"inLanguage\":\"fr-FR\"}]}<\/script>\n<!-- \/ Yoast SEO plugin. -->","yoast_head_json":{"title":"Onyx - Natural Stone Company","robots":{"index":"index","follow":"follow","max-snippet":"max-snippet:-1","max-image-preview":"max-image-preview:large","max-video-preview":"max-video-preview:-1"},"canonical":"https:\/\/naturalstone.af\/fr\/onyx-stone\/","og_locale":"fr_FR","og_type":"article","og_title":"Onyx - Natural Stone Company","og_description":"Kush Stone Onyx The Natural Stone Company will have an onyx deposit in the future, and it will be an extremely popular addition to the Kush Stone product lines. The Kush Stone onyx will be a different color. The Afghanistan onyx is exceptionally fine-grained and translucent. Translucent onyx has long been considered a symbol of [&hellip;]","og_url":"https:\/\/naturalstone.af\/fr\/onyx-stone\/","og_site_name":"Natural Stone Company","article_modified_time":"2021-01-15T19:54:02+00:00","og_image":[{"url":"https:\/\/naturalstone.af\/wp-content\/uploads\/2020\/10\/ONYX-TRANSLUCENT-768x768.jpg"}],"twitter_card":"summary_large_image","schema":{"@context":"https:\/\/schema.org","@graph":[{"@type":"WebPage","@id":"https:\/\/naturalstone.af\/onyx-stone\/","url":"https:\/\/naturalstone.af\/onyx-stone\/","name":"Onyx - Natural Stone Company","isPartOf":{"@id":"https:\/\/naturalstone.af\/#website"},"datePublished":"2020-08-26T20:34:54+00:00","dateModified":"2021-01-15T19:54:02+00:00","breadcrumb":{"@id":"https:\/\/naturalstone.af\/onyx-stone\/#breadcrumb"},"inLanguage":"fr-FR","potentialAction":[{"@type":"ReadAction","target":["https:\/\/naturalstone.af\/onyx-stone\/"]}]},{"@type":"BreadcrumbList","@id":"https:\/\/naturalstone.af\/onyx-stone\/#breadcrumb","itemListElement":[{"@type":"ListItem","position":1,"name":"Home","item":"https:\/\/naturalstone.af\/"},{"@type":"ListItem","position":2,"name":"Onyx"}]},{"@type":"WebSite","@id":"https:\/\/naturalstone.af\/#website","url":"https:\/\/naturalstone.af\/","name":"Entreprise de pierre naturelle","description":"Kush Stone","potentialAction":[{"@type":"SearchAction","target":{"@type":"EntryPoint","urlTemplate":"https:\/\/naturalstone.af\/?s={search_term_string}"},"query-input":"required name=search_term_string"}],"inLanguage":"fr-FR"}]}},"_links":{"self":[{"href":"https:\/\/naturalstone.af\/fr\/wp-json\/wp\/v2\/pages\/2042"}],"collection":[{"href":"https:\/\/naturalstone.af\/fr\/wp-json\/wp\/v2\/pages"}],"about":[{"href":"https:\/\/naturalstone.af\/fr\/wp-json\/wp\/v2\/types\/page"}],"author":[{"embeddable":true,"href":"https:\/\/naturalstone.af\/fr\/wp-json\/wp\/v2\/users\/1"}],"replies":[{"embeddable":true,"href":"https:\/\/naturalstone.af\/fr\/wp-json\/wp\/v2\/comments?post=2042"}],"version-history":[{"count":54,"href":"https:\/\/naturalstone.af\/fr\/wp-json\/wp\/v2\/pages\/2042\/revisions"}],"predecessor-version":[{"id":3665,"href":"https:\/\/naturalstone.af\/fr\/wp-json\/wp\/v2\/pages\/2042\/revisions\/3665"}],"wp:attachment":[{"href":"https:\/\/naturalstone.af\/fr\/wp-json\/wp\/v2\/media?parent=2042"}],"curies":[{"name":"wp","href":"https:\/\/api.w.org\/{rel}","templated":true}]}}