{"id":2039,"date":"2020-08-26T20:32:29","date_gmt":"2020-08-26T20:32:29","guid":{"rendered":"https:\/\/naturalstone.af\/?page_id=2039"},"modified":"2024-01-24T10:26:06","modified_gmt":"2024-01-24T16:26:06","slug":"travertine-stone","status":"publish","type":"page","link":"https:\/\/naturalstone.af\/fr\/travertine-stone\/","title":{"rendered":"Travertin"},"content":{"rendered":"<div data-elementor-type=\"wp-post\" data-elementor-id=\"2039\" class=\"elementor elementor-2039\" data-elementor-post-type=\"page\">\n\t\t\t\t\t\t<section class=\"elementor-section elementor-top-section elementor-element elementor-element-c189bb5 elementor-section-content-middle elementor-section-boxed elementor-section-height-default elementor-section-height-default\" data-id=\"c189bb5\" data-element_type=\"section\">\n\t\t\t\t\t\t<div class=\"elementor-container elementor-column-gap-no\">\n\t\t\t\t\t<div class=\"elementor-column elementor-col-50 elementor-top-column elementor-element elementor-element-46a20b5\" data-id=\"46a20b5\" data-element_type=\"column\">\n\t\t\t<div class=\"elementor-widget-wrap elementor-element-populated\">\n\t\t\t\t\t\t<div class=\"elementor-element elementor-element-2082274 elementor-widget elementor-widget-heading\" data-id=\"2082274\" data-element_type=\"widget\" data-widget_type=\"heading.default\">\n\t\t\t\t<div class=\"elementor-widget-container\">\n\t\t\t\t\t<h5 class=\"elementor-heading-title elementor-size-default\">Kush Stone<\/h5>\t\t\t\t<\/div>\n\t\t\t\t<\/div>\n\t\t\t\t<div class=\"elementor-element elementor-element-16a768e animated-slow elementor-invisible elementor-widget elementor-widget-heading\" data-id=\"16a768e\" data-element_type=\"widget\" data-settings=\"{&quot;_animation&quot;:&quot;fadeIn&quot;,&quot;_animation_delay&quot;:300}\" data-widget_type=\"heading.default\">\n\t\t\t\t<div class=\"elementor-widget-container\">\n\t\t\t\t\t<h1 class=\"elementor-heading-title elementor-size-default\">Travertin<\/h1>\t\t\t\t<\/div>\n\t\t\t\t<\/div>\n\t\t\t\t<div class=\"elementor-element elementor-element-5d67f4d elementor-widget elementor-widget-text-editor\" data-id=\"5d67f4d\" data-element_type=\"widget\" data-widget_type=\"text-editor.default\">\n\t\t\t\t<div class=\"elementor-widget-container\">\n\t\t\t\t\t\t\t\t\t<p>The Natural Stone Company\u2019s travertine deposit is from a newly acquired reserve in Afghanistan which is currently under extractive and development. This travertine is exceptionally fine grained and will be an extremely popular addition to the Kush Stone product lines.\u00a0<\/p><p>Les couleurs de ce travertin vont du blanc classique au cr\u00e8me avec une variation d'accents de couleur claire et fonc\u00e9e. Ces veines plus fonc\u00e9es ont \u00e9t\u00e9 cr\u00e9\u00e9es par l'oxydation min\u00e9rale qui s'est produite lors de la formation et de la diagen\u00e8se du d\u00e9p\u00f4t.<\/p><p>La pr\u00e9sence de carbonate de calcium et l&#039;histoire g\u00e9ologique unique du gisement de travertin de Lolanj rendent cette pierre exceptionnellement durable et r\u00e9sistante aux intemp\u00e9ries. Cette pierre est un excellent choix pour une utilisation dans les applications de b\u00e2timent int\u00e9rieures et ext\u00e9rieures. Le travertin Kush Stone est une alternative pratique pour une utilisation dans les sols, les escaliers et les colonnes architecturales, ainsi qu&#039;un excellent rev\u00eatement de surface en pierre dans la conception de salles de bains, de cuisines et de piscines. La Natural Stone Company d\u00e9terminera la variation de couleur et la qualit\u00e9 du travertin une fois l&#039;exploration termin\u00e9e.<\/p>\t\t\t\t\t\t\t\t<\/div>\n\t\t\t\t<\/div>\n\t\t\t\t\t<\/div>\n\t\t<\/div>\n\t\t\t\t<div class=\"elementor-column elementor-col-50 elementor-top-column elementor-element elementor-element-350d60f\" data-id=\"350d60f\" data-element_type=\"column\">\n\t\t\t<div class=\"elementor-widget-wrap elementor-element-populated\">\n\t\t\t\t\t\t<div class=\"elementor-element elementor-element-a6e6f19 elementor-widget elementor-widget-image\" data-id=\"a6e6f19\" data-element_type=\"widget\" data-widget_type=\"image.default\">\n\t\t\t\t<div class=\"elementor-widget-container\">\n\t\t\t\t\t\t\t\t\t\t\t\t\t\t\t\t<a href=\"https:\/\/naturalstone.af\/wp-content\/uploads\/2024\/01\/IMG_0519.jpg\" data-elementor-open-lightbox=\"yes\" data-elementor-lightbox-title=\"IMG_0519\" data-e-action-hash=\"#elementor-action%3Aaction%3Dlightbox%26settings%3DeyJpZCI6Mzk1MywidXJsIjoiaHR0cHM6XC9cL25hdHVyYWxzdG9uZS5hZlwvd3AtY29udGVudFwvdXBsb2Fkc1wvMjAyNFwvMDFcL0lNR18wNTE5LmpwZyJ9\">\n\t\t\t\t\t\t\t<img fetchpriority=\"high\" decoding=\"async\" width=\"768\" height=\"512\" src=\"https:\/\/naturalstone.af\/wp-content\/uploads\/2024\/01\/IMG_0519-768x512.jpg\" class=\"attachment-medium_large size-medium_large wp-image-3953\" alt=\"\" srcset=\"https:\/\/naturalstone.af\/wp-content\/uploads\/2024\/01\/IMG_0519-768x512.jpg 768w, https:\/\/naturalstone.af\/wp-content\/uploads\/2024\/01\/IMG_0519-300x200.jpg 300w, https:\/\/naturalstone.af\/wp-content\/uploads\/2024\/01\/IMG_0519-18x12.jpg 18w, https:\/\/naturalstone.af\/wp-content\/uploads\/2024\/01\/IMG_0519.jpg 1000w\" sizes=\"(max-width: 768px) 100vw, 768px\" \/>\t\t\t\t\t\t\t\t<\/a>\n\t\t\t\t\t\t\t\t\t\t\t\t\t\t\t<\/div>\n\t\t\t\t<\/div>\n\t\t\t\t<div class=\"elementor-element elementor-element-72a0b6a elementor-widget elementor-widget-image\" data-id=\"72a0b6a\" data-element_type=\"widget\" data-widget_type=\"image.default\">\n\t\t\t\t<div class=\"elementor-widget-container\">\n\t\t\t\t\t\t\t\t\t\t\t\t\t\t\t\t<a href=\"https:\/\/naturalstone.af\/wp-content\/uploads\/2024\/01\/IMG_0475.jpg\" data-elementor-open-lightbox=\"yes\" data-elementor-lightbox-title=\"IMG_0475\" data-e-action-hash=\"#elementor-action%3Aaction%3Dlightbox%26settings%3DeyJpZCI6Mzk1NCwidXJsIjoiaHR0cHM6XC9cL25hdHVyYWxzdG9uZS5hZlwvd3AtY29udGVudFwvdXBsb2Fkc1wvMjAyNFwvMDFcL0lNR18wNDc1LmpwZyJ9\">\n\t\t\t\t\t\t\t<img decoding=\"async\" width=\"768\" height=\"512\" data-src=\"https:\/\/naturalstone.af\/wp-content\/uploads\/2024\/01\/IMG_0475-768x512.jpg\" class=\"attachment-medium_large size-medium_large wp-image-3954 lazyload\" alt=\"\" data-srcset=\"https:\/\/naturalstone.af\/wp-content\/uploads\/2024\/01\/IMG_0475-768x512.jpg 768w, https:\/\/naturalstone.af\/wp-content\/uploads\/2024\/01\/IMG_0475-300x200.jpg 300w, https:\/\/naturalstone.af\/wp-content\/uploads\/2024\/01\/IMG_0475-18x12.jpg 18w, https:\/\/naturalstone.af\/wp-content\/uploads\/2024\/01\/IMG_0475.jpg 1000w\" data-sizes=\"(max-width: 768px) 100vw, 768px\" src=\"data:image\/svg+xml;base64,PHN2ZyB3aWR0aD0iMSIgaGVpZ2h0PSIxIiB4bWxucz0iaHR0cDovL3d3dy53My5vcmcvMjAwMC9zdmciPjwvc3ZnPg==\" style=\"--smush-placeholder-width: 768px; --smush-placeholder-aspect-ratio: 768\/512;\" \/>\t\t\t\t\t\t\t\t<\/a>\n\t\t\t\t\t\t\t\t\t\t\t\t\t\t\t<\/div>\n\t\t\t\t<\/div>\n\t\t\t\t\t<\/div>\n\t\t<\/div>\n\t\t\t\t\t<\/div>\n\t\t<\/section>\n\t\t\t\t<\/div>","protected":false},"excerpt":{"rendered":"<p>Kush Stone Travertine The Natural Stone Company\u2019s travertine deposit is from a newly acquired reserve in Afghanistan which is currently under extractive and development. This travertine is exceptionally fine grained and will be an extremely popular addition to the Kush Stone product lines.\u00a0 Colors of the travertine stone vary from white to honey with a [&hellip;]<\/p>","protected":false},"author":1,"featured_media":0,"parent":0,"menu_order":6,"comment_status":"closed","ping_status":"closed","template":"elementor_header_footer","meta":{"footnotes":""},"yoast_head":"<!-- This site is optimized with the Yoast SEO plugin v21.9 - https:\/\/yoast.com\/wordpress\/plugins\/seo\/ -->\n<title>Travertine - Natural Stone Company<\/title>\n<meta name=\"robots\" content=\"index, follow, max-snippet:-1, max-image-preview:large, max-video-preview:-1\" \/>\n<link rel=\"canonical\" href=\"https:\/\/naturalstone.af\/fr\/travertine-stone\/\" \/>\n<meta property=\"og:locale\" content=\"fr_FR\" \/>\n<meta property=\"og:type\" content=\"article\" \/>\n<meta property=\"og:title\" content=\"Travertine - Natural Stone Company\" \/>\n<meta property=\"og:description\" content=\"Kush Stone Travertine The Natural Stone Company\u2019s travertine deposit is from a newly acquired reserve in Afghanistan which is currently under extractive and development. This travertine is exceptionally fine grained and will be an extremely popular addition to the Kush Stone product lines.\u00a0 Colors of the travertine stone vary from white to honey with a [&hellip;]\" \/>\n<meta property=\"og:url\" content=\"https:\/\/naturalstone.af\/fr\/travertine-stone\/\" \/>\n<meta property=\"og:site_name\" content=\"Natural Stone Company\" \/>\n<meta property=\"article:modified_time\" content=\"2024-01-24T16:26:06+00:00\" \/>\n<meta property=\"og:image\" content=\"https:\/\/naturalstone.af\/wp-content\/uploads\/2024\/01\/IMG_0519-768x512.jpg\" \/>\n<meta name=\"twitter:card\" content=\"summary_large_image\" \/>\n<meta name=\"twitter:label1\" content=\"Dur\u00e9e de lecture estim\u00e9e\" \/>\n\t<meta name=\"twitter:data1\" content=\"2 minutes\" \/>\n<script type=\"application\/ld+json\" class=\"yoast-schema-graph\">{\"@context\":\"https:\/\/schema.org\",\"@graph\":[{\"@type\":\"WebPage\",\"@id\":\"https:\/\/naturalstone.af\/travertine-stone\/\",\"url\":\"https:\/\/naturalstone.af\/travertine-stone\/\",\"name\":\"Travertine - Natural Stone Company\",\"isPartOf\":{\"@id\":\"https:\/\/naturalstone.af\/#website\"},\"datePublished\":\"2020-08-26T20:32:29+00:00\",\"dateModified\":\"2024-01-24T16:26:06+00:00\",\"breadcrumb\":{\"@id\":\"https:\/\/naturalstone.af\/travertine-stone\/#breadcrumb\"},\"inLanguage\":\"fr-FR\",\"potentialAction\":[{\"@type\":\"ReadAction\",\"target\":[\"https:\/\/naturalstone.af\/travertine-stone\/\"]}]},{\"@type\":\"BreadcrumbList\",\"@id\":\"https:\/\/naturalstone.af\/travertine-stone\/#breadcrumb\",\"itemListElement\":[{\"@type\":\"ListItem\",\"position\":1,\"name\":\"Home\",\"item\":\"https:\/\/naturalstone.af\/\"},{\"@type\":\"ListItem\",\"position\":2,\"name\":\"Travertine\"}]},{\"@type\":\"WebSite\",\"@id\":\"https:\/\/naturalstone.af\/#website\",\"url\":\"https:\/\/naturalstone.af\/\",\"name\":\"Natural Stone Company\",\"description\":\"Kush Stone\",\"potentialAction\":[{\"@type\":\"SearchAction\",\"target\":{\"@type\":\"EntryPoint\",\"urlTemplate\":\"https:\/\/naturalstone.af\/?s={search_term_string}\"},\"query-input\":\"required name=search_term_string\"}],\"inLanguage\":\"fr-FR\"}]}<\/script>\n<!-- \/ Yoast SEO plugin. -->","yoast_head_json":{"title":"Travertine - Natural Stone Company","robots":{"index":"index","follow":"follow","max-snippet":"max-snippet:-1","max-image-preview":"max-image-preview:large","max-video-preview":"max-video-preview:-1"},"canonical":"https:\/\/naturalstone.af\/fr\/travertine-stone\/","og_locale":"fr_FR","og_type":"article","og_title":"Travertine - Natural Stone Company","og_description":"Kush Stone Travertine The Natural Stone Company\u2019s travertine deposit is from a newly acquired reserve in Afghanistan which is currently under extractive and development. This travertine is exceptionally fine grained and will be an extremely popular addition to the Kush Stone product lines.\u00a0 Colors of the travertine stone vary from white to honey with a [&hellip;]","og_url":"https:\/\/naturalstone.af\/fr\/travertine-stone\/","og_site_name":"Natural Stone Company","article_modified_time":"2024-01-24T16:26:06+00:00","og_image":[{"url":"https:\/\/naturalstone.af\/wp-content\/uploads\/2024\/01\/IMG_0519-768x512.jpg"}],"twitter_card":"summary_large_image","twitter_misc":{"Dur\u00e9e de lecture estim\u00e9e":"2 minutes"},"schema":{"@context":"https:\/\/schema.org","@graph":[{"@type":"WebPage","@id":"https:\/\/naturalstone.af\/travertine-stone\/","url":"https:\/\/naturalstone.af\/travertine-stone\/","name":"Travertine - Natural Stone Company","isPartOf":{"@id":"https:\/\/naturalstone.af\/#website"},"datePublished":"2020-08-26T20:32:29+00:00","dateModified":"2024-01-24T16:26:06+00:00","breadcrumb":{"@id":"https:\/\/naturalstone.af\/travertine-stone\/#breadcrumb"},"inLanguage":"fr-FR","potentialAction":[{"@type":"ReadAction","target":["https:\/\/naturalstone.af\/travertine-stone\/"]}]},{"@type":"BreadcrumbList","@id":"https:\/\/naturalstone.af\/travertine-stone\/#breadcrumb","itemListElement":[{"@type":"ListItem","position":1,"name":"Home","item":"https:\/\/naturalstone.af\/"},{"@type":"ListItem","position":2,"name":"Travertine"}]},{"@type":"WebSite","@id":"https:\/\/naturalstone.af\/#website","url":"https:\/\/naturalstone.af\/","name":"Entreprise de pierre naturelle","description":"Kush Stone","potentialAction":[{"@type":"SearchAction","target":{"@type":"EntryPoint","urlTemplate":"https:\/\/naturalstone.af\/?s={search_term_string}"},"query-input":"required name=search_term_string"}],"inLanguage":"fr-FR"}]}},"_links":{"self":[{"href":"https:\/\/naturalstone.af\/fr\/wp-json\/wp\/v2\/pages\/2039"}],"collection":[{"href":"https:\/\/naturalstone.af\/fr\/wp-json\/wp\/v2\/pages"}],"about":[{"href":"https:\/\/naturalstone.af\/fr\/wp-json\/wp\/v2\/types\/page"}],"author":[{"embeddable":true,"href":"https:\/\/naturalstone.af\/fr\/wp-json\/wp\/v2\/users\/1"}],"replies":[{"embeddable":true,"href":"https:\/\/naturalstone.af\/fr\/wp-json\/wp\/v2\/comments?post=2039"}],"version-history":[{"count":67,"href":"https:\/\/naturalstone.af\/fr\/wp-json\/wp\/v2\/pages\/2039\/revisions"}],"predecessor-version":[{"id":3957,"href":"https:\/\/naturalstone.af\/fr\/wp-json\/wp\/v2\/pages\/2039\/revisions\/3957"}],"wp:attachment":[{"href":"https:\/\/naturalstone.af\/fr\/wp-json\/wp\/v2\/media?parent=2039"}],"curies":[{"name":"wp","href":"https:\/\/api.w.org\/{rel}","templated":true}]}}