{"id":1321,"date":"2020-07-21T23:48:50","date_gmt":"2020-07-21T23:48:50","guid":{"rendered":"https:\/\/naturalstone.af\/?page_id=1321"},"modified":"2021-01-15T17:05:24","modified_gmt":"2021-01-15T17:05:24","slug":"pol-e-charkhi-factory","status":"publish","type":"page","link":"https:\/\/naturalstone.af\/fr\/pol-e-charkhi-factory\/","title":{"rendered":"Pol-E-Charkhi Factory"},"content":{"rendered":"<div data-elementor-type=\"wp-page\" data-elementor-id=\"1321\" class=\"elementor elementor-1321\" data-elementor-post-type=\"page\">\n\t\t\t\t\t\t<section class=\"elementor-section elementor-top-section elementor-element elementor-element-568fd773 elementor-section-boxed elementor-section-height-default elementor-section-height-default\" data-id=\"568fd773\" data-element_type=\"section\" data-settings=\"{&quot;background_background&quot;:&quot;classic&quot;}\">\n\t\t\t\t\t\t\t<div class=\"elementor-background-overlay\"><\/div>\n\t\t\t\t\t\t\t<div class=\"elementor-container elementor-column-gap-wide\">\n\t\t\t\t\t<div class=\"elementor-column elementor-col-100 elementor-top-column elementor-element elementor-element-3fd8ee2\" data-id=\"3fd8ee2\" data-element_type=\"column\">\n\t\t\t<div class=\"elementor-widget-wrap elementor-element-populated\">\n\t\t\t\t\t\t<div class=\"elementor-element elementor-element-1f9fa24e elementor-widget elementor-widget-heading\" data-id=\"1f9fa24e\" data-element_type=\"widget\" data-widget_type=\"heading.default\">\n\t\t\t\t<div class=\"elementor-widget-container\">\n\t\t\t\t\t<h5 class=\"elementor-heading-title elementor-size-default\">USINE<\/h5>\t\t\t\t<\/div>\n\t\t\t\t<\/div>\n\t\t\t\t<div class=\"elementor-element elementor-element-47f316d0 elementor-widget elementor-widget-heading\" data-id=\"47f316d0\" data-element_type=\"widget\" data-widget_type=\"heading.default\">\n\t\t\t\t<div class=\"elementor-widget-container\">\n\t\t\t\t\t<h1 class=\"elementor-heading-title elementor-size-default\">Parc industriel Pol-E-Charkhi<\/h1>\t\t\t\t<\/div>\n\t\t\t\t<\/div>\n\t\t\t\t<div class=\"elementor-element elementor-element-0419c35 elementor-widget elementor-widget-text-editor\" data-id=\"0419c35\" data-element_type=\"widget\" data-widget_type=\"text-editor.default\">\n\t\t\t\t<div class=\"elementor-widget-container\">\n\t\t\t\t\t\t\t\t\t<p><strong>Kaboul, Afghanistan<\/strong><\/p>\t\t\t\t\t\t\t\t<\/div>\n\t\t\t\t<\/div>\n\t\t\t\t<div class=\"elementor-element elementor-element-1ecb8f66 elementor-widget elementor-widget-text-editor\" data-id=\"1ecb8f66\" data-element_type=\"widget\" data-widget_type=\"text-editor.default\">\n\t\t\t\t<div class=\"elementor-widget-container\">\n\t\t\t\t\t\t\t\t\t<p>Cette usine de fa\u00e7onnage a \u00e9t\u00e9 con\u00e7ue par une soci\u00e9t\u00e9 italienne d'ing\u00e9nierie et construite selon les normes de conception europ\u00e9ennes et est \u00e9quip\u00e9e des machines italiennes de d\u00e9coupe et de polissage les plus avanc\u00e9s.<\/p><p>La capacit\u00e9 de production mensuelle de cette usine est de 20 000 m\u00e8tres carr\u00e9s de carreaux de pierre naturelle d'une \u00e9paisseur allant de 1 \u00e0 3 cm, ainsi que de plans de cuisine et toilette, escaliers, appuis de fen\u00eatre et divers autres produits qui pouvant \u00eatre fabriqu\u00e9s sur demande. La d\u00e9coupe et le polissage de ces produits Kush Stone respectent et d\u00e9passent les normes g\u00e9n\u00e9ralement requises au niveau international. C'est gr\u00e2ce \u00e0 l'utilisation d'outils diamant\u00e9s et abrasifs italiens de haute qualit\u00e9 \u00e0 toutes les \u00e9tapes de fa\u00e7onnage, sous les yeux experts de notre personnel qualifi\u00e9.<\/p><p>La coupe et le polissage des produits finis Kush Stone respectent et d\u00e9passent les normes internationalement accept\u00e9es. Ceci est r\u00e9alis\u00e9 en utilisant des outils diamant\u00e9s et abrasifs italiens de premi\u00e8re qualit\u00e9 dans les phases finales de production sous les yeux attentifs du personnel qualifi\u00e9 et exp\u00e9riment\u00e9 de Natural Stone Company.<\/p>\t\t\t\t\t\t\t\t<\/div>\n\t\t\t\t<\/div>\n\t\t\t\t\t<\/div>\n\t\t<\/div>\n\t\t\t\t\t<\/div>\n\t\t<\/section>\n\t\t\t\t<section class=\"elementor-section elementor-top-section elementor-element elementor-element-cc461bb elementor-section-full_width elementor-section-height-default elementor-section-height-default\" data-id=\"cc461bb\" data-element_type=\"section\">\n\t\t\t\t\t\t<div class=\"elementor-container elementor-column-gap-default\">\n\t\t\t\t\t<div class=\"elementor-column elementor-col-100 elementor-top-column elementor-element elementor-element-25a29c6b\" data-id=\"25a29c6b\" data-element_type=\"column\">\n\t\t\t<div class=\"elementor-widget-wrap elementor-element-populated\">\n\t\t\t\t\t\t<div class=\"elementor-element elementor-element-6dcefd4a elementor-arrows-position-inside elementor-pagination-position-outside elementor-widget elementor-widget-image-carousel\" data-id=\"6dcefd4a\" data-element_type=\"widget\" data-settings=\"{&quot;pause_on_hover&quot;:&quot;no&quot;,&quot;pause_on_interaction&quot;:&quot;no&quot;,&quot;navigation&quot;:&quot;both&quot;,&quot;autoplay&quot;:&quot;yes&quot;,&quot;autoplay_speed&quot;:5000,&quot;infinite&quot;:&quot;yes&quot;,&quot;speed&quot;:500,&quot;image_spacing_custom&quot;:{&quot;unit&quot;:&quot;px&quot;,&quot;size&quot;:20,&quot;sizes&quot;:[]},&quot;image_spacing_custom_tablet&quot;:{&quot;unit&quot;:&quot;px&quot;,&quot;size&quot;:&quot;&quot;,&quot;sizes&quot;:[]},&quot;image_spacing_custom_mobile&quot;:{&quot;unit&quot;:&quot;px&quot;,&quot;size&quot;:&quot;&quot;,&quot;sizes&quot;:[]}}\" data-widget_type=\"image-carousel.default\">\n\t\t\t\t<div class=\"elementor-widget-container\">\n\t\t\t\t\t\t\t<div class=\"elementor-image-carousel-wrapper swiper\" role=\"region\" aria-roledescription=\"carousel\" aria-label=\"Carrousel d\u2019images\" dir=\"ltr\">\n\t\t\t<div class=\"elementor-image-carousel swiper-wrapper\" aria-live=\"off\">\n\t\t\t\t\t\t\t\t<div class=\"swiper-slide\" role=\"group\" aria-roledescription=\"slide\" aria-label=\"1 sur 13\"><a data-elementor-open-lightbox=\"yes\" data-elementor-lightbox-slideshow=\"6dcefd4a\" data-elementor-lightbox-title=\"Pol-E-Factory\" data-e-action-hash=\"#elementor-action%3Aaction%3Dlightbox%26settings%3DeyJpZCI6MjI1OSwidXJsIjoiaHR0cHM6XC9cL25hdHVyYWxzdG9uZS5hZlwvd3AtY29udGVudFwvdXBsb2Fkc1wvMjAyMFwvMTBcL1BvbC1FLUZhY3Rvcnktc2NhbGVkLmpwZyIsInNsaWRlc2hvdyI6IjZkY2VmZDRhIn0%3D\" href=\"https:\/\/naturalstone.af\/wp-content\/uploads\/2020\/10\/Pol-E-Factory-scaled.jpg\"><figure class=\"swiper-slide-inner\"><img decoding=\"async\" class=\"swiper-slide-image lazyload\" data-src=\"https:\/\/naturalstone.af\/wp-content\/uploads\/2020\/10\/Pol-E-Factory-1024x683.jpg\" alt=\"Pol-E-Factory\" src=\"data:image\/svg+xml;base64,PHN2ZyB3aWR0aD0iMSIgaGVpZ2h0PSIxIiB4bWxucz0iaHR0cDovL3d3dy53My5vcmcvMjAwMC9zdmciPjwvc3ZnPg==\" style=\"--smush-placeholder-width: 1024px; --smush-placeholder-aspect-ratio: 1024\/683;\" \/><\/figure><\/a><\/div><div class=\"swiper-slide\" role=\"group\" aria-roledescription=\"slide\" aria-label=\"2 sur 13\"><a data-elementor-open-lightbox=\"yes\" data-elementor-lightbox-slideshow=\"6dcefd4a\" data-elementor-lightbox-title=\"Fraccaroli\" data-e-action-hash=\"#elementor-action%3Aaction%3Dlightbox%26settings%3DeyJpZCI6MjI0NSwidXJsIjoiaHR0cHM6XC9cL25hdHVyYWxzdG9uZS5hZlwvd3AtY29udGVudFwvdXBsb2Fkc1wvMjAyMFwvMTBcL0ZyYWNjYXJvbGktc2NhbGVkLmpwZyIsInNsaWRlc2hvdyI6IjZkY2VmZDRhIn0%3D\" href=\"https:\/\/naturalstone.af\/wp-content\/uploads\/2020\/10\/Fraccaroli-scaled.jpg\"><figure class=\"swiper-slide-inner\"><img decoding=\"async\" class=\"swiper-slide-image lazyload\" data-src=\"https:\/\/naturalstone.af\/wp-content\/uploads\/2020\/10\/Fraccaroli-1024x683.jpg\" alt=\"Fraccaroli\" src=\"data:image\/svg+xml;base64,PHN2ZyB3aWR0aD0iMSIgaGVpZ2h0PSIxIiB4bWxucz0iaHR0cDovL3d3dy53My5vcmcvMjAwMC9zdmciPjwvc3ZnPg==\" style=\"--smush-placeholder-width: 1024px; --smush-placeholder-aspect-ratio: 1024\/683;\" \/><\/figure><\/a><\/div><div class=\"swiper-slide\" role=\"group\" aria-roledescription=\"slide\" aria-label=\"3 sur 13\"><a data-elementor-open-lightbox=\"yes\" data-elementor-lightbox-slideshow=\"6dcefd4a\" data-elementor-lightbox-title=\"Marble Cutting\" data-e-action-hash=\"#elementor-action%3Aaction%3Dlightbox%26settings%3DeyJpZCI6MjI1MCwidXJsIjoiaHR0cHM6XC9cL25hdHVyYWxzdG9uZS5hZlwvd3AtY29udGVudFwvdXBsb2Fkc1wvMjAyMFwvMTBcL01hcmJsZS1DdXR0aW5nLXNjYWxlZC5qcGciLCJzbGlkZXNob3ciOiI2ZGNlZmQ0YSJ9\" href=\"https:\/\/naturalstone.af\/wp-content\/uploads\/2020\/10\/Marble-Cutting-scaled.jpg\"><figure class=\"swiper-slide-inner\"><img decoding=\"async\" class=\"swiper-slide-image lazyload\" data-src=\"https:\/\/naturalstone.af\/wp-content\/uploads\/2020\/10\/Marble-Cutting-1024x683.jpg\" alt=\"Marble Cutting\" src=\"data:image\/svg+xml;base64,PHN2ZyB3aWR0aD0iMSIgaGVpZ2h0PSIxIiB4bWxucz0iaHR0cDovL3d3dy53My5vcmcvMjAwMC9zdmciPjwvc3ZnPg==\" style=\"--smush-placeholder-width: 1024px; --smush-placeholder-aspect-ratio: 1024\/683;\" \/><\/figure><\/a><\/div><div class=\"swiper-slide\" role=\"group\" aria-roledescription=\"slide\" aria-label=\"4 sur 13\"><a data-elementor-open-lightbox=\"yes\" data-elementor-lightbox-slideshow=\"6dcefd4a\" data-elementor-lightbox-title=\"Marble Slab Cutting\" data-e-action-hash=\"#elementor-action%3Aaction%3Dlightbox%26settings%3DeyJpZCI6MjI1MywidXJsIjoiaHR0cHM6XC9cL25hdHVyYWxzdG9uZS5hZlwvd3AtY29udGVudFwvdXBsb2Fkc1wvMjAyMFwvMTBcL01hcmJsZS1TbGFiLUN1dHRpbmctc2NhbGVkLmpwZyIsInNsaWRlc2hvdyI6IjZkY2VmZDRhIn0%3D\" href=\"https:\/\/naturalstone.af\/wp-content\/uploads\/2020\/10\/Marble-Slab-Cutting-scaled.jpg\"><figure class=\"swiper-slide-inner\"><img decoding=\"async\" class=\"swiper-slide-image lazyload\" data-src=\"https:\/\/naturalstone.af\/wp-content\/uploads\/2020\/10\/Marble-Slab-Cutting-1024x683.jpg\" alt=\"Marble Slab Cutting\" src=\"data:image\/svg+xml;base64,PHN2ZyB3aWR0aD0iMSIgaGVpZ2h0PSIxIiB4bWxucz0iaHR0cDovL3d3dy53My5vcmcvMjAwMC9zdmciPjwvc3ZnPg==\" style=\"--smush-placeholder-width: 1024px; --smush-placeholder-aspect-ratio: 1024\/683;\" \/><\/figure><\/a><\/div><div class=\"swiper-slide\" role=\"group\" aria-roledescription=\"slide\" aria-label=\"5 sur 13\"><a data-elementor-open-lightbox=\"yes\" data-elementor-lightbox-slideshow=\"6dcefd4a\" data-elementor-lightbox-title=\"Marble Cut Removed\" data-e-action-hash=\"#elementor-action%3Aaction%3Dlightbox%26settings%3DeyJpZCI6MjI0NywidXJsIjoiaHR0cHM6XC9cL25hdHVyYWxzdG9uZS5hZlwvd3AtY29udGVudFwvdXBsb2Fkc1wvMjAyMFwvMTBcL01hcmJsZS1DdXQtUmVtb3ZlZC1zY2FsZWQuanBnIiwic2xpZGVzaG93IjoiNmRjZWZkNGEifQ%3D%3D\" href=\"https:\/\/naturalstone.af\/wp-content\/uploads\/2020\/10\/Marble-Cut-Removed-scaled.jpg\"><figure class=\"swiper-slide-inner\"><img decoding=\"async\" class=\"swiper-slide-image lazyload\" data-src=\"https:\/\/naturalstone.af\/wp-content\/uploads\/2020\/10\/Marble-Cut-Removed-1024x683.jpg\" alt=\"Marble Cut Removed\" src=\"data:image\/svg+xml;base64,PHN2ZyB3aWR0aD0iMSIgaGVpZ2h0PSIxIiB4bWxucz0iaHR0cDovL3d3dy53My5vcmcvMjAwMC9zdmciPjwvc3ZnPg==\" style=\"--smush-placeholder-width: 1024px; --smush-placeholder-aspect-ratio: 1024\/683;\" \/><\/figure><\/a><\/div><div class=\"swiper-slide\" role=\"group\" aria-roledescription=\"slide\" aria-label=\"6 sur 13\"><a data-elementor-open-lightbox=\"yes\" data-elementor-lightbox-slideshow=\"6dcefd4a\" data-elementor-lightbox-title=\"Marble Cut to Size\" data-e-action-hash=\"#elementor-action%3Aaction%3Dlightbox%26settings%3DeyJpZCI6MjI0OCwidXJsIjoiaHR0cHM6XC9cL25hdHVyYWxzdG9uZS5hZlwvd3AtY29udGVudFwvdXBsb2Fkc1wvMjAyMFwvMTBcL01hcmJsZS1DdXQtdG8tU2l6ZS1zY2FsZWQuanBnIiwic2xpZGVzaG93IjoiNmRjZWZkNGEifQ%3D%3D\" href=\"https:\/\/naturalstone.af\/wp-content\/uploads\/2020\/10\/Marble-Cut-to-Size-scaled.jpg\"><figure class=\"swiper-slide-inner\"><img decoding=\"async\" class=\"swiper-slide-image lazyload\" data-src=\"https:\/\/naturalstone.af\/wp-content\/uploads\/2020\/10\/Marble-Cut-to-Size-1024x683.jpg\" alt=\"Marble Cut to Size\" src=\"data:image\/svg+xml;base64,PHN2ZyB3aWR0aD0iMSIgaGVpZ2h0PSIxIiB4bWxucz0iaHR0cDovL3d3dy53My5vcmcvMjAwMC9zdmciPjwvc3ZnPg==\" style=\"--smush-placeholder-width: 1024px; --smush-placeholder-aspect-ratio: 1024\/683;\" \/><\/figure><\/a><\/div><div class=\"swiper-slide\" role=\"group\" aria-roledescription=\"slide\" aria-label=\"7 sur 13\"><a data-elementor-open-lightbox=\"yes\" data-elementor-lightbox-slideshow=\"6dcefd4a\" data-elementor-lightbox-title=\"Marble Cut\" data-e-action-hash=\"#elementor-action%3Aaction%3Dlightbox%26settings%3DeyJpZCI6MjI0OSwidXJsIjoiaHR0cHM6XC9cL25hdHVyYWxzdG9uZS5hZlwvd3AtY29udGVudFwvdXBsb2Fkc1wvMjAyMFwvMTBcL01hcmJsZS1DdXQtc2NhbGVkLmpwZyIsInNsaWRlc2hvdyI6IjZkY2VmZDRhIn0%3D\" href=\"https:\/\/naturalstone.af\/wp-content\/uploads\/2020\/10\/Marble-Cut-scaled.jpg\"><figure class=\"swiper-slide-inner\"><img decoding=\"async\" class=\"swiper-slide-image lazyload\" data-src=\"https:\/\/naturalstone.af\/wp-content\/uploads\/2020\/10\/Marble-Cut-1024x683.jpg\" alt=\"Marble Cut\" src=\"data:image\/svg+xml;base64,PHN2ZyB3aWR0aD0iMSIgaGVpZ2h0PSIxIiB4bWxucz0iaHR0cDovL3d3dy53My5vcmcvMjAwMC9zdmciPjwvc3ZnPg==\" style=\"--smush-placeholder-width: 1024px; --smush-placeholder-aspect-ratio: 1024\/683;\" \/><\/figure><\/a><\/div><div class=\"swiper-slide\" role=\"group\" aria-roledescription=\"slide\" aria-label=\"8 sur 13\"><a data-elementor-open-lightbox=\"yes\" data-elementor-lightbox-slideshow=\"6dcefd4a\" data-elementor-lightbox-title=\"Marble Factory Floor\" data-e-action-hash=\"#elementor-action%3Aaction%3Dlightbox%26settings%3DeyJpZCI6MjI1MSwidXJsIjoiaHR0cHM6XC9cL25hdHVyYWxzdG9uZS5hZlwvd3AtY29udGVudFwvdXBsb2Fkc1wvMjAyMFwvMTBcL01hcmJsZS1GYWN0b3J5LUZsb29yLXNjYWxlZC5qcGciLCJzbGlkZXNob3ciOiI2ZGNlZmQ0YSJ9\" href=\"https:\/\/naturalstone.af\/wp-content\/uploads\/2020\/10\/Marble-Factory-Floor-scaled.jpg\"><figure class=\"swiper-slide-inner\"><img decoding=\"async\" class=\"swiper-slide-image lazyload\" data-src=\"https:\/\/naturalstone.af\/wp-content\/uploads\/2020\/10\/Marble-Factory-Floor-1024x683.jpg\" alt=\"Marble Factory Floor\" src=\"data:image\/svg+xml;base64,PHN2ZyB3aWR0aD0iMSIgaGVpZ2h0PSIxIiB4bWxucz0iaHR0cDovL3d3dy53My5vcmcvMjAwMC9zdmciPjwvc3ZnPg==\" style=\"--smush-placeholder-width: 1024px; --smush-placeholder-aspect-ratio: 1024\/683;\" \/><\/figure><\/a><\/div><div class=\"swiper-slide\" role=\"group\" aria-roledescription=\"slide\" aria-label=\"9 sur 13\"><a data-elementor-open-lightbox=\"yes\" data-elementor-lightbox-slideshow=\"6dcefd4a\" data-elementor-lightbox-title=\"Marble Polishing\" data-e-action-hash=\"#elementor-action%3Aaction%3Dlightbox%26settings%3DeyJpZCI6MjI1MiwidXJsIjoiaHR0cHM6XC9cL25hdHVyYWxzdG9uZS5hZlwvd3AtY29udGVudFwvdXBsb2Fkc1wvMjAyMFwvMTBcL01hcmJsZS1Qb2xpc2hpbmctMS1zY2FsZWQuanBnIiwic2xpZGVzaG93IjoiNmRjZWZkNGEifQ%3D%3D\" href=\"https:\/\/naturalstone.af\/wp-content\/uploads\/2020\/10\/Marble-Polishing-1-scaled.jpg\"><figure class=\"swiper-slide-inner\"><img decoding=\"async\" class=\"swiper-slide-image lazyload\" data-src=\"https:\/\/naturalstone.af\/wp-content\/uploads\/2020\/10\/Marble-Polishing-1-1024x683.jpg\" alt=\"Marble Polishing\" src=\"data:image\/svg+xml;base64,PHN2ZyB3aWR0aD0iMSIgaGVpZ2h0PSIxIiB4bWxucz0iaHR0cDovL3d3dy53My5vcmcvMjAwMC9zdmciPjwvc3ZnPg==\" style=\"--smush-placeholder-width: 1024px; --smush-placeholder-aspect-ratio: 1024\/683;\" \/><\/figure><\/a><\/div><div class=\"swiper-slide\" role=\"group\" aria-roledescription=\"slide\" aria-label=\"10 sur 13\"><a data-elementor-open-lightbox=\"yes\" data-elementor-lightbox-slideshow=\"6dcefd4a\" data-elementor-lightbox-title=\"Marble Tiles\" data-e-action-hash=\"#elementor-action%3Aaction%3Dlightbox%26settings%3DeyJpZCI6MjI1OCwidXJsIjoiaHR0cHM6XC9cL25hdHVyYWxzdG9uZS5hZlwvd3AtY29udGVudFwvdXBsb2Fkc1wvMjAyMFwvMTBcL01hcmJsZS1UaWxlcy1zY2FsZWQuanBnIiwic2xpZGVzaG93IjoiNmRjZWZkNGEifQ%3D%3D\" href=\"https:\/\/naturalstone.af\/wp-content\/uploads\/2020\/10\/Marble-Tiles-scaled.jpg\"><figure class=\"swiper-slide-inner\"><img decoding=\"async\" class=\"swiper-slide-image lazyload\" data-src=\"https:\/\/naturalstone.af\/wp-content\/uploads\/2020\/10\/Marble-Tiles-1024x683.jpg\" alt=\"Marble Tiles\" src=\"data:image\/svg+xml;base64,PHN2ZyB3aWR0aD0iMSIgaGVpZ2h0PSIxIiB4bWxucz0iaHR0cDovL3d3dy53My5vcmcvMjAwMC9zdmciPjwvc3ZnPg==\" style=\"--smush-placeholder-width: 1024px; --smush-placeholder-aspect-ratio: 1024\/683;\" \/><\/figure><\/a><\/div><div class=\"swiper-slide\" role=\"group\" aria-roledescription=\"slide\" aria-label=\"11 sur 13\"><a data-elementor-open-lightbox=\"yes\" data-elementor-lightbox-slideshow=\"6dcefd4a\" data-elementor-lightbox-title=\"Marble Stone\" data-e-action-hash=\"#elementor-action%3Aaction%3Dlightbox%26settings%3DeyJpZCI6MjI1NSwidXJsIjoiaHR0cHM6XC9cL25hdHVyYWxzdG9uZS5hZlwvd3AtY29udGVudFwvdXBsb2Fkc1wvMjAyMFwvMTBcL01hcmJsZS1TdG9uZS1zY2FsZWQuanBnIiwic2xpZGVzaG93IjoiNmRjZWZkNGEifQ%3D%3D\" href=\"https:\/\/naturalstone.af\/wp-content\/uploads\/2020\/10\/Marble-Stone-scaled.jpg\"><figure class=\"swiper-slide-inner\"><img decoding=\"async\" class=\"swiper-slide-image lazyload\" data-src=\"https:\/\/naturalstone.af\/wp-content\/uploads\/2020\/10\/Marble-Stone-1024x683.jpg\" alt=\"Marble Stone\" src=\"data:image\/svg+xml;base64,PHN2ZyB3aWR0aD0iMSIgaGVpZ2h0PSIxIiB4bWxucz0iaHR0cDovL3d3dy53My5vcmcvMjAwMC9zdmciPjwvc3ZnPg==\" style=\"--smush-placeholder-width: 1024px; --smush-placeholder-aspect-ratio: 1024\/683;\" \/><\/figure><\/a><\/div><div class=\"swiper-slide\" role=\"group\" aria-roledescription=\"slide\" aria-label=\"12 sur 13\"><a data-elementor-open-lightbox=\"yes\" data-elementor-lightbox-slideshow=\"6dcefd4a\" data-elementor-lightbox-title=\"Marble Tile Factory\" data-e-action-hash=\"#elementor-action%3Aaction%3Dlightbox%26settings%3DeyJpZCI6MjI1NiwidXJsIjoiaHR0cHM6XC9cL25hdHVyYWxzdG9uZS5hZlwvd3AtY29udGVudFwvdXBsb2Fkc1wvMjAyMFwvMTBcL01hcmJsZS1UaWxlLUZhY3Rvcnktc2NhbGVkLmpwZyIsInNsaWRlc2hvdyI6IjZkY2VmZDRhIn0%3D\" href=\"https:\/\/naturalstone.af\/wp-content\/uploads\/2020\/10\/Marble-Tile-Factory-scaled.jpg\"><figure class=\"swiper-slide-inner\"><img decoding=\"async\" class=\"swiper-slide-image lazyload\" data-src=\"https:\/\/naturalstone.af\/wp-content\/uploads\/2020\/10\/Marble-Tile-Factory-1024x683.jpg\" alt=\"Marble Tile Factory\" src=\"data:image\/svg+xml;base64,PHN2ZyB3aWR0aD0iMSIgaGVpZ2h0PSIxIiB4bWxucz0iaHR0cDovL3d3dy53My5vcmcvMjAwMC9zdmciPjwvc3ZnPg==\" style=\"--smush-placeholder-width: 1024px; --smush-placeholder-aspect-ratio: 1024\/683;\" \/><\/figure><\/a><\/div><div class=\"swiper-slide\" role=\"group\" aria-roledescription=\"slide\" aria-label=\"13 sur 13\"><a data-elementor-open-lightbox=\"yes\" data-elementor-lightbox-slideshow=\"6dcefd4a\" data-elementor-lightbox-title=\"Marble Tile Storage\" data-e-action-hash=\"#elementor-action%3Aaction%3Dlightbox%26settings%3DeyJpZCI6MjI1NywidXJsIjoiaHR0cHM6XC9cL25hdHVyYWxzdG9uZS5hZlwvd3AtY29udGVudFwvdXBsb2Fkc1wvMjAyMFwvMTBcL01hcmJsZS1UaWxlLVN0b3JhZ2Utc2NhbGVkLmpwZyIsInNsaWRlc2hvdyI6IjZkY2VmZDRhIn0%3D\" href=\"https:\/\/naturalstone.af\/wp-content\/uploads\/2020\/10\/Marble-Tile-Storage-scaled.jpg\"><figure class=\"swiper-slide-inner\"><img decoding=\"async\" class=\"swiper-slide-image lazyload\" data-src=\"https:\/\/naturalstone.af\/wp-content\/uploads\/2020\/10\/Marble-Tile-Storage-1024x683.jpg\" alt=\"Marble Tile Storage\" src=\"data:image\/svg+xml;base64,PHN2ZyB3aWR0aD0iMSIgaGVpZ2h0PSIxIiB4bWxucz0iaHR0cDovL3d3dy53My5vcmcvMjAwMC9zdmciPjwvc3ZnPg==\" style=\"--smush-placeholder-width: 1024px; --smush-placeholder-aspect-ratio: 1024\/683;\" \/><\/figure><\/a><\/div>\t\t\t<\/div>\n\t\t\t\t\t\t\t\t\t\t\t\t<div class=\"elementor-swiper-button elementor-swiper-button-prev\" role=\"button\" tabindex=\"0\">\n\t\t\t\t\t\t<i aria-hidden=\"true\" class=\"eicon-chevron-left\"><\/i>\t\t\t\t\t<\/div>\n\t\t\t\t\t<div class=\"elementor-swiper-button elementor-swiper-button-next\" role=\"button\" tabindex=\"0\">\n\t\t\t\t\t\t<i aria-hidden=\"true\" class=\"eicon-chevron-right\"><\/i>\t\t\t\t\t<\/div>\n\t\t\t\t\n\t\t\t\t\t\t\t\t\t<div class=\"swiper-pagination\"><\/div>\n\t\t\t\t\t\t\t\t\t<\/div>\n\t\t\t\t\t\t<\/div>\n\t\t\t\t<\/div>\n\t\t\t\t\t<\/div>\n\t\t<\/div>\n\t\t\t\t\t<\/div>\n\t\t<\/section>\n\t\t\t\t<\/div>","protected":false},"excerpt":{"rendered":"<p>FACTORY Pol-E-Charkhi Industrial Park Kabul, Afghanistan This factory was designed by an engineering and consulting company in Italy and built in accordance with European design-construction and environmental engineering standards. It is equipped with the most advanced Italian machines and equipment for cutting and polishing. The monthly production capacity is 20,000 square meters of standard stone [&hellip;]<\/p>","protected":false},"author":1,"featured_media":0,"parent":0,"menu_order":0,"comment_status":"closed","ping_status":"closed","template":"elementor_header_footer","meta":{"footnotes":""},"yoast_head":"<!-- This site is optimized with the Yoast SEO plugin v21.9 - https:\/\/yoast.com\/wordpress\/plugins\/seo\/ -->\n<title>Pol-E-Charkhi Factory - Natural Stone Company<\/title>\n<meta name=\"robots\" content=\"index, follow, max-snippet:-1, max-image-preview:large, max-video-preview:-1\" \/>\n<link rel=\"canonical\" href=\"https:\/\/naturalstone.af\/fr\/pol-e-charkhi-factory\/\" \/>\n<meta property=\"og:locale\" content=\"fr_FR\" \/>\n<meta property=\"og:type\" content=\"article\" \/>\n<meta property=\"og:title\" content=\"Pol-E-Charkhi Factory - Natural Stone Company\" \/>\n<meta property=\"og:description\" content=\"FACTORY Pol-E-Charkhi Industrial Park Kabul, Afghanistan This factory was designed by an engineering and consulting company in Italy and built in accordance with European design-construction and environmental engineering standards. It is equipped with the most advanced Italian machines and equipment for cutting and polishing. The monthly production capacity is 20,000 square meters of standard stone [&hellip;]\" \/>\n<meta property=\"og:url\" content=\"https:\/\/naturalstone.af\/fr\/pol-e-charkhi-factory\/\" \/>\n<meta property=\"og:site_name\" content=\"Natural Stone Company\" \/>\n<meta property=\"article:modified_time\" content=\"2021-01-15T17:05:24+00:00\" \/>\n<meta property=\"og:image\" content=\"https:\/\/naturalstone.af\/wp-content\/uploads\/2020\/10\/Pol-E-Factory-1024x683.jpg\" \/>\n<meta name=\"twitter:card\" content=\"summary_large_image\" \/>\n<meta name=\"twitter:label1\" content=\"Dur\u00e9e de lecture estim\u00e9e\" \/>\n\t<meta name=\"twitter:data1\" content=\"1 minute\" \/>\n<script type=\"application\/ld+json\" class=\"yoast-schema-graph\">{\"@context\":\"https:\/\/schema.org\",\"@graph\":[{\"@type\":\"WebPage\",\"@id\":\"https:\/\/naturalstone.af\/pol-e-charkhi-factory\/\",\"url\":\"https:\/\/naturalstone.af\/pol-e-charkhi-factory\/\",\"name\":\"Pol-E-Charkhi Factory - Natural Stone Company\",\"isPartOf\":{\"@id\":\"https:\/\/naturalstone.af\/#website\"},\"datePublished\":\"2020-07-21T23:48:50+00:00\",\"dateModified\":\"2021-01-15T17:05:24+00:00\",\"breadcrumb\":{\"@id\":\"https:\/\/naturalstone.af\/pol-e-charkhi-factory\/#breadcrumb\"},\"inLanguage\":\"fr-FR\",\"potentialAction\":[{\"@type\":\"ReadAction\",\"target\":[\"https:\/\/naturalstone.af\/pol-e-charkhi-factory\/\"]}]},{\"@type\":\"BreadcrumbList\",\"@id\":\"https:\/\/naturalstone.af\/pol-e-charkhi-factory\/#breadcrumb\",\"itemListElement\":[{\"@type\":\"ListItem\",\"position\":1,\"name\":\"Home\",\"item\":\"https:\/\/naturalstone.af\/\"},{\"@type\":\"ListItem\",\"position\":2,\"name\":\"Pol-E-Charkhi Factory\"}]},{\"@type\":\"WebSite\",\"@id\":\"https:\/\/naturalstone.af\/#website\",\"url\":\"https:\/\/naturalstone.af\/\",\"name\":\"Natural Stone Company\",\"description\":\"Kush Stone\",\"potentialAction\":[{\"@type\":\"SearchAction\",\"target\":{\"@type\":\"EntryPoint\",\"urlTemplate\":\"https:\/\/naturalstone.af\/?s={search_term_string}\"},\"query-input\":\"required name=search_term_string\"}],\"inLanguage\":\"fr-FR\"}]}<\/script>\n<!-- \/ Yoast SEO plugin. -->","yoast_head_json":{"title":"Pol-E-Charkhi Factory - Natural Stone Company","robots":{"index":"index","follow":"follow","max-snippet":"max-snippet:-1","max-image-preview":"max-image-preview:large","max-video-preview":"max-video-preview:-1"},"canonical":"https:\/\/naturalstone.af\/fr\/pol-e-charkhi-factory\/","og_locale":"fr_FR","og_type":"article","og_title":"Pol-E-Charkhi Factory - Natural Stone Company","og_description":"FACTORY Pol-E-Charkhi Industrial Park Kabul, Afghanistan This factory was designed by an engineering and consulting company in Italy and built in accordance with European design-construction and environmental engineering standards. It is equipped with the most advanced Italian machines and equipment for cutting and polishing. The monthly production capacity is 20,000 square meters of standard stone [&hellip;]","og_url":"https:\/\/naturalstone.af\/fr\/pol-e-charkhi-factory\/","og_site_name":"Natural Stone Company","article_modified_time":"2021-01-15T17:05:24+00:00","og_image":[{"url":"https:\/\/naturalstone.af\/wp-content\/uploads\/2020\/10\/Pol-E-Factory-1024x683.jpg"}],"twitter_card":"summary_large_image","twitter_misc":{"Dur\u00e9e de lecture estim\u00e9e":"1 minute"},"schema":{"@context":"https:\/\/schema.org","@graph":[{"@type":"WebPage","@id":"https:\/\/naturalstone.af\/pol-e-charkhi-factory\/","url":"https:\/\/naturalstone.af\/pol-e-charkhi-factory\/","name":"Pol-E-Charkhi Factory - Natural Stone Company","isPartOf":{"@id":"https:\/\/naturalstone.af\/#website"},"datePublished":"2020-07-21T23:48:50+00:00","dateModified":"2021-01-15T17:05:24+00:00","breadcrumb":{"@id":"https:\/\/naturalstone.af\/pol-e-charkhi-factory\/#breadcrumb"},"inLanguage":"fr-FR","potentialAction":[{"@type":"ReadAction","target":["https:\/\/naturalstone.af\/pol-e-charkhi-factory\/"]}]},{"@type":"BreadcrumbList","@id":"https:\/\/naturalstone.af\/pol-e-charkhi-factory\/#breadcrumb","itemListElement":[{"@type":"ListItem","position":1,"name":"Home","item":"https:\/\/naturalstone.af\/"},{"@type":"ListItem","position":2,"name":"Pol-E-Charkhi Factory"}]},{"@type":"WebSite","@id":"https:\/\/naturalstone.af\/#website","url":"https:\/\/naturalstone.af\/","name":"Entreprise de pierre naturelle","description":"Kush Stone","potentialAction":[{"@type":"SearchAction","target":{"@type":"EntryPoint","urlTemplate":"https:\/\/naturalstone.af\/?s={search_term_string}"},"query-input":"required name=search_term_string"}],"inLanguage":"fr-FR"}]}},"_links":{"self":[{"href":"https:\/\/naturalstone.af\/fr\/wp-json\/wp\/v2\/pages\/1321"}],"collection":[{"href":"https:\/\/naturalstone.af\/fr\/wp-json\/wp\/v2\/pages"}],"about":[{"href":"https:\/\/naturalstone.af\/fr\/wp-json\/wp\/v2\/types\/page"}],"author":[{"embeddable":true,"href":"https:\/\/naturalstone.af\/fr\/wp-json\/wp\/v2\/users\/1"}],"replies":[{"embeddable":true,"href":"https:\/\/naturalstone.af\/fr\/wp-json\/wp\/v2\/comments?post=1321"}],"version-history":[{"count":58,"href":"https:\/\/naturalstone.af\/fr\/wp-json\/wp\/v2\/pages\/1321\/revisions"}],"predecessor-version":[{"id":3616,"href":"https:\/\/naturalstone.af\/fr\/wp-json\/wp\/v2\/pages\/1321\/revisions\/3616"}],"wp:attachment":[{"href":"https:\/\/naturalstone.af\/fr\/wp-json\/wp\/v2\/media?parent=1321"}],"curies":[{"name":"wp","href":"https:\/\/api.w.org\/{rel}","templated":true}]}}