{"id":952,"date":"2020-07-18T14:09:42","date_gmt":"2020-07-18T14:09:42","guid":{"rendered":"https:\/\/naturalstone.af\/?page_id=952"},"modified":"2024-01-24T10:26:34","modified_gmt":"2024-01-24T16:26:34","slug":"kunar-marble-quarry","status":"publish","type":"page","link":"https:\/\/naturalstone.af\/es\/kunar-marble-quarry\/","title":{"rendered":"Kunar-Nangrahar Marble Quarry"},"content":{"rendered":"<div data-elementor-type=\"wp-page\" data-elementor-id=\"952\" class=\"elementor elementor-952\" data-elementor-post-type=\"page\">\n\t\t\t\t\t\t<section class=\"elementor-section elementor-top-section elementor-element elementor-element-316fae61 elementor-reverse-mobile elementor-section-boxed elementor-section-height-default elementor-section-height-default\" data-id=\"316fae61\" data-element_type=\"section\" data-settings=\"{&quot;background_background&quot;:&quot;classic&quot;}\">\n\t\t\t\t\t\t\t<div class=\"elementor-background-overlay\"><\/div>\n\t\t\t\t\t\t\t<div class=\"elementor-container elementor-column-gap-default\">\n\t\t\t\t\t<div class=\"elementor-column elementor-col-100 elementor-top-column elementor-element elementor-element-798f5e3e\" data-id=\"798f5e3e\" data-element_type=\"column\">\n\t\t\t<div class=\"elementor-widget-wrap elementor-element-populated\">\n\t\t\t\t\t\t<div class=\"elementor-element elementor-element-75748d61 elementor-widget elementor-widget-heading\" data-id=\"75748d61\" data-element_type=\"widget\" data-widget_type=\"heading.default\">\n\t\t\t\t<div class=\"elementor-widget-container\">\n\t\t\t\t\t<h5 class=\"elementor-heading-title elementor-size-default\">M\u00c1RMOL<\/h5>\t\t\t\t<\/div>\n\t\t\t\t<\/div>\n\t\t\t\t<div class=\"elementor-element elementor-element-eeae662 animated-slow elementor-invisible elementor-widget elementor-widget-heading\" data-id=\"eeae662\" data-element_type=\"widget\" data-settings=\"{&quot;_animation&quot;:&quot;fadeIn&quot;,&quot;_animation_delay&quot;:300}\" data-widget_type=\"heading.default\">\n\t\t\t\t<div class=\"elementor-widget-container\">\n\t\t\t\t\t<h1 class=\"elementor-heading-title elementor-size-default\">Cantera de m\u00e1rmol Kunar-Nangarhar <\/h1>\t\t\t\t<\/div>\n\t\t\t\t<\/div>\n\t\t\t\t<div class=\"elementor-element elementor-element-1a7114a3 elementor-widget elementor-widget-text-editor\" data-id=\"1a7114a3\" data-element_type=\"widget\" data-widget_type=\"text-editor.default\">\n\t\t\t\t<div class=\"elementor-widget-container\">\n\t\t\t\t\t\t\t\t\t<p><strong>Provincias de Kunar y Nangarhar, Afganist\u00e1n<\/strong><\/p>\t\t\t\t\t\t\t\t<\/div>\n\t\t\t\t<\/div>\n\t\t\t\t<div class=\"elementor-element elementor-element-e030fa6 elementor-widget elementor-widget-text-editor\" data-id=\"e030fa6\" data-element_type=\"widget\" data-widget_type=\"text-editor.default\">\n\t\t\t\t<div class=\"elementor-widget-container\">\n\t\t\t\t\t\t\t\t\t<p>The mining concession area at the Kunar-Nangarhar Marble Quarry is 2.5 square kilometers and includes an extensive pure calcium carbonate marble outcrop. The color is mainly white with a rare gray hue and well known for its quality. This quarry is well documented and known for its premium quality of deposit.<\/p><p>La formaci\u00f3n geol\u00f3gica del m\u00e1rmol que se encuentra en la concesi\u00f3n sigue una orientaci\u00f3n lineal de este a noreste y de oeste a suroeste en una extensi\u00f3n de aproximadamente 18 kil\u00f3metros, todo dentro de los l\u00edmites del \u00e1rea de concesi\u00f3n. Esta formaci\u00f3n se sumerge hacia el Noroeste con un \u00e1ngulo de inclinaci\u00f3n entre 40\u00b0 y 50\u00b0. La exploraci\u00f3n geol\u00f3gica actual revelar\u00e1 detalles t\u00e9cnicos m\u00e1s precisos sobre la estructura del yacimiento y las caracter\u00edsticas f\u00edsico-mec\u00e1nicas del m\u00e1rmol.<\/p><p>El m\u00e1rmol que se encuentra en este yacimiento tiene un grano excepcionalmente fino y homog\u00e9neo en tama\u00f1o, patr\u00f3n y textura, lo que lo hace especialmente atractivo por los suaves tonos de color, adecuado para todas las aplicaciones interiores en las que se requiere un m\u00e1rmol de calidad superior.<\/p>\t\t\t\t\t\t\t\t<\/div>\n\t\t\t\t<\/div>\n\t\t\t\t\t<\/div>\n\t\t<\/div>\n\t\t\t\t\t<\/div>\n\t\t<\/section>\n\t\t\t\t<section class=\"elementor-section elementor-top-section elementor-element elementor-element-3c1a3836 elementor-section-full_width elementor-section-height-default elementor-section-height-default\" data-id=\"3c1a3836\" data-element_type=\"section\">\n\t\t\t\t\t\t<div class=\"elementor-container elementor-column-gap-default\">\n\t\t\t\t\t<div class=\"elementor-column elementor-col-100 elementor-top-column elementor-element elementor-element-634509f2\" data-id=\"634509f2\" data-element_type=\"column\">\n\t\t\t<div class=\"elementor-widget-wrap elementor-element-populated\">\n\t\t\t\t\t\t<div class=\"elementor-element elementor-element-789e3c30 elementor-arrows-position-inside elementor-pagination-position-outside elementor-widget elementor-widget-image-carousel\" data-id=\"789e3c30\" data-element_type=\"widget\" data-settings=\"{&quot;pause_on_hover&quot;:&quot;no&quot;,&quot;pause_on_interaction&quot;:&quot;no&quot;,&quot;navigation&quot;:&quot;both&quot;,&quot;autoplay&quot;:&quot;yes&quot;,&quot;autoplay_speed&quot;:5000,&quot;infinite&quot;:&quot;yes&quot;,&quot;speed&quot;:500,&quot;image_spacing_custom&quot;:{&quot;unit&quot;:&quot;px&quot;,&quot;size&quot;:20,&quot;sizes&quot;:[]},&quot;image_spacing_custom_tablet&quot;:{&quot;unit&quot;:&quot;px&quot;,&quot;size&quot;:&quot;&quot;,&quot;sizes&quot;:[]},&quot;image_spacing_custom_mobile&quot;:{&quot;unit&quot;:&quot;px&quot;,&quot;size&quot;:&quot;&quot;,&quot;sizes&quot;:[]}}\" data-widget_type=\"image-carousel.default\">\n\t\t\t\t<div class=\"elementor-widget-container\">\n\t\t\t\t\t\t\t<div class=\"elementor-image-carousel-wrapper swiper\" role=\"region\" aria-roledescription=\"carousel\" aria-label=\"Carrusel de im\u00e1genes\" dir=\"ltr\">\n\t\t\t<div class=\"elementor-image-carousel swiper-wrapper\" aria-live=\"off\">\n\t\t\t\t\t\t\t\t<div class=\"swiper-slide\" role=\"group\" aria-roledescription=\"slide\" aria-label=\"1 de 4\"><a data-elementor-open-lightbox=\"yes\" data-elementor-lightbox-slideshow=\"789e3c30\" data-elementor-lightbox-title=\"Nangarhar Marble Quarry\" data-e-action-hash=\"#elementor-action%3Aaction%3Dlightbox%26settings%3DeyJpZCI6MjI3NiwidXJsIjoiaHR0cHM6XC9cL25hdHVyYWxzdG9uZS5hZlwvd3AtY29udGVudFwvdXBsb2Fkc1wvMjAyMFwvMTBcL0lNRy0yMDE4MDgzMS1XQTAwMDkuanBnIiwic2xpZGVzaG93IjoiNzg5ZTNjMzAifQ%3D%3D\" href=\"https:\/\/naturalstone.af\/wp-content\/uploads\/2020\/10\/IMG-20180831-WA0009.jpg\"><figure class=\"swiper-slide-inner\"><img decoding=\"async\" class=\"swiper-slide-image lazyload\" data-src=\"https:\/\/naturalstone.af\/wp-content\/uploads\/2020\/10\/IMG-20180831-WA0009.jpg\" alt=\"Nangarhar Marble Quarry\" src=\"data:image\/svg+xml;base64,PHN2ZyB3aWR0aD0iMSIgaGVpZ2h0PSIxIiB4bWxucz0iaHR0cDovL3d3dy53My5vcmcvMjAwMC9zdmciPjwvc3ZnPg==\" style=\"--smush-placeholder-width: 1008px; --smush-placeholder-aspect-ratio: 1008\/567;\" \/><\/figure><\/a><\/div><div class=\"swiper-slide\" role=\"group\" aria-roledescription=\"slide\" aria-label=\"2 de 4\"><a data-elementor-open-lightbox=\"yes\" data-elementor-lightbox-slideshow=\"789e3c30\" data-elementor-lightbox-title=\"Kunar-Nangarhar Marble Quarry\" data-e-action-hash=\"#elementor-action%3Aaction%3Dlightbox%26settings%3DeyJpZCI6MjI3NSwidXJsIjoiaHR0cHM6XC9cL25hdHVyYWxzdG9uZS5hZlwvd3AtY29udGVudFwvdXBsb2Fkc1wvMjAyMFwvMTBcL0lNRy0yMDE4MDczMS1XQTAwMjMuanBnIiwic2xpZGVzaG93IjoiNzg5ZTNjMzAifQ%3D%3D\" href=\"https:\/\/naturalstone.af\/wp-content\/uploads\/2020\/10\/IMG-20180731-WA0023.jpg\"><figure class=\"swiper-slide-inner\"><img decoding=\"async\" class=\"swiper-slide-image lazyload\" data-src=\"https:\/\/naturalstone.af\/wp-content\/uploads\/2020\/10\/IMG-20180731-WA0023.jpg\" alt=\"Kunar-Nangarhar Marble Quarry\" src=\"data:image\/svg+xml;base64,PHN2ZyB3aWR0aD0iMSIgaGVpZ2h0PSIxIiB4bWxucz0iaHR0cDovL3d3dy53My5vcmcvMjAwMC9zdmciPjwvc3ZnPg==\" style=\"--smush-placeholder-width: 1008px; --smush-placeholder-aspect-ratio: 1008\/567;\" \/><\/figure><\/a><\/div><div class=\"swiper-slide\" role=\"group\" aria-roledescription=\"slide\" aria-label=\"3 de 4\"><a data-elementor-open-lightbox=\"yes\" data-elementor-lightbox-slideshow=\"789e3c30\" data-elementor-lightbox-title=\"Kunar-Nangarhar\" data-e-action-hash=\"#elementor-action%3Aaction%3Dlightbox%26settings%3DeyJpZCI6MjI3NCwidXJsIjoiaHR0cHM6XC9cL25hdHVyYWxzdG9uZS5hZlwvd3AtY29udGVudFwvdXBsb2Fkc1wvMjAyMFwvMTBcL0lNRy0yMDE4MDczMS1XQTAwMjEuanBnIiwic2xpZGVzaG93IjoiNzg5ZTNjMzAifQ%3D%3D\" href=\"https:\/\/naturalstone.af\/wp-content\/uploads\/2020\/10\/IMG-20180731-WA0021.jpg\"><figure class=\"swiper-slide-inner\"><img decoding=\"async\" class=\"swiper-slide-image lazyload\" data-src=\"https:\/\/naturalstone.af\/wp-content\/uploads\/2020\/10\/IMG-20180731-WA0021.jpg\" alt=\"Kunar-Nangarhar\" src=\"data:image\/svg+xml;base64,PHN2ZyB3aWR0aD0iMSIgaGVpZ2h0PSIxIiB4bWxucz0iaHR0cDovL3d3dy53My5vcmcvMjAwMC9zdmciPjwvc3ZnPg==\" style=\"--smush-placeholder-width: 1008px; --smush-placeholder-aspect-ratio: 1008\/567;\" \/><\/figure><\/a><\/div><div class=\"swiper-slide\" role=\"group\" aria-roledescription=\"slide\" aria-label=\"4 de 4\"><a data-elementor-open-lightbox=\"yes\" data-elementor-lightbox-slideshow=\"789e3c30\" data-elementor-lightbox-title=\"Kunar Quarry\" data-e-action-hash=\"#elementor-action%3Aaction%3Dlightbox%26settings%3DeyJpZCI6MjI3MywidXJsIjoiaHR0cHM6XC9cL25hdHVyYWxzdG9uZS5hZlwvd3AtY29udGVudFwvdXBsb2Fkc1wvMjAyMFwvMTBcL0lNRy0yMDE4MDczMS1XQTAwMTAuanBnIiwic2xpZGVzaG93IjoiNzg5ZTNjMzAifQ%3D%3D\" href=\"https:\/\/naturalstone.af\/wp-content\/uploads\/2020\/10\/IMG-20180731-WA0010.jpg\"><figure class=\"swiper-slide-inner\"><img decoding=\"async\" class=\"swiper-slide-image lazyload\" data-src=\"https:\/\/naturalstone.af\/wp-content\/uploads\/2020\/10\/IMG-20180731-WA0010.jpg\" alt=\"Kunar Quarry\" src=\"data:image\/svg+xml;base64,PHN2ZyB3aWR0aD0iMSIgaGVpZ2h0PSIxIiB4bWxucz0iaHR0cDovL3d3dy53My5vcmcvMjAwMC9zdmciPjwvc3ZnPg==\" style=\"--smush-placeholder-width: 1008px; --smush-placeholder-aspect-ratio: 1008\/567;\" \/><\/figure><\/a><\/div>\t\t\t<\/div>\n\t\t\t\t\t\t\t\t\t\t\t\t<div class=\"elementor-swiper-button elementor-swiper-button-prev\" role=\"button\" tabindex=\"0\">\n\t\t\t\t\t\t<i aria-hidden=\"true\" class=\"eicon-chevron-left\"><\/i>\t\t\t\t\t<\/div>\n\t\t\t\t\t<div class=\"elementor-swiper-button elementor-swiper-button-next\" role=\"button\" tabindex=\"0\">\n\t\t\t\t\t\t<i aria-hidden=\"true\" class=\"eicon-chevron-right\"><\/i>\t\t\t\t\t<\/div>\n\t\t\t\t\n\t\t\t\t\t\t\t\t\t<div class=\"swiper-pagination\"><\/div>\n\t\t\t\t\t\t\t\t\t<\/div>\n\t\t\t\t\t\t<\/div>\n\t\t\t\t<\/div>\n\t\t\t\t\t<\/div>\n\t\t<\/div>\n\t\t\t\t\t<\/div>\n\t\t<\/section>\n\t\t\t\t<\/div>","protected":false},"excerpt":{"rendered":"<p>MARBLE Kunar-Nangarhar Marble Quarry Kunar and Nangarhar Provinces, Afghanistan The mining concession area at the Kunar-Nangarhar Marble Quarry is 2.5 square kilometers and includes an extensive pure calcium carbonate marble outcrop. The color is mainly white with a rare gray hue and well known for its quality. This quarry is well documented and known for [&hellip;]<\/p>","protected":false},"author":1,"featured_media":0,"parent":0,"menu_order":0,"comment_status":"closed","ping_status":"closed","template":"elementor_header_footer","meta":{"footnotes":""},"yoast_head":"<!-- This site is optimized with the Yoast SEO plugin v21.9 - https:\/\/yoast.com\/wordpress\/plugins\/seo\/ -->\n<title>Kunar-Nangrahar Marble Quarry - Natural Stone Company<\/title>\n<meta name=\"robots\" content=\"index, follow, max-snippet:-1, max-image-preview:large, max-video-preview:-1\" \/>\n<link rel=\"canonical\" href=\"https:\/\/naturalstone.af\/es\/kunar-marble-quarry\/\" \/>\n<meta property=\"og:locale\" content=\"es_ES\" \/>\n<meta property=\"og:type\" content=\"article\" \/>\n<meta property=\"og:title\" content=\"Kunar-Nangrahar Marble Quarry - Natural Stone Company\" \/>\n<meta property=\"og:description\" content=\"MARBLE Kunar-Nangarhar Marble Quarry Kunar and Nangarhar Provinces, Afghanistan The mining concession area at the Kunar-Nangarhar Marble Quarry is 2.5 square kilometers and includes an extensive pure calcium carbonate marble outcrop. The color is mainly white with a rare gray hue and well known for its quality. This quarry is well documented and known for [&hellip;]\" \/>\n<meta property=\"og:url\" content=\"https:\/\/naturalstone.af\/es\/kunar-marble-quarry\/\" \/>\n<meta property=\"og:site_name\" content=\"Natural Stone Company\" \/>\n<meta property=\"article:modified_time\" content=\"2024-01-24T16:26:34+00:00\" \/>\n<meta property=\"og:image\" content=\"https:\/\/naturalstone.af\/wp-content\/uploads\/2020\/10\/IMG-20180831-WA0009.jpg\" \/>\n<meta name=\"twitter:card\" content=\"summary_large_image\" \/>\n<meta name=\"twitter:label1\" content=\"Tiempo de lectura\" \/>\n\t<meta name=\"twitter:data1\" content=\"3 minutos\" \/>\n<script type=\"application\/ld+json\" class=\"yoast-schema-graph\">{\"@context\":\"https:\/\/schema.org\",\"@graph\":[{\"@type\":\"WebPage\",\"@id\":\"https:\/\/naturalstone.af\/kunar-marble-quarry\/\",\"url\":\"https:\/\/naturalstone.af\/kunar-marble-quarry\/\",\"name\":\"Kunar-Nangrahar Marble Quarry - Natural Stone Company\",\"isPartOf\":{\"@id\":\"https:\/\/naturalstone.af\/#website\"},\"datePublished\":\"2020-07-18T14:09:42+00:00\",\"dateModified\":\"2024-01-24T16:26:34+00:00\",\"breadcrumb\":{\"@id\":\"https:\/\/naturalstone.af\/kunar-marble-quarry\/#breadcrumb\"},\"inLanguage\":\"es\",\"potentialAction\":[{\"@type\":\"ReadAction\",\"target\":[\"https:\/\/naturalstone.af\/kunar-marble-quarry\/\"]}]},{\"@type\":\"BreadcrumbList\",\"@id\":\"https:\/\/naturalstone.af\/kunar-marble-quarry\/#breadcrumb\",\"itemListElement\":[{\"@type\":\"ListItem\",\"position\":1,\"name\":\"Home\",\"item\":\"https:\/\/naturalstone.af\/\"},{\"@type\":\"ListItem\",\"position\":2,\"name\":\"Kunar-Nangrahar Marble Quarry\"}]},{\"@type\":\"WebSite\",\"@id\":\"https:\/\/naturalstone.af\/#website\",\"url\":\"https:\/\/naturalstone.af\/\",\"name\":\"Natural Stone Company\",\"description\":\"Kush Stone\",\"potentialAction\":[{\"@type\":\"SearchAction\",\"target\":{\"@type\":\"EntryPoint\",\"urlTemplate\":\"https:\/\/naturalstone.af\/?s={search_term_string}\"},\"query-input\":\"required name=search_term_string\"}],\"inLanguage\":\"es\"}]}<\/script>\n<!-- \/ Yoast SEO plugin. -->","yoast_head_json":{"title":"Kunar-Nangrahar Marble Quarry - Natural Stone Company","robots":{"index":"index","follow":"follow","max-snippet":"max-snippet:-1","max-image-preview":"max-image-preview:large","max-video-preview":"max-video-preview:-1"},"canonical":"https:\/\/naturalstone.af\/es\/kunar-marble-quarry\/","og_locale":"es_ES","og_type":"article","og_title":"Kunar-Nangrahar Marble Quarry - Natural Stone Company","og_description":"MARBLE Kunar-Nangarhar Marble Quarry Kunar and Nangarhar Provinces, Afghanistan The mining concession area at the Kunar-Nangarhar Marble Quarry is 2.5 square kilometers and includes an extensive pure calcium carbonate marble outcrop. The color is mainly white with a rare gray hue and well known for its quality. This quarry is well documented and known for [&hellip;]","og_url":"https:\/\/naturalstone.af\/es\/kunar-marble-quarry\/","og_site_name":"Natural Stone Company","article_modified_time":"2024-01-24T16:26:34+00:00","og_image":[{"url":"https:\/\/naturalstone.af\/wp-content\/uploads\/2020\/10\/IMG-20180831-WA0009.jpg"}],"twitter_card":"summary_large_image","twitter_misc":{"Tiempo de lectura":"3 minutos"},"schema":{"@context":"https:\/\/schema.org","@graph":[{"@type":"WebPage","@id":"https:\/\/naturalstone.af\/kunar-marble-quarry\/","url":"https:\/\/naturalstone.af\/kunar-marble-quarry\/","name":"Kunar-Nangrahar Marble Quarry - Natural Stone Company","isPartOf":{"@id":"https:\/\/naturalstone.af\/#website"},"datePublished":"2020-07-18T14:09:42+00:00","dateModified":"2024-01-24T16:26:34+00:00","breadcrumb":{"@id":"https:\/\/naturalstone.af\/kunar-marble-quarry\/#breadcrumb"},"inLanguage":"es","potentialAction":[{"@type":"ReadAction","target":["https:\/\/naturalstone.af\/kunar-marble-quarry\/"]}]},{"@type":"BreadcrumbList","@id":"https:\/\/naturalstone.af\/kunar-marble-quarry\/#breadcrumb","itemListElement":[{"@type":"ListItem","position":1,"name":"Home","item":"https:\/\/naturalstone.af\/"},{"@type":"ListItem","position":2,"name":"Kunar-Nangrahar Marble Quarry"}]},{"@type":"WebSite","@id":"https:\/\/naturalstone.af\/#website","url":"https:\/\/naturalstone.af\/","name":"Empresa de piedra natural","description":"Piedra Kush","potentialAction":[{"@type":"SearchAction","target":{"@type":"EntryPoint","urlTemplate":"https:\/\/naturalstone.af\/?s={search_term_string}"},"query-input":"required name=search_term_string"}],"inLanguage":"es"}]}},"_links":{"self":[{"href":"https:\/\/naturalstone.af\/es\/wp-json\/wp\/v2\/pages\/952"}],"collection":[{"href":"https:\/\/naturalstone.af\/es\/wp-json\/wp\/v2\/pages"}],"about":[{"href":"https:\/\/naturalstone.af\/es\/wp-json\/wp\/v2\/types\/page"}],"author":[{"embeddable":true,"href":"https:\/\/naturalstone.af\/es\/wp-json\/wp\/v2\/users\/1"}],"replies":[{"embeddable":true,"href":"https:\/\/naturalstone.af\/es\/wp-json\/wp\/v2\/comments?post=952"}],"version-history":[{"count":61,"href":"https:\/\/naturalstone.af\/es\/wp-json\/wp\/v2\/pages\/952\/revisions"}],"predecessor-version":[{"id":3960,"href":"https:\/\/naturalstone.af\/es\/wp-json\/wp\/v2\/pages\/952\/revisions\/3960"}],"wp:attachment":[{"href":"https:\/\/naturalstone.af\/es\/wp-json\/wp\/v2\/media?parent=952"}],"curies":[{"name":"wp","href":"https:\/\/api.w.org\/{rel}","templated":true}]}}