{"id":2636,"date":"2020-10-19T16:36:23","date_gmt":"2020-10-19T16:36:23","guid":{"rendered":"https:\/\/naturalstone.af\/?page_id=2636"},"modified":"2021-02-07T13:18:41","modified_gmt":"2021-02-07T19:18:41","slug":"testimonials","status":"publish","type":"page","link":"https:\/\/naturalstone.af\/es\/testimonials\/","title":{"rendered":"Testimonios"},"content":{"rendered":"<div data-elementor-type=\"wp-page\" data-elementor-id=\"2636\" class=\"elementor elementor-2636\" data-elementor-post-type=\"page\">\n\t\t\t\t\t\t<section class=\"elementor-section elementor-top-section elementor-element elementor-element-636daf4f elementor-reverse-mobile elementor-section-boxed elementor-section-height-default elementor-section-height-default\" data-id=\"636daf4f\" data-element_type=\"section\" data-settings=\"{&quot;background_background&quot;:&quot;classic&quot;}\">\n\t\t\t\t\t\t\t<div class=\"elementor-background-overlay\"><\/div>\n\t\t\t\t\t\t\t<div class=\"elementor-container elementor-column-gap-default\">\n\t\t\t\t\t<div class=\"elementor-column elementor-col-100 elementor-top-column elementor-element elementor-element-385649b0\" data-id=\"385649b0\" data-element_type=\"column\">\n\t\t\t<div class=\"elementor-widget-wrap elementor-element-populated\">\n\t\t\t\t\t\t<div class=\"elementor-element elementor-element-37b0ef07 elementor-widget elementor-widget-heading\" data-id=\"37b0ef07\" data-element_type=\"widget\" data-widget_type=\"heading.default\">\n\t\t\t\t<div class=\"elementor-widget-container\">\n\t\t\t\t\t<h5 class=\"elementor-heading-title elementor-size-default\">Empresa de piedra natural<\/h5>\t\t\t\t<\/div>\n\t\t\t\t<\/div>\n\t\t\t\t<div class=\"elementor-element elementor-element-18e145b2 animated-slow elementor-invisible elementor-widget elementor-widget-heading\" data-id=\"18e145b2\" data-element_type=\"widget\" data-settings=\"{&quot;_animation&quot;:&quot;fadeIn&quot;,&quot;_animation_delay&quot;:300}\" data-widget_type=\"heading.default\">\n\t\t\t\t<div class=\"elementor-widget-container\">\n\t\t\t\t\t<h1 class=\"elementor-heading-title elementor-size-default\">Testimonios<\/h1>\t\t\t\t<\/div>\n\t\t\t\t<\/div>\n\t\t\t\t<div class=\"elementor-element elementor-element-abe7428 elementor-widget-divider--separator-type-pattern elementor-widget-divider--no-spacing elementor-widget-divider--view-line elementor-widget elementor-widget-divider\" data-id=\"abe7428\" data-element_type=\"widget\" data-widget_type=\"divider.default\">\n\t\t\t\t<div class=\"elementor-widget-container\">\n\t\t\t\t\t\t\t<div class=\"elementor-divider\" style=\"--divider-pattern-url: url(&quot;data:image\/svg+xml,%3Csvg xmlns=&#039;http:\/\/www.w3.org\/2000\/svg&#039; preserveAspectRatio=&#039;xMidYMid meet&#039; overflow=&#039;visible&#039; height=&#039;100%&#039; viewBox=&#039;0 0 126 26&#039; fill=&#039;black&#039; stroke=&#039;none&#039;%3E%3Cpath d=&#039;M46.8,7.8v11.5L36,18.6V7.8H46.8z M82.4,7.8L84,18.6l-12,0.7L70.4,7.8H82.4z M0,7.8l12,0.9v9.9H1.3L0,7.8z M30,7.8v10.8H19L18,7.8H30z M63.7,7.8L66,18.6H54V9.5L63.7,7.8z M89.8,7L102,7.8v10.8H91.2L89.8,7zM108,7.8l12,0.9v8.9l-12,1V7.8z&#039;\/%3E%3C\/svg%3E&quot;);\">\n\t\t\t<span class=\"elementor-divider-separator\">\n\t\t\t\t\t\t<\/span>\n\t\t<\/div>\n\t\t\t\t\t\t<\/div>\n\t\t\t\t<\/div>\n\t\t\t\t<div class=\"elementor-element elementor-element-29392cc elementor-widget elementor-widget-heading\" data-id=\"29392cc\" data-element_type=\"widget\" data-widget_type=\"heading.default\">\n\t\t\t\t<div class=\"elementor-widget-container\">\n\t\t\t\t\t<h4 class=\"elementor-heading-title elementor-size-default\">Canadian Shield Aggregate Ltd.<\/h4>\t\t\t\t<\/div>\n\t\t\t\t<\/div>\n\t\t\t\t<div class=\"elementor-element elementor-element-7626c99 elementor-widget elementor-widget-heading\" data-id=\"7626c99\" data-element_type=\"widget\" data-widget_type=\"heading.default\">\n\t\t\t\t<div class=\"elementor-widget-container\">\n\t\t\t\t\t<h6 class=\"elementor-heading-title elementor-size-default\">Steve Bigelow, presidente<\/h6>\t\t\t\t<\/div>\n\t\t\t\t<\/div>\n\t\t\t\t<div class=\"elementor-element elementor-element-a2b076d elementor-widget elementor-widget-text-editor\" data-id=\"a2b076d\" data-element_type=\"widget\" data-widget_type=\"text-editor.default\">\n\t\t\t\t<div class=\"elementor-widget-container\">\n\t\t\t\t\t\t\t\t\t<p>Me presentaron al equipo directivo de Natural Stone Company cuando asist\u00ed a la Exposici\u00f3n de M\u00e1rmol en Rajast\u00e1n, India, en febrero de 2017. Escuch\u00e9 sus planes para crear una instalaci\u00f3n de procesamiento de piedra de \u00faltima generaci\u00f3n y que segu\u00ed con gran inter\u00e9s desde el concepto hasta la finalizaci\u00f3n, desarrollo y la construcci\u00f3n de sus dos modernas f\u00e1bricas de procesamiento de placas y azulejos de piedra ubicadas en Kabul, Afganist\u00e1n.\nVisit\u00e9 y recorr\u00ed la sede de Natural Stone Company en Kabul, en noviembre de 2019, observando la mecanizaci\u00f3n de su l\u00ednea de producci\u00f3n, discutiendo la planificaci\u00f3n de la log\u00edstica de comercializaci\u00f3n y la preparaci\u00f3n de la empresa para el desarrollo de las ventas en el mercado de exportaci\u00f3n. Qued\u00e9 impresionado por lo que observ\u00e9 en Kabul e inspirado para conocer las capacidades de producci\u00f3n y productos de calidad que permitir\u00e1n estas dos modernas instalaciones de placas y azulejos de Natural Stone Company. \nEsta visita a la f\u00e1brica me permiti\u00f3 inspeccionar personalmente estas dos modernas instalaciones de procesamiento de piedra y conocer los objetivos y la visi\u00f3n corporativa de Natural Stone Company. La planificaci\u00f3n con atenci\u00f3n a los detalles fue evidente a partir de la instalaci\u00f3n de nueva maquinaria de fabricaci\u00f3n italiana, de calidad superior y bajo consumo energ\u00e9tico. Las instalaciones fueron dise\u00f1adas con una dedicada conciencia de impacto ambiental. El impacto ecol\u00f3gico fue minimizado incorporando una adecuada planificaci\u00f3n e ingenier\u00eda de gesti\u00f3n de residuos.\nLa filosof\u00eda corporativa se enfatiza por la etiqueta profesional de los empleados implementada usando sofisticados programas de capacitaci\u00f3n sobre los est\u00e1ndares internacionales, para lograr un moderno ambiente de salud y seguridad en el lugar de trabajo.\nEstas instalaciones permitir\u00e1n a Natural Stone Company procesar bloques de piedra de m\u00e1rmol, travertino y \u00f3nix de Afganist\u00e1n que se extraen en las tres canteras de su propiedad. La ingenier\u00eda de nivel internacional de terceros, identific\u00f3 y prob\u00f3 en laboratorio, confirmando que estos productos de piedra se encuentran entre las reservas de mayor calidad encontradas en todo el mundo. \nLa empresa ha asegurado servicios log\u00edsticos y econ\u00f3micos confiables, permitiendo que sus productos de piedra se env\u00eden a los mercados internacionales a un costo competitivo con respecto a otras marcas l\u00edderes similares. Los canales de almacenamiento y distribuci\u00f3n est\u00e1n siendo administrados por la gerencia. \nEl enfoque profesional de Natural Stone Company, detalle de la planificaci\u00f3n, capacidad de gesti\u00f3n y la visi\u00f3n corporativa asegurar\u00e1n el \u00e9xito futuro de esta empresa. \nEl impacto m\u00e1s notable que me dej\u00f3 esta visita es la realidad de los cientos de puestos de trabajo cualificados que estas instalaciones de producci\u00f3n crean y ofrecen al pueblo de Afganist\u00e1n. Se trata de un desarrollo econ\u00f3mico impresionante y monumental en un pa\u00eds con extensos recursos minerales naturales.\n\u201cFelicitaciones por todo lo que han logrado y por el futuro \u00e9xito de todos los miembros del equipo de Natural Stone Company\u201d.<\/p>\t\t\t\t\t\t\t\t<\/div>\n\t\t\t\t<\/div>\n\t\t\t\t<div class=\"elementor-element elementor-element-77de499 elementor-widget-divider--separator-type-pattern elementor-widget-divider--no-spacing elementor-widget-divider--view-line elementor-widget elementor-widget-divider\" data-id=\"77de499\" data-element_type=\"widget\" data-widget_type=\"divider.default\">\n\t\t\t\t<div class=\"elementor-widget-container\">\n\t\t\t\t\t\t\t<div class=\"elementor-divider\" style=\"--divider-pattern-url: url(&quot;data:image\/svg+xml,%3Csvg xmlns=&#039;http:\/\/www.w3.org\/2000\/svg&#039; preserveAspectRatio=&#039;xMidYMid meet&#039; overflow=&#039;visible&#039; height=&#039;100%&#039; viewBox=&#039;0 0 126 26&#039; fill=&#039;black&#039; stroke=&#039;none&#039;%3E%3Cpath d=&#039;M46.8,7.8v11.5L36,18.6V7.8H46.8z M82.4,7.8L84,18.6l-12,0.7L70.4,7.8H82.4z M0,7.8l12,0.9v9.9H1.3L0,7.8z M30,7.8v10.8H19L18,7.8H30z M63.7,7.8L66,18.6H54V9.5L63.7,7.8z M89.8,7L102,7.8v10.8H91.2L89.8,7zM108,7.8l12,0.9v8.9l-12,1V7.8z&#039;\/%3E%3C\/svg%3E&quot;);\">\n\t\t\t<span class=\"elementor-divider-separator\">\n\t\t\t\t\t\t<\/span>\n\t\t<\/div>\n\t\t\t\t\t\t<\/div>\n\t\t\t\t<\/div>\n\t\t\t\t<div class=\"elementor-element elementor-element-f147b34 elementor-widget elementor-widget-heading\" data-id=\"f147b34\" data-element_type=\"widget\" data-widget_type=\"heading.default\">\n\t\t\t\t<div class=\"elementor-widget-container\">\n\t\t\t\t\t<h4 class=\"elementor-heading-title elementor-size-default\"> Doctor. en Geolog\u00eda Estructural - Dimension Stone International Consultant<\/h4>\t\t\t\t<\/div>\n\t\t\t\t<\/div>\n\t\t\t\t<div class=\"elementor-element elementor-element-f27b2ab elementor-widget elementor-widget-heading\" data-id=\"f27b2ab\" data-element_type=\"widget\" data-widget_type=\"heading.default\">\n\t\t\t\t<div class=\"elementor-widget-container\">\n\t\t\t\t\t<h6 class=\"elementor-heading-title elementor-size-default\">Dr. Piero Bettini<\/h6>\t\t\t\t<\/div>\n\t\t\t\t<\/div>\n\t\t\t\t<div class=\"elementor-element elementor-element-226eddb elementor-widget elementor-widget-text-editor\" data-id=\"226eddb\" data-element_type=\"widget\" data-widget_type=\"text-editor.default\">\n\t\t\t\t<div class=\"elementor-widget-container\">\n\t\t\t\t\t\t\t\t\t<p>Mi primer contacto con el presidente de Natural Stone Company, Ing. Asif Stanekzai, se remonta al a\u00f1o 2017. Luego, cuando me un\u00ed al equipo DAI del proyecto INVEST\/Afganist\u00e1n, pude visitar las f\u00e1bricas de procesamiento en Kabul en agosto de 2019. Lo que vi me impresion\u00f3 mucho: dos grandes edificios industriales, bien dise\u00f1ados y construidos racionalmente, que utilizan dos l\u00edneas italianas de corte y pulido de tablas y baldosas con producciones mensuales notables. Un almac\u00e9n grande de bloques, equipado con un sistema de manipulaci\u00f3n eficiente, con una moderna gr\u00faa de p\u00f3rtico. Y adem\u00e1s, el reciclaje de los recortes producidos durante la fabricaci\u00f3n, algo que es bastante raro en el pa\u00eds.\nLas piedras disponibles, a las que se a\u00f1aden el m\u00e1rmol, \u00f3nix y travertino de extraordinaria calidad, se calibran y un tienen un pulido perfecto, adecuado para una variedad de aplicaciones, en todas las partes del mundo, gracias a un sistema de embalaje y env\u00edo moderno y confiable.\nPor lo tanto, puedo afirmar con certeza, tras haber visitado el pa\u00eds desde 2011 y luego de haber sido testigo personalmente del desarrollo local de la piedra ornamental durante los \u00faltimos diez a\u00f1os, que Natural Stone Company es la \u00fanica empresa de piedra dimensional confiable en Afganist\u00e1n capaz de ofrecer grandes cantidades de productos acabados de alta calidad que pueden satisfacer f\u00e1cilmente las m\u00e1s altas exigencias del mercado.<\/p>\t\t\t\t\t\t\t\t<\/div>\n\t\t\t\t<\/div>\n\t\t\t\t\t<\/div>\n\t\t<\/div>\n\t\t\t\t\t<\/div>\n\t\t<\/section>\n\t\t\t\t<\/div>","protected":false},"excerpt":{"rendered":"<p>Natural Stone Company Testimonials Canadian Shield Aggregate Ltd. Steve Bigelow, President I was introduced to the Natural Stone Company management team while attending the Marble Exhibition in Rajasthan, India in February 2017. I listened to their plans to create a state-of-the-art stone processing facility and followed with keen interest, from concept to completion, the development [&hellip;]<\/p>","protected":false},"author":1,"featured_media":0,"parent":0,"menu_order":2,"comment_status":"closed","ping_status":"closed","template":"elementor_header_footer","meta":{"footnotes":""},"yoast_head":"<!-- This site is optimized with the Yoast SEO plugin v21.9 - https:\/\/yoast.com\/wordpress\/plugins\/seo\/ -->\n<title>Testimonials - Natural Stone Company<\/title>\n<meta name=\"robots\" content=\"index, follow, max-snippet:-1, max-image-preview:large, max-video-preview:-1\" \/>\n<link rel=\"canonical\" href=\"https:\/\/naturalstone.af\/es\/testimonials\/\" \/>\n<meta property=\"og:locale\" content=\"es_ES\" \/>\n<meta property=\"og:type\" content=\"article\" \/>\n<meta property=\"og:title\" content=\"Testimonials - Natural Stone Company\" \/>\n<meta property=\"og:description\" content=\"Natural Stone Company Testimonials Canadian Shield Aggregate Ltd. Steve Bigelow, President I was introduced to the Natural Stone Company management team while attending the Marble Exhibition in Rajasthan, India in February 2017. I listened to their plans to create a state-of-the-art stone processing facility and followed with keen interest, from concept to completion, the development [&hellip;]\" \/>\n<meta property=\"og:url\" content=\"https:\/\/naturalstone.af\/es\/testimonials\/\" \/>\n<meta property=\"og:site_name\" content=\"Natural Stone Company\" \/>\n<meta property=\"article:modified_time\" content=\"2021-02-07T19:18:41+00:00\" \/>\n<meta name=\"twitter:card\" content=\"summary_large_image\" \/>\n<meta name=\"twitter:label1\" content=\"Tiempo de lectura\" \/>\n\t<meta name=\"twitter:data1\" content=\"3 minutos\" \/>\n<script type=\"application\/ld+json\" class=\"yoast-schema-graph\">{\"@context\":\"https:\/\/schema.org\",\"@graph\":[{\"@type\":\"WebPage\",\"@id\":\"https:\/\/naturalstone.af\/testimonials\/\",\"url\":\"https:\/\/naturalstone.af\/testimonials\/\",\"name\":\"Testimonials - Natural Stone Company\",\"isPartOf\":{\"@id\":\"https:\/\/naturalstone.af\/#website\"},\"datePublished\":\"2020-10-19T16:36:23+00:00\",\"dateModified\":\"2021-02-07T19:18:41+00:00\",\"breadcrumb\":{\"@id\":\"https:\/\/naturalstone.af\/testimonials\/#breadcrumb\"},\"inLanguage\":\"es\",\"potentialAction\":[{\"@type\":\"ReadAction\",\"target\":[\"https:\/\/naturalstone.af\/testimonials\/\"]}]},{\"@type\":\"BreadcrumbList\",\"@id\":\"https:\/\/naturalstone.af\/testimonials\/#breadcrumb\",\"itemListElement\":[{\"@type\":\"ListItem\",\"position\":1,\"name\":\"Home\",\"item\":\"https:\/\/naturalstone.af\/\"},{\"@type\":\"ListItem\",\"position\":2,\"name\":\"Testimonials\"}]},{\"@type\":\"WebSite\",\"@id\":\"https:\/\/naturalstone.af\/#website\",\"url\":\"https:\/\/naturalstone.af\/\",\"name\":\"Natural Stone Company\",\"description\":\"Kush Stone\",\"potentialAction\":[{\"@type\":\"SearchAction\",\"target\":{\"@type\":\"EntryPoint\",\"urlTemplate\":\"https:\/\/naturalstone.af\/?s={search_term_string}\"},\"query-input\":\"required name=search_term_string\"}],\"inLanguage\":\"es\"}]}<\/script>\n<!-- \/ Yoast SEO plugin. -->","yoast_head_json":{"title":"Testimonials - Natural Stone Company","robots":{"index":"index","follow":"follow","max-snippet":"max-snippet:-1","max-image-preview":"max-image-preview:large","max-video-preview":"max-video-preview:-1"},"canonical":"https:\/\/naturalstone.af\/es\/testimonials\/","og_locale":"es_ES","og_type":"article","og_title":"Testimonials - Natural Stone Company","og_description":"Natural Stone Company Testimonials Canadian Shield Aggregate Ltd. Steve Bigelow, President I was introduced to the Natural Stone Company management team while attending the Marble Exhibition in Rajasthan, India in February 2017. I listened to their plans to create a state-of-the-art stone processing facility and followed with keen interest, from concept to completion, the development [&hellip;]","og_url":"https:\/\/naturalstone.af\/es\/testimonials\/","og_site_name":"Natural Stone Company","article_modified_time":"2021-02-07T19:18:41+00:00","twitter_card":"summary_large_image","twitter_misc":{"Tiempo de lectura":"3 minutos"},"schema":{"@context":"https:\/\/schema.org","@graph":[{"@type":"WebPage","@id":"https:\/\/naturalstone.af\/testimonials\/","url":"https:\/\/naturalstone.af\/testimonials\/","name":"Testimonials - Natural Stone Company","isPartOf":{"@id":"https:\/\/naturalstone.af\/#website"},"datePublished":"2020-10-19T16:36:23+00:00","dateModified":"2021-02-07T19:18:41+00:00","breadcrumb":{"@id":"https:\/\/naturalstone.af\/testimonials\/#breadcrumb"},"inLanguage":"es","potentialAction":[{"@type":"ReadAction","target":["https:\/\/naturalstone.af\/testimonials\/"]}]},{"@type":"BreadcrumbList","@id":"https:\/\/naturalstone.af\/testimonials\/#breadcrumb","itemListElement":[{"@type":"ListItem","position":1,"name":"Home","item":"https:\/\/naturalstone.af\/"},{"@type":"ListItem","position":2,"name":"Testimonials"}]},{"@type":"WebSite","@id":"https:\/\/naturalstone.af\/#website","url":"https:\/\/naturalstone.af\/","name":"Empresa de piedra natural","description":"Piedra Kush","potentialAction":[{"@type":"SearchAction","target":{"@type":"EntryPoint","urlTemplate":"https:\/\/naturalstone.af\/?s={search_term_string}"},"query-input":"required name=search_term_string"}],"inLanguage":"es"}]}},"_links":{"self":[{"href":"https:\/\/naturalstone.af\/es\/wp-json\/wp\/v2\/pages\/2636"}],"collection":[{"href":"https:\/\/naturalstone.af\/es\/wp-json\/wp\/v2\/pages"}],"about":[{"href":"https:\/\/naturalstone.af\/es\/wp-json\/wp\/v2\/types\/page"}],"author":[{"embeddable":true,"href":"https:\/\/naturalstone.af\/es\/wp-json\/wp\/v2\/users\/1"}],"replies":[{"embeddable":true,"href":"https:\/\/naturalstone.af\/es\/wp-json\/wp\/v2\/comments?post=2636"}],"version-history":[{"count":46,"href":"https:\/\/naturalstone.af\/es\/wp-json\/wp\/v2\/pages\/2636\/revisions"}],"predecessor-version":[{"id":3918,"href":"https:\/\/naturalstone.af\/es\/wp-json\/wp\/v2\/pages\/2636\/revisions\/3918"}],"wp:attachment":[{"href":"https:\/\/naturalstone.af\/es\/wp-json\/wp\/v2\/media?parent=2636"}],"curies":[{"name":"wp","href":"https:\/\/api.w.org\/{rel}","templated":true}]}}