{"id":584,"date":"2020-07-13T16:35:09","date_gmt":"2020-07-13T16:35:09","guid":{"rendered":"https:\/\/naturalstone.af\/?page_id=584"},"modified":"2021-01-30T21:54:54","modified_gmt":"2021-01-30T21:54:54","slug":"news","status":"publish","type":"page","link":"https:\/\/naturalstone.af\/de\/news\/","title":{"rendered":"Neuheiten"},"content":{"rendered":"<div data-elementor-type=\"wp-page\" data-elementor-id=\"584\" class=\"elementor elementor-584\" data-elementor-post-type=\"page\">\n\t\t\t\t\t\t<section class=\"elementor-section elementor-top-section elementor-element elementor-element-3b98d47e elementor-reverse-mobile elementor-section-boxed elementor-section-height-default elementor-section-height-default\" data-id=\"3b98d47e\" data-element_type=\"section\" data-settings=\"{&quot;background_background&quot;:&quot;classic&quot;}\">\n\t\t\t\t\t\t\t<div class=\"elementor-background-overlay\"><\/div>\n\t\t\t\t\t\t\t<div class=\"elementor-container elementor-column-gap-default\">\n\t\t\t\t\t<div class=\"elementor-column elementor-col-100 elementor-top-column elementor-element elementor-element-2b23c43d\" data-id=\"2b23c43d\" data-element_type=\"column\">\n\t\t\t<div class=\"elementor-widget-wrap elementor-element-populated\">\n\t\t\t\t\t\t<div class=\"elementor-element elementor-element-35ba684b elementor-widget elementor-widget-heading\" data-id=\"35ba684b\" data-element_type=\"widget\" data-widget_type=\"heading.default\">\n\t\t\t\t<div class=\"elementor-widget-container\">\n\t\t\t\t\t<h5 class=\"elementor-heading-title elementor-size-default\">Natural Stone Company<\/h5>\t\t\t\t<\/div>\n\t\t\t\t<\/div>\n\t\t\t\t<div class=\"elementor-element elementor-element-b74c6d1 animated-slow elementor-invisible elementor-widget elementor-widget-heading\" data-id=\"b74c6d1\" data-element_type=\"widget\" data-settings=\"{&quot;_animation&quot;:&quot;fadeIn&quot;,&quot;_animation_delay&quot;:300}\" data-widget_type=\"heading.default\">\n\t\t\t\t<div class=\"elementor-widget-container\">\n\t\t\t\t\t<h1 class=\"elementor-heading-title elementor-size-default\">Neuheiten<\/h1>\t\t\t\t<\/div>\n\t\t\t\t<\/div>\n\t\t\t\t<div class=\"elementor-element elementor-element-9e2f546 elementor-grid-1 elementor-grid-tablet-1 elementor-grid-mobile-1 elementor-posts--thumbnail-top elementor-widget elementor-widget-posts\" data-id=\"9e2f546\" data-element_type=\"widget\" data-settings=\"{&quot;classic_columns&quot;:&quot;1&quot;,&quot;classic_row_gap&quot;:{&quot;unit&quot;:&quot;px&quot;,&quot;size&quot;:&quot;50&quot;,&quot;sizes&quot;:[]},&quot;classic_columns_tablet&quot;:&quot;1&quot;,&quot;classic_columns_mobile&quot;:&quot;1&quot;,&quot;classic_row_gap_tablet&quot;:{&quot;unit&quot;:&quot;px&quot;,&quot;size&quot;:&quot;&quot;,&quot;sizes&quot;:[]},&quot;classic_row_gap_mobile&quot;:{&quot;unit&quot;:&quot;px&quot;,&quot;size&quot;:&quot;&quot;,&quot;sizes&quot;:[]}}\" data-widget_type=\"posts.classic\">\n\t\t\t\t<div class=\"elementor-widget-container\">\n\t\t\t\t\t\t\t<div class=\"elementor-posts-container elementor-posts elementor-posts--skin-classic elementor-grid\">\n\t\t\t\t<article class=\"elementor-post elementor-grid-item post-641 post type-post status-publish format-standard has-post-thumbnail hentry category-natural-stone-company category-news entry has-media\">\n\t\t\t\t<a class=\"elementor-post__thumbnail__link\" href=\"https:\/\/naturalstone.af\/de\/afghanistans-ministry-of-mines-and-petroleum\/\" tabindex=\"-1\" >\n\t\t\t<div class=\"elementor-post__thumbnail\"><img fetchpriority=\"high\" decoding=\"async\" width=\"800\" height=\"720\" src=\"https:\/\/naturalstone.af\/wp-content\/uploads\/2020\/07\/123456789.jpg\" class=\"attachment-full size-full wp-image-643\" alt=\"\" srcset=\"https:\/\/naturalstone.af\/wp-content\/uploads\/2020\/07\/123456789.jpg 800w, https:\/\/naturalstone.af\/wp-content\/uploads\/2020\/07\/123456789-300x270.jpg 300w, https:\/\/naturalstone.af\/wp-content\/uploads\/2020\/07\/123456789-768x691.jpg 768w\" sizes=\"(max-width: 800px) 100vw, 800px\" \/><\/div>\n\t\t<\/a>\n\t\t\t\t<div class=\"elementor-post__text\">\n\t\t\t\t<h3 class=\"elementor-post__title\">\n\t\t\t<a href=\"https:\/\/naturalstone.af\/de\/afghanistans-ministry-of-mines-and-petroleum\/\" >\n\t\t\t\tAfghanistans Ministerium f\u00fcr Bergbau und Erd\u00f6l\t\t\t<\/a>\n\t\t<\/h3>\n\t\t\t\t<div class=\"elementor-post__meta-data\">\n\t\t\t\t\t<span class=\"elementor-post-date\">\n\t\t\t22. April 2020\t\t<\/span>\n\t\t\t\t<\/div>\n\t\t\t\t<div class=\"elementor-post__excerpt\">\n\t\t\t<p>KABUL Afghanistan - Am 21. April 2020 unterzeichnete die in Afghanistan befindliche und betriebene Natural Stone Company zwei Konzessionsvereinbarungen mit dem Ministerium f\u00fcr Bergbau und Erd\u00f6l (MoMP) zur Exploration von Kunar-Nangarhar-Marmor und Lolanj-Parwan-Travertin. Pr\u00e4sident Ashraf Ghani trat dem Unternehmen und dem amtierenden Minister f\u00fcr Bergbau und Erd\u00f6l per Video bei<\/p>\n\t\t<\/div>\n\t\t\n\t\t<a class=\"elementor-post__read-more\" href=\"https:\/\/naturalstone.af\/de\/afghanistans-ministry-of-mines-and-petroleum\/\" aria-label=\"Read more about Afghanistan&#8217;s Ministry of Mines and Petroleum\" tabindex=\"-1\" >\n\t\t\tWeiterlesen &quot;\t\t<\/a>\n\n\t\t\t\t<\/div>\n\t\t\t\t<\/article>\n\t\t\t\t<\/div>\n\t\t\n\t\t\t\t\t\t<\/div>\n\t\t\t\t<\/div>\n\t\t\t\t\t<\/div>\n\t\t<\/div>\n\t\t\t\t\t<\/div>\n\t\t<\/section>\n\t\t\t\t<\/div>","protected":false},"excerpt":{"rendered":"<p>Natural Stone Company News<\/p>","protected":false},"author":1,"featured_media":0,"parent":0,"menu_order":0,"comment_status":"closed","ping_status":"closed","template":"elementor_header_footer","meta":{"footnotes":""},"yoast_head":"<!-- This site is optimized with the Yoast SEO plugin v21.9 - https:\/\/yoast.com\/wordpress\/plugins\/seo\/ -->\n<title>News - Natural Stone Company<\/title>\n<meta name=\"robots\" content=\"index, follow, max-snippet:-1, max-image-preview:large, max-video-preview:-1\" \/>\n<link rel=\"canonical\" href=\"https:\/\/naturalstone.af\/de\/news\/\" \/>\n<meta property=\"og:locale\" content=\"de_DE\" \/>\n<meta property=\"og:type\" content=\"article\" \/>\n<meta property=\"og:title\" content=\"News - Natural Stone Company\" \/>\n<meta property=\"og:description\" content=\"Natural Stone Company News\" \/>\n<meta property=\"og:url\" content=\"https:\/\/naturalstone.af\/de\/news\/\" \/>\n<meta property=\"og:site_name\" content=\"Natural Stone Company\" \/>\n<meta property=\"article:modified_time\" content=\"2021-01-30T21:54:54+00:00\" \/>\n<meta name=\"twitter:card\" content=\"summary_large_image\" \/>\n<script type=\"application\/ld+json\" class=\"yoast-schema-graph\">{\"@context\":\"https:\/\/schema.org\",\"@graph\":[{\"@type\":\"WebPage\",\"@id\":\"https:\/\/naturalstone.af\/news\/\",\"url\":\"https:\/\/naturalstone.af\/news\/\",\"name\":\"News - Natural Stone Company\",\"isPartOf\":{\"@id\":\"https:\/\/naturalstone.af\/#website\"},\"datePublished\":\"2020-07-13T16:35:09+00:00\",\"dateModified\":\"2021-01-30T21:54:54+00:00\",\"breadcrumb\":{\"@id\":\"https:\/\/naturalstone.af\/news\/#breadcrumb\"},\"inLanguage\":\"de\",\"potentialAction\":[{\"@type\":\"ReadAction\",\"target\":[\"https:\/\/naturalstone.af\/news\/\"]}]},{\"@type\":\"BreadcrumbList\",\"@id\":\"https:\/\/naturalstone.af\/news\/#breadcrumb\",\"itemListElement\":[{\"@type\":\"ListItem\",\"position\":1,\"name\":\"Home\",\"item\":\"https:\/\/naturalstone.af\/\"},{\"@type\":\"ListItem\",\"position\":2,\"name\":\"News\"}]},{\"@type\":\"WebSite\",\"@id\":\"https:\/\/naturalstone.af\/#website\",\"url\":\"https:\/\/naturalstone.af\/\",\"name\":\"Natural Stone Company\",\"description\":\"Kush Stone\",\"potentialAction\":[{\"@type\":\"SearchAction\",\"target\":{\"@type\":\"EntryPoint\",\"urlTemplate\":\"https:\/\/naturalstone.af\/?s={search_term_string}\"},\"query-input\":\"required name=search_term_string\"}],\"inLanguage\":\"de\"}]}<\/script>\n<!-- \/ Yoast SEO plugin. -->","yoast_head_json":{"title":"News - Natural Stone Company","robots":{"index":"index","follow":"follow","max-snippet":"max-snippet:-1","max-image-preview":"max-image-preview:large","max-video-preview":"max-video-preview:-1"},"canonical":"https:\/\/naturalstone.af\/de\/news\/","og_locale":"de_DE","og_type":"article","og_title":"News - Natural Stone Company","og_description":"Natural Stone Company News","og_url":"https:\/\/naturalstone.af\/de\/news\/","og_site_name":"Natural Stone Company","article_modified_time":"2021-01-30T21:54:54+00:00","twitter_card":"summary_large_image","schema":{"@context":"https:\/\/schema.org","@graph":[{"@type":"WebPage","@id":"https:\/\/naturalstone.af\/news\/","url":"https:\/\/naturalstone.af\/news\/","name":"News - Natural Stone Company","isPartOf":{"@id":"https:\/\/naturalstone.af\/#website"},"datePublished":"2020-07-13T16:35:09+00:00","dateModified":"2021-01-30T21:54:54+00:00","breadcrumb":{"@id":"https:\/\/naturalstone.af\/news\/#breadcrumb"},"inLanguage":"de","potentialAction":[{"@type":"ReadAction","target":["https:\/\/naturalstone.af\/news\/"]}]},{"@type":"BreadcrumbList","@id":"https:\/\/naturalstone.af\/news\/#breadcrumb","itemListElement":[{"@type":"ListItem","position":1,"name":"Home","item":"https:\/\/naturalstone.af\/"},{"@type":"ListItem","position":2,"name":"News"}]},{"@type":"WebSite","@id":"https:\/\/naturalstone.af\/#website","url":"https:\/\/naturalstone.af\/","name":"Natural Stone Company","description":"Kush Stone","potentialAction":[{"@type":"SearchAction","target":{"@type":"EntryPoint","urlTemplate":"https:\/\/naturalstone.af\/?s={search_term_string}"},"query-input":"required name=search_term_string"}],"inLanguage":"de"}]}},"_links":{"self":[{"href":"https:\/\/naturalstone.af\/de\/wp-json\/wp\/v2\/pages\/584"}],"collection":[{"href":"https:\/\/naturalstone.af\/de\/wp-json\/wp\/v2\/pages"}],"about":[{"href":"https:\/\/naturalstone.af\/de\/wp-json\/wp\/v2\/types\/page"}],"author":[{"embeddable":true,"href":"https:\/\/naturalstone.af\/de\/wp-json\/wp\/v2\/users\/1"}],"replies":[{"embeddable":true,"href":"https:\/\/naturalstone.af\/de\/wp-json\/wp\/v2\/comments?post=584"}],"version-history":[{"count":38,"href":"https:\/\/naturalstone.af\/de\/wp-json\/wp\/v2\/pages\/584\/revisions"}],"predecessor-version":[{"id":3772,"href":"https:\/\/naturalstone.af\/de\/wp-json\/wp\/v2\/pages\/584\/revisions\/3772"}],"wp:attachment":[{"href":"https:\/\/naturalstone.af\/de\/wp-json\/wp\/v2\/media?parent=584"}],"curies":[{"name":"wp","href":"https:\/\/api.w.org\/{rel}","templated":true}]}}