{"id":2636,"date":"2020-10-19T16:36:23","date_gmt":"2020-10-19T16:36:23","guid":{"rendered":"https:\/\/naturalstone.af\/?page_id=2636"},"modified":"2021-02-07T13:18:41","modified_gmt":"2021-02-07T19:18:41","slug":"testimonials","status":"publish","type":"page","link":"https:\/\/naturalstone.af\/de\/testimonials\/","title":{"rendered":"Referenzen"},"content":{"rendered":"<div data-elementor-type=\"wp-page\" data-elementor-id=\"2636\" class=\"elementor elementor-2636\" data-elementor-post-type=\"page\">\n\t\t\t\t\t\t<section class=\"elementor-section elementor-top-section elementor-element elementor-element-636daf4f elementor-reverse-mobile elementor-section-boxed elementor-section-height-default elementor-section-height-default\" data-id=\"636daf4f\" data-element_type=\"section\" data-settings=\"{&quot;background_background&quot;:&quot;classic&quot;}\">\n\t\t\t\t\t\t\t<div class=\"elementor-background-overlay\"><\/div>\n\t\t\t\t\t\t\t<div class=\"elementor-container elementor-column-gap-default\">\n\t\t\t\t\t<div class=\"elementor-column elementor-col-100 elementor-top-column elementor-element elementor-element-385649b0\" data-id=\"385649b0\" data-element_type=\"column\">\n\t\t\t<div class=\"elementor-widget-wrap elementor-element-populated\">\n\t\t\t\t\t\t<div class=\"elementor-element elementor-element-37b0ef07 elementor-widget elementor-widget-heading\" data-id=\"37b0ef07\" data-element_type=\"widget\" data-widget_type=\"heading.default\">\n\t\t\t\t<div class=\"elementor-widget-container\">\n\t\t\t\t\t<h5 class=\"elementor-heading-title elementor-size-default\">Natural Stone Company<\/h5>\t\t\t\t<\/div>\n\t\t\t\t<\/div>\n\t\t\t\t<div class=\"elementor-element elementor-element-18e145b2 animated-slow elementor-invisible elementor-widget elementor-widget-heading\" data-id=\"18e145b2\" data-element_type=\"widget\" data-settings=\"{&quot;_animation&quot;:&quot;fadeIn&quot;,&quot;_animation_delay&quot;:300}\" data-widget_type=\"heading.default\">\n\t\t\t\t<div class=\"elementor-widget-container\">\n\t\t\t\t\t<h1 class=\"elementor-heading-title elementor-size-default\">Referenzen<\/h1>\t\t\t\t<\/div>\n\t\t\t\t<\/div>\n\t\t\t\t<div class=\"elementor-element elementor-element-abe7428 elementor-widget-divider--separator-type-pattern elementor-widget-divider--no-spacing elementor-widget-divider--view-line elementor-widget elementor-widget-divider\" data-id=\"abe7428\" data-element_type=\"widget\" data-widget_type=\"divider.default\">\n\t\t\t\t<div class=\"elementor-widget-container\">\n\t\t\t\t\t\t\t<div class=\"elementor-divider\" style=\"--divider-pattern-url: url(&quot;data:image\/svg+xml,%3Csvg xmlns=&#039;http:\/\/www.w3.org\/2000\/svg&#039; preserveAspectRatio=&#039;xMidYMid meet&#039; overflow=&#039;visible&#039; height=&#039;100%&#039; viewBox=&#039;0 0 126 26&#039; fill=&#039;black&#039; stroke=&#039;none&#039;%3E%3Cpath d=&#039;M46.8,7.8v11.5L36,18.6V7.8H46.8z M82.4,7.8L84,18.6l-12,0.7L70.4,7.8H82.4z M0,7.8l12,0.9v9.9H1.3L0,7.8z M30,7.8v10.8H19L18,7.8H30z M63.7,7.8L66,18.6H54V9.5L63.7,7.8z M89.8,7L102,7.8v10.8H91.2L89.8,7zM108,7.8l12,0.9v8.9l-12,1V7.8z&#039;\/%3E%3C\/svg%3E&quot;);\">\n\t\t\t<span class=\"elementor-divider-separator\">\n\t\t\t\t\t\t<\/span>\n\t\t<\/div>\n\t\t\t\t\t\t<\/div>\n\t\t\t\t<\/div>\n\t\t\t\t<div class=\"elementor-element elementor-element-29392cc elementor-widget elementor-widget-heading\" data-id=\"29392cc\" data-element_type=\"widget\" data-widget_type=\"heading.default\">\n\t\t\t\t<div class=\"elementor-widget-container\">\n\t\t\t\t\t<h4 class=\"elementor-heading-title elementor-size-default\">Canadian Shield Aggregate Ltd.<\/h4>\t\t\t\t<\/div>\n\t\t\t\t<\/div>\n\t\t\t\t<div class=\"elementor-element elementor-element-7626c99 elementor-widget elementor-widget-heading\" data-id=\"7626c99\" data-element_type=\"widget\" data-widget_type=\"heading.default\">\n\t\t\t\t<div class=\"elementor-widget-container\">\n\t\t\t\t\t<h6 class=\"elementor-heading-title elementor-size-default\">Steve Bigelow, Pr\u00e4sident<\/h6>\t\t\t\t<\/div>\n\t\t\t\t<\/div>\n\t\t\t\t<div class=\"elementor-element elementor-element-a2b076d elementor-widget elementor-widget-text-editor\" data-id=\"a2b076d\" data-element_type=\"widget\" data-widget_type=\"text-editor.default\">\n\t\t\t\t<div class=\"elementor-widget-container\">\n\t\t\t\t\t\t\t\t\t<p>Ich wurde dem Management-Team der Natural Stone Company vorgestellt, als ich im Februar 2017 an der Marmorausstellung in Rajasthan, Indien, teilnahm. Ich h\u00f6rte ihren Pl\u00e4nen zu, eine hochmoderne Steinverarbeitungsanlage zu errichten, und verfolgte mit gro\u00dfem Interesse von der Konzeption bis zur Fertigstellung die Entwicklung und den Bau ihrer beiden modernen Fabriken zur Verarbeitung von Steinplatten und Fliesen in Kabul, Afghanistan.\nIm November 2019 besuchte und besichtigte ich die Zentrale der Kabul Natural Stone Company, um deren Mechanisierung der Produktionsreihe zu beobachten und die Planung der Marketinglogistik und die Bereitschaft der Unternehmen f\u00fcr die Entwicklung des Exportmarktverkaufs zu besprechen. Ich war beeindruckt von dem, was ich in Kabul gesehen habe, und war begeistert von den Produktionskapazit\u00e4ten und Qualit\u00e4tsprodukten, die diese beiden modernen Platten- und Fliesenanlagen der Natural Stone Company erm\u00f6glichen k\u00f6nnen.\nDiese Werksbesichtigung erm\u00f6glichte es mir, diese beiden modernen Steinverarbeitungsbetriebe pers\u00f6nlich zu besichtigen und die Ziele und die Unternehmensvision der Natural Stone Company kennenzulernen. Die Planung mit Liebe zum Detail wurde durch die Installation \u00fcberlegener neuer und energieeffizienter italienischer Fertigungsmaschinen deutlich. Die Einrichtungen wurden mit einem speziellen Bewusstsein f\u00fcr Umweltauswirkungen entworfen. Der \u00f6kologische Fu\u00dfabdruck wurde durch die Einbeziehung einer ordnungsgem\u00e4\u00dfen Abfallbewirtschaftungsplanung und -technik minimiert.\nDie Unternehmensphilosophie wird durch die professionelle Mitarbeiteretikette unterstrichen, die mithilfe hochentwickelter Schulungsprogramme f\u00fcr Mitarbeiter nach Weltstandard f\u00fcr ein modernes Arbeitsumfeld f\u00fcr Gesundheit und Sicherheit eingef\u00fchrt wurde.\nMit diesen Anlagen kann The Natural Stone Company Afghanistan-Marmor-, Travertin- und Onyx-Steinbl\u00f6cke verarbeiten, die aus ihren eigenen drei Steinbr\u00fcchen gewonnen werden. Internationales Engineering von Drittanbietern hat Proben identifiziert und im Labor getestet, um zu best\u00e4tigen, dass diese abgebauten Steinprodukte zu den weltweit hochwertigsten Reserven geh\u00f6ren. \nDas Unternehmen hat zuverl\u00e4ssige und wirtschaftliche Logistikdienstleistungen gesichert, damit seine Steinprodukte zu Kosten, die f\u00fcr andere \u00e4hnliche f\u00fchrende Marken wettbewerbsf\u00e4hig sind, auf internationale M\u00e4rkte geliefert werden k\u00f6nnen. Lager- und Vertriebskan\u00e4le werden jetzt vom Management eingerichtet. \nDer professionelle Ansatz der Natural Stone Company, Details zu Planung, Managementf\u00e4higkeiten und Unternehmensvision werden einen zuk\u00fcnftigen Erfolg f\u00fcr die Natural Stone Company sicherstellen.\nEine weitere einpr\u00e4gende Auswirkung dieses Besuchs auf mich, ist die Realisierung von Hunderten von qualifizierten Arbeitspl\u00e4tzen, die diese Produktionsanlagen schaffen und die den Menschen in Afghanistan angeboten werden. Es ist eine beeindruckende und monumentale wirtschaftliche Entwicklung in einem Land mit einer so reichen Mineralisierung nat\u00fcrlicher Ressourcen.\n\"Herzlichen Gl\u00fcckwunsch zu dem, was bereits erreicht wurde, und zum zuk\u00fcnftigen Erfolg f\u00fcr alle im Team der Natural Stone Company.\"<\/p>\t\t\t\t\t\t\t\t<\/div>\n\t\t\t\t<\/div>\n\t\t\t\t<div class=\"elementor-element elementor-element-77de499 elementor-widget-divider--separator-type-pattern elementor-widget-divider--no-spacing elementor-widget-divider--view-line elementor-widget elementor-widget-divider\" data-id=\"77de499\" data-element_type=\"widget\" data-widget_type=\"divider.default\">\n\t\t\t\t<div class=\"elementor-widget-container\">\n\t\t\t\t\t\t\t<div class=\"elementor-divider\" style=\"--divider-pattern-url: url(&quot;data:image\/svg+xml,%3Csvg xmlns=&#039;http:\/\/www.w3.org\/2000\/svg&#039; preserveAspectRatio=&#039;xMidYMid meet&#039; overflow=&#039;visible&#039; height=&#039;100%&#039; viewBox=&#039;0 0 126 26&#039; fill=&#039;black&#039; stroke=&#039;none&#039;%3E%3Cpath d=&#039;M46.8,7.8v11.5L36,18.6V7.8H46.8z M82.4,7.8L84,18.6l-12,0.7L70.4,7.8H82.4z M0,7.8l12,0.9v9.9H1.3L0,7.8z M30,7.8v10.8H19L18,7.8H30z M63.7,7.8L66,18.6H54V9.5L63.7,7.8z M89.8,7L102,7.8v10.8H91.2L89.8,7zM108,7.8l12,0.9v8.9l-12,1V7.8z&#039;\/%3E%3C\/svg%3E&quot;);\">\n\t\t\t<span class=\"elementor-divider-separator\">\n\t\t\t\t\t\t<\/span>\n\t\t<\/div>\n\t\t\t\t\t\t<\/div>\n\t\t\t\t<\/div>\n\t\t\t\t<div class=\"elementor-element elementor-element-f147b34 elementor-widget elementor-widget-heading\" data-id=\"f147b34\" data-element_type=\"widget\" data-widget_type=\"heading.default\">\n\t\t\t\t<div class=\"elementor-widget-container\">\n\t\t\t\t\t<h4 class=\"elementor-heading-title elementor-size-default\"> Ph.D. in Strukturgeologie - Dimension Stone International Consultant<\/h4>\t\t\t\t<\/div>\n\t\t\t\t<\/div>\n\t\t\t\t<div class=\"elementor-element elementor-element-f27b2ab elementor-widget elementor-widget-heading\" data-id=\"f27b2ab\" data-element_type=\"widget\" data-widget_type=\"heading.default\">\n\t\t\t\t<div class=\"elementor-widget-container\">\n\t\t\t\t\t<h6 class=\"elementor-heading-title elementor-size-default\">Dr. Piero Bettini<\/h6>\t\t\t\t<\/div>\n\t\t\t\t<\/div>\n\t\t\t\t<div class=\"elementor-element elementor-element-226eddb elementor-widget elementor-widget-text-editor\" data-id=\"226eddb\" data-element_type=\"widget\" data-widget_type=\"text-editor.default\">\n\t\t\t\t<div class=\"elementor-widget-container\">\n\t\t\t\t\t\t\t\t\t<p>Mein erster Kontakt mit dem Pr\u00e4sidenten der Natural Stone Company, Eng. Asif Stanekzai war im Jahr 2017. Als ich mich sp\u00e4ter dem DAI-Team des INVEST \/ Afghanistan-Projekts anschloss, konnte ich im August 2019 seine Verarbeitungsfabriken in Kabul besuchen. Was ich gesehen habe, hat mich wirklich beeindruckt: zwei gro\u00dfe Industriegeb\u00e4ude, gut entworfen und rational gebaut, in denen zwei italienische Schneid- und Polieranlagen f\u00fcr Platten und Fliesen mit bemerkenswerten monatlichen Produktionen untergebracht sind. Es ist sehr gro\u00dfes Blocklager, ausgestattet mit einem effizienten Handhabungssystem mit einem modernen Portalkran. Und dann das Recycling von Schl\u00e4mmen, die w\u00e4hrend der Herstellung entstehen, was im Land ziemlich selten ist.\nDie verf\u00fcgbaren Steinmaterialien, zu denen Marmor, Onyx und Travertin von neuer und au\u00dfergew\u00f6hnlicher Qualit\u00e4t hinzugef\u00fcgt werden, sind perfekt kalibriert und poliert und dank eines modernen und zuverl\u00e4ssigen Verpackungs- und Versandsystems f\u00fcr eine Vielzahl von Anwendungen in allen Teilen der Welt verwendbar.\nIch habe das Land seit 2011 besucht und die lokale Entwicklung von Ziersteinen in den letzten zehn Jahren pers\u00f6nlich miterlebt und kann daher mit Sicherheit best\u00e4tigen, dass die Natural Stone Company das einzige zuverl\u00e4ssige Natursteinunternehmen in Afghanistan ist, das gro\u00dfe Mengen hochwertiger und qualitative Endprodukte anbieten kann, die ohne Probleme die h\u00f6chsten Marktanforderungen erf\u00fcllen k\u00f6nnen.<\/p>\t\t\t\t\t\t\t\t<\/div>\n\t\t\t\t<\/div>\n\t\t\t\t\t<\/div>\n\t\t<\/div>\n\t\t\t\t\t<\/div>\n\t\t<\/section>\n\t\t\t\t<\/div>","protected":false},"excerpt":{"rendered":"<p>Natural Stone Company Testimonials Canadian Shield Aggregate Ltd. Steve Bigelow, President I was introduced to the Natural Stone Company management team while attending the Marble Exhibition in Rajasthan, India in February 2017. I listened to their plans to create a state-of-the-art stone processing facility and followed with keen interest, from concept to completion, the development [&hellip;]<\/p>","protected":false},"author":1,"featured_media":0,"parent":0,"menu_order":2,"comment_status":"closed","ping_status":"closed","template":"elementor_header_footer","meta":{"footnotes":""},"yoast_head":"<!-- This site is optimized with the Yoast SEO plugin v21.9 - https:\/\/yoast.com\/wordpress\/plugins\/seo\/ -->\n<title>Testimonials - Natural Stone Company<\/title>\n<meta name=\"robots\" content=\"index, follow, max-snippet:-1, max-image-preview:large, max-video-preview:-1\" \/>\n<link rel=\"canonical\" href=\"https:\/\/naturalstone.af\/de\/testimonials\/\" \/>\n<meta property=\"og:locale\" content=\"de_DE\" \/>\n<meta property=\"og:type\" content=\"article\" \/>\n<meta property=\"og:title\" content=\"Testimonials - Natural Stone Company\" \/>\n<meta property=\"og:description\" content=\"Natural Stone Company Testimonials Canadian Shield Aggregate Ltd. Steve Bigelow, President I was introduced to the Natural Stone Company management team while attending the Marble Exhibition in Rajasthan, India in February 2017. I listened to their plans to create a state-of-the-art stone processing facility and followed with keen interest, from concept to completion, the development [&hellip;]\" \/>\n<meta property=\"og:url\" content=\"https:\/\/naturalstone.af\/de\/testimonials\/\" \/>\n<meta property=\"og:site_name\" content=\"Natural Stone Company\" \/>\n<meta property=\"article:modified_time\" content=\"2021-02-07T19:18:41+00:00\" \/>\n<meta name=\"twitter:card\" content=\"summary_large_image\" \/>\n<meta name=\"twitter:label1\" content=\"Gesch\u00e4tzte Lesezeit\" \/>\n\t<meta name=\"twitter:data1\" content=\"3\u00a0Minuten\" \/>\n<script type=\"application\/ld+json\" class=\"yoast-schema-graph\">{\"@context\":\"https:\/\/schema.org\",\"@graph\":[{\"@type\":\"WebPage\",\"@id\":\"https:\/\/naturalstone.af\/testimonials\/\",\"url\":\"https:\/\/naturalstone.af\/testimonials\/\",\"name\":\"Testimonials - Natural Stone Company\",\"isPartOf\":{\"@id\":\"https:\/\/naturalstone.af\/#website\"},\"datePublished\":\"2020-10-19T16:36:23+00:00\",\"dateModified\":\"2021-02-07T19:18:41+00:00\",\"breadcrumb\":{\"@id\":\"https:\/\/naturalstone.af\/testimonials\/#breadcrumb\"},\"inLanguage\":\"de\",\"potentialAction\":[{\"@type\":\"ReadAction\",\"target\":[\"https:\/\/naturalstone.af\/testimonials\/\"]}]},{\"@type\":\"BreadcrumbList\",\"@id\":\"https:\/\/naturalstone.af\/testimonials\/#breadcrumb\",\"itemListElement\":[{\"@type\":\"ListItem\",\"position\":1,\"name\":\"Home\",\"item\":\"https:\/\/naturalstone.af\/\"},{\"@type\":\"ListItem\",\"position\":2,\"name\":\"Testimonials\"}]},{\"@type\":\"WebSite\",\"@id\":\"https:\/\/naturalstone.af\/#website\",\"url\":\"https:\/\/naturalstone.af\/\",\"name\":\"Natural Stone Company\",\"description\":\"Kush Stone\",\"potentialAction\":[{\"@type\":\"SearchAction\",\"target\":{\"@type\":\"EntryPoint\",\"urlTemplate\":\"https:\/\/naturalstone.af\/?s={search_term_string}\"},\"query-input\":\"required name=search_term_string\"}],\"inLanguage\":\"de\"}]}<\/script>\n<!-- \/ Yoast SEO plugin. -->","yoast_head_json":{"title":"Testimonials - Natural Stone Company","robots":{"index":"index","follow":"follow","max-snippet":"max-snippet:-1","max-image-preview":"max-image-preview:large","max-video-preview":"max-video-preview:-1"},"canonical":"https:\/\/naturalstone.af\/de\/testimonials\/","og_locale":"de_DE","og_type":"article","og_title":"Testimonials - Natural Stone Company","og_description":"Natural Stone Company Testimonials Canadian Shield Aggregate Ltd. Steve Bigelow, President I was introduced to the Natural Stone Company management team while attending the Marble Exhibition in Rajasthan, India in February 2017. I listened to their plans to create a state-of-the-art stone processing facility and followed with keen interest, from concept to completion, the development [&hellip;]","og_url":"https:\/\/naturalstone.af\/de\/testimonials\/","og_site_name":"Natural Stone Company","article_modified_time":"2021-02-07T19:18:41+00:00","twitter_card":"summary_large_image","twitter_misc":{"Gesch\u00e4tzte Lesezeit":"3\u00a0Minuten"},"schema":{"@context":"https:\/\/schema.org","@graph":[{"@type":"WebPage","@id":"https:\/\/naturalstone.af\/testimonials\/","url":"https:\/\/naturalstone.af\/testimonials\/","name":"Testimonials - Natural Stone Company","isPartOf":{"@id":"https:\/\/naturalstone.af\/#website"},"datePublished":"2020-10-19T16:36:23+00:00","dateModified":"2021-02-07T19:18:41+00:00","breadcrumb":{"@id":"https:\/\/naturalstone.af\/testimonials\/#breadcrumb"},"inLanguage":"de","potentialAction":[{"@type":"ReadAction","target":["https:\/\/naturalstone.af\/testimonials\/"]}]},{"@type":"BreadcrumbList","@id":"https:\/\/naturalstone.af\/testimonials\/#breadcrumb","itemListElement":[{"@type":"ListItem","position":1,"name":"Home","item":"https:\/\/naturalstone.af\/"},{"@type":"ListItem","position":2,"name":"Testimonials"}]},{"@type":"WebSite","@id":"https:\/\/naturalstone.af\/#website","url":"https:\/\/naturalstone.af\/","name":"Natural Stone Company","description":"Kush Stone","potentialAction":[{"@type":"SearchAction","target":{"@type":"EntryPoint","urlTemplate":"https:\/\/naturalstone.af\/?s={search_term_string}"},"query-input":"required name=search_term_string"}],"inLanguage":"de"}]}},"_links":{"self":[{"href":"https:\/\/naturalstone.af\/de\/wp-json\/wp\/v2\/pages\/2636"}],"collection":[{"href":"https:\/\/naturalstone.af\/de\/wp-json\/wp\/v2\/pages"}],"about":[{"href":"https:\/\/naturalstone.af\/de\/wp-json\/wp\/v2\/types\/page"}],"author":[{"embeddable":true,"href":"https:\/\/naturalstone.af\/de\/wp-json\/wp\/v2\/users\/1"}],"replies":[{"embeddable":true,"href":"https:\/\/naturalstone.af\/de\/wp-json\/wp\/v2\/comments?post=2636"}],"version-history":[{"count":46,"href":"https:\/\/naturalstone.af\/de\/wp-json\/wp\/v2\/pages\/2636\/revisions"}],"predecessor-version":[{"id":3918,"href":"https:\/\/naturalstone.af\/de\/wp-json\/wp\/v2\/pages\/2636\/revisions\/3918"}],"wp:attachment":[{"href":"https:\/\/naturalstone.af\/de\/wp-json\/wp\/v2\/media?parent=2636"}],"curies":[{"name":"wp","href":"https:\/\/api.w.org\/{rel}","templated":true}]}}