{"id":1329,"date":"2020-07-22T00:05:35","date_gmt":"2020-07-22T00:05:35","guid":{"rendered":"https:\/\/naturalstone.af\/?page_id=1329"},"modified":"2021-01-15T17:05:57","modified_gmt":"2021-01-15T17:05:57","slug":"paktia-kot-factory","status":"publish","type":"page","link":"https:\/\/naturalstone.af\/de\/paktia-kot-factory\/","title":{"rendered":"Paktia Kot Factory"},"content":{"rendered":"<div data-elementor-type=\"wp-page\" data-elementor-id=\"1329\" class=\"elementor elementor-1329\" data-elementor-post-type=\"page\">\n\t\t\t\t\t\t<section class=\"elementor-section elementor-top-section elementor-element elementor-element-568fd773 elementor-section-boxed elementor-section-height-default elementor-section-height-default\" data-id=\"568fd773\" data-element_type=\"section\" data-settings=\"{&quot;background_background&quot;:&quot;classic&quot;}\">\n\t\t\t\t\t\t\t<div class=\"elementor-background-overlay\"><\/div>\n\t\t\t\t\t\t\t<div class=\"elementor-container elementor-column-gap-wide\">\n\t\t\t\t\t<div class=\"elementor-column elementor-col-100 elementor-top-column elementor-element elementor-element-3fd8ee2\" data-id=\"3fd8ee2\" data-element_type=\"column\">\n\t\t\t<div class=\"elementor-widget-wrap elementor-element-populated\">\n\t\t\t\t\t\t<div class=\"elementor-element elementor-element-1f9fa24e elementor-widget elementor-widget-heading\" data-id=\"1f9fa24e\" data-element_type=\"widget\" data-widget_type=\"heading.default\">\n\t\t\t\t<div class=\"elementor-widget-container\">\n\t\t\t\t\t<h5 class=\"elementor-heading-title elementor-size-default\">FABRIK<\/h5>\t\t\t\t<\/div>\n\t\t\t\t<\/div>\n\t\t\t\t<div class=\"elementor-element elementor-element-47f316d0 elementor-widget elementor-widget-heading\" data-id=\"47f316d0\" data-element_type=\"widget\" data-widget_type=\"heading.default\">\n\t\t\t\t<div class=\"elementor-widget-container\">\n\t\t\t\t\t<h1 class=\"elementor-heading-title elementor-size-default\">Industriepark Paktia Kot<\/h1>\t\t\t\t<\/div>\n\t\t\t\t<\/div>\n\t\t\t\t<div class=\"elementor-element elementor-element-0419c35 elementor-widget elementor-widget-text-editor\" data-id=\"0419c35\" data-element_type=\"widget\" data-widget_type=\"text-editor.default\">\n\t\t\t\t<div class=\"elementor-widget-container\">\n\t\t\t\t\t\t\t\t\t<p><strong>Kabul, Afghanistan<\/strong><\/p>\t\t\t\t\t\t\t\t<\/div>\n\t\t\t\t<\/div>\n\t\t\t\t<div class=\"elementor-element elementor-element-1ecb8f66 elementor-widget elementor-widget-text-editor\" data-id=\"1ecb8f66\" data-element_type=\"widget\" data-widget_type=\"text-editor.default\">\n\t\t\t\t<div class=\"elementor-widget-container\">\n\t\t\t\t\t\t\t\t\t<p>Diese Fabrik befindet sich in der Entwicklung. Diese neueste Fabrik wird entwickelt, um den gestiegenen Produktions- und Exportanforderungen gerecht zu werden und der wachsenden Produktnachfrage von Kush Stone nachzukommen. Diese Fabrik kann nicht nur Platten und Fliesen herstellen, sondern wird auch mit neuen italienischen Steinverarbeitungsmaschinen und -ger\u00e4ten f\u00fcr die Herstellung von Bordsteinen, kleinen Kopfsteinpflastersteinen f\u00fcr Stra\u00dfen und Gehwege und anderen Spezialprodukten ausgestattet.<\/p>\t\t\t\t\t\t\t\t<\/div>\n\t\t\t\t<\/div>\n\t\t\t\t\t<\/div>\n\t\t<\/div>\n\t\t\t\t\t<\/div>\n\t\t<\/section>\n\t\t\t\t<\/div>","protected":false},"excerpt":{"rendered":"<p>FACTORY Paktia Kot Industrial Park Kabul, Afghanistan This factory is under development.\u00a0This newest factory is being developed to meet increased production and export needs in order to accommodate Kush Stone\u2019s growing product demand. In addition to being able to produce slabs and tiles, this factory also will be equipped with new Italian stone processing machines [&hellip;]<\/p>","protected":false},"author":1,"featured_media":0,"parent":0,"menu_order":0,"comment_status":"closed","ping_status":"closed","template":"elementor_header_footer","meta":{"footnotes":""},"yoast_head":"<!-- This site is optimized with the Yoast SEO plugin v21.9 - https:\/\/yoast.com\/wordpress\/plugins\/seo\/ -->\n<title>Paktia Kot Factory - Natural Stone Company<\/title>\n<meta name=\"robots\" content=\"index, follow, max-snippet:-1, max-image-preview:large, max-video-preview:-1\" \/>\n<link rel=\"canonical\" href=\"https:\/\/naturalstone.af\/de\/paktia-kot-factory\/\" \/>\n<meta property=\"og:locale\" content=\"de_DE\" \/>\n<meta property=\"og:type\" content=\"article\" \/>\n<meta property=\"og:title\" content=\"Paktia Kot Factory - Natural Stone Company\" \/>\n<meta property=\"og:description\" content=\"FACTORY Paktia Kot Industrial Park Kabul, Afghanistan This factory is under development.\u00a0This newest factory is being developed to meet increased production and export needs in order to accommodate Kush Stone\u2019s growing product demand. In addition to being able to produce slabs and tiles, this factory also will be equipped with new Italian stone processing machines [&hellip;]\" \/>\n<meta property=\"og:url\" content=\"https:\/\/naturalstone.af\/de\/paktia-kot-factory\/\" \/>\n<meta property=\"og:site_name\" content=\"Natural Stone Company\" \/>\n<meta property=\"article:modified_time\" content=\"2021-01-15T17:05:57+00:00\" \/>\n<meta name=\"twitter:card\" content=\"summary_large_image\" \/>\n<script type=\"application\/ld+json\" class=\"yoast-schema-graph\">{\"@context\":\"https:\/\/schema.org\",\"@graph\":[{\"@type\":\"WebPage\",\"@id\":\"https:\/\/naturalstone.af\/paktia-kot-factory\/\",\"url\":\"https:\/\/naturalstone.af\/paktia-kot-factory\/\",\"name\":\"Paktia Kot Factory - Natural Stone Company\",\"isPartOf\":{\"@id\":\"https:\/\/naturalstone.af\/#website\"},\"datePublished\":\"2020-07-22T00:05:35+00:00\",\"dateModified\":\"2021-01-15T17:05:57+00:00\",\"breadcrumb\":{\"@id\":\"https:\/\/naturalstone.af\/paktia-kot-factory\/#breadcrumb\"},\"inLanguage\":\"de\",\"potentialAction\":[{\"@type\":\"ReadAction\",\"target\":[\"https:\/\/naturalstone.af\/paktia-kot-factory\/\"]}]},{\"@type\":\"BreadcrumbList\",\"@id\":\"https:\/\/naturalstone.af\/paktia-kot-factory\/#breadcrumb\",\"itemListElement\":[{\"@type\":\"ListItem\",\"position\":1,\"name\":\"Home\",\"item\":\"https:\/\/naturalstone.af\/\"},{\"@type\":\"ListItem\",\"position\":2,\"name\":\"Paktia Kot Factory\"}]},{\"@type\":\"WebSite\",\"@id\":\"https:\/\/naturalstone.af\/#website\",\"url\":\"https:\/\/naturalstone.af\/\",\"name\":\"Natural Stone Company\",\"description\":\"Kush Stone\",\"potentialAction\":[{\"@type\":\"SearchAction\",\"target\":{\"@type\":\"EntryPoint\",\"urlTemplate\":\"https:\/\/naturalstone.af\/?s={search_term_string}\"},\"query-input\":\"required name=search_term_string\"}],\"inLanguage\":\"de\"}]}<\/script>\n<!-- \/ Yoast SEO plugin. -->","yoast_head_json":{"title":"Paktia Kot Factory - Natural Stone Company","robots":{"index":"index","follow":"follow","max-snippet":"max-snippet:-1","max-image-preview":"max-image-preview:large","max-video-preview":"max-video-preview:-1"},"canonical":"https:\/\/naturalstone.af\/de\/paktia-kot-factory\/","og_locale":"de_DE","og_type":"article","og_title":"Paktia Kot Factory - Natural Stone Company","og_description":"FACTORY Paktia Kot Industrial Park Kabul, Afghanistan This factory is under development.\u00a0This newest factory is being developed to meet increased production and export needs in order to accommodate Kush Stone\u2019s growing product demand. In addition to being able to produce slabs and tiles, this factory also will be equipped with new Italian stone processing machines [&hellip;]","og_url":"https:\/\/naturalstone.af\/de\/paktia-kot-factory\/","og_site_name":"Natural Stone Company","article_modified_time":"2021-01-15T17:05:57+00:00","twitter_card":"summary_large_image","schema":{"@context":"https:\/\/schema.org","@graph":[{"@type":"WebPage","@id":"https:\/\/naturalstone.af\/paktia-kot-factory\/","url":"https:\/\/naturalstone.af\/paktia-kot-factory\/","name":"Paktia Kot Factory - Natural Stone Company","isPartOf":{"@id":"https:\/\/naturalstone.af\/#website"},"datePublished":"2020-07-22T00:05:35+00:00","dateModified":"2021-01-15T17:05:57+00:00","breadcrumb":{"@id":"https:\/\/naturalstone.af\/paktia-kot-factory\/#breadcrumb"},"inLanguage":"de","potentialAction":[{"@type":"ReadAction","target":["https:\/\/naturalstone.af\/paktia-kot-factory\/"]}]},{"@type":"BreadcrumbList","@id":"https:\/\/naturalstone.af\/paktia-kot-factory\/#breadcrumb","itemListElement":[{"@type":"ListItem","position":1,"name":"Home","item":"https:\/\/naturalstone.af\/"},{"@type":"ListItem","position":2,"name":"Paktia Kot Factory"}]},{"@type":"WebSite","@id":"https:\/\/naturalstone.af\/#website","url":"https:\/\/naturalstone.af\/","name":"Natural Stone Company","description":"Kush Stone","potentialAction":[{"@type":"SearchAction","target":{"@type":"EntryPoint","urlTemplate":"https:\/\/naturalstone.af\/?s={search_term_string}"},"query-input":"required name=search_term_string"}],"inLanguage":"de"}]}},"_links":{"self":[{"href":"https:\/\/naturalstone.af\/de\/wp-json\/wp\/v2\/pages\/1329"}],"collection":[{"href":"https:\/\/naturalstone.af\/de\/wp-json\/wp\/v2\/pages"}],"about":[{"href":"https:\/\/naturalstone.af\/de\/wp-json\/wp\/v2\/types\/page"}],"author":[{"embeddable":true,"href":"https:\/\/naturalstone.af\/de\/wp-json\/wp\/v2\/users\/1"}],"replies":[{"embeddable":true,"href":"https:\/\/naturalstone.af\/de\/wp-json\/wp\/v2\/comments?post=1329"}],"version-history":[{"count":47,"href":"https:\/\/naturalstone.af\/de\/wp-json\/wp\/v2\/pages\/1329\/revisions"}],"predecessor-version":[{"id":3619,"href":"https:\/\/naturalstone.af\/de\/wp-json\/wp\/v2\/pages\/1329\/revisions\/3619"}],"wp:attachment":[{"href":"https:\/\/naturalstone.af\/de\/wp-json\/wp\/v2\/media?parent=1329"}],"curies":[{"name":"wp","href":"https:\/\/api.w.org\/{rel}","templated":true}]}}