{"id":1300,"date":"2020-07-21T23:07:45","date_gmt":"2020-07-21T23:07:45","guid":{"rendered":"https:\/\/naturalstone.af\/?page_id=1300"},"modified":"2021-01-15T17:14:00","modified_gmt":"2021-01-15T17:14:00","slug":"juma-marble-factory","status":"publish","type":"page","link":"https:\/\/naturalstone.af\/de\/juma-marble-factory\/","title":{"rendered":"Juma Mohammadi Factory"},"content":{"rendered":"<div data-elementor-type=\"wp-page\" data-elementor-id=\"1300\" class=\"elementor elementor-1300\" data-elementor-post-type=\"page\">\n\t\t\t\t\t\t<section class=\"elementor-section elementor-top-section elementor-element elementor-element-568fd773 elementor-section-boxed elementor-section-height-default elementor-section-height-default\" data-id=\"568fd773\" data-element_type=\"section\" data-settings=\"{&quot;background_background&quot;:&quot;classic&quot;}\">\n\t\t\t\t\t\t\t<div class=\"elementor-background-overlay\"><\/div>\n\t\t\t\t\t\t\t<div class=\"elementor-container elementor-column-gap-wide\">\n\t\t\t\t\t<div class=\"elementor-column elementor-col-100 elementor-top-column elementor-element elementor-element-3fd8ee2\" data-id=\"3fd8ee2\" data-element_type=\"column\">\n\t\t\t<div class=\"elementor-widget-wrap elementor-element-populated\">\n\t\t\t\t\t\t<div class=\"elementor-element elementor-element-1f9fa24e elementor-widget elementor-widget-heading\" data-id=\"1f9fa24e\" data-element_type=\"widget\" data-widget_type=\"heading.default\">\n\t\t\t\t<div class=\"elementor-widget-container\">\n\t\t\t\t\t<h5 class=\"elementor-heading-title elementor-size-default\">FABRIK<\/h5>\t\t\t\t<\/div>\n\t\t\t\t<\/div>\n\t\t\t\t<div class=\"elementor-element elementor-element-47f316d0 elementor-widget elementor-widget-heading\" data-id=\"47f316d0\" data-element_type=\"widget\" data-widget_type=\"heading.default\">\n\t\t\t\t<div class=\"elementor-widget-container\">\n\t\t\t\t\t<h1 class=\"elementor-heading-title elementor-size-default\">Industriepark Juma Mohammadi<\/h1>\t\t\t\t<\/div>\n\t\t\t\t<\/div>\n\t\t\t\t<div class=\"elementor-element elementor-element-0419c35 elementor-widget elementor-widget-text-editor\" data-id=\"0419c35\" data-element_type=\"widget\" data-widget_type=\"text-editor.default\">\n\t\t\t\t<div class=\"elementor-widget-container\">\n\t\t\t\t\t\t\t\t\t<p><strong>Kabul, Afghanistan<\/strong><\/p>\t\t\t\t\t\t\t\t<\/div>\n\t\t\t\t<\/div>\n\t\t\t\t<div class=\"elementor-element elementor-element-2726c26 elementor-widget elementor-widget-text-editor\" data-id=\"2726c26\" data-element_type=\"widget\" data-widget_type=\"text-editor.default\">\n\t\t\t\t<div class=\"elementor-widget-container\">\n\t\t\t\t\t\t\t\t\t<p>Diese Fabrik wurde von einem Ingenieur- und Beratungsunternehmen in Italien entworfen und gem\u00e4\u00df den europ\u00e4ischen Standards f\u00fcr Design-Konstruktion und Umwelttechnik gebaut. Sie ist mit modernsten italienischen Maschinen und Ger\u00e4ten zum Schneiden und Polieren ausgestattet.<\/p><p>Die monatliche Produktionskapazit\u00e4t betr\u00e4gt 20.000 Quadratmeter Steinplatten, einschlie\u00dflich Zuschnitt. Die technischen F\u00e4higkeiten der modernen italienischen Verarbeitungsmaschinen und -ger\u00e4te zum Schneiden und Polieren erm\u00f6glichen es, Kush Stone f\u00fcr jede einzelne Bestellung auf kundenspezifische Gr\u00f6\u00dfen zu schneiden. Das Schneiden und Polieren der fertigen Kush Stone-Produkte entspricht und \u00fcbertrifft international anerkannte Standards. Dies wird durch die Verwendung hochwertiger italienischer Diamantwerkzeuge und Schleifmittel in den letzten Produktionsphasen unter den wachsamen Augen des qualifizierten und erfahrenen Personals der Natural Stone Company erreicht.<\/p>\t\t\t\t\t\t\t\t<\/div>\n\t\t\t\t<\/div>\n\t\t\t\t\t<\/div>\n\t\t<\/div>\n\t\t\t\t\t<\/div>\n\t\t<\/section>\n\t\t\t\t<section class=\"elementor-section elementor-top-section elementor-element elementor-element-19b24d7d elementor-section-full_width elementor-section-height-default elementor-section-height-default\" data-id=\"19b24d7d\" data-element_type=\"section\">\n\t\t\t\t\t\t<div class=\"elementor-container elementor-column-gap-default\">\n\t\t\t\t\t<div class=\"elementor-column elementor-col-100 elementor-top-column elementor-element elementor-element-4416c063\" data-id=\"4416c063\" data-element_type=\"column\">\n\t\t\t<div class=\"elementor-widget-wrap elementor-element-populated\">\n\t\t\t\t\t\t<div class=\"elementor-element elementor-element-3e0f1b70 elementor-arrows-position-inside elementor-pagination-position-outside elementor-widget elementor-widget-image-carousel\" data-id=\"3e0f1b70\" data-element_type=\"widget\" data-settings=\"{&quot;pause_on_hover&quot;:&quot;no&quot;,&quot;pause_on_interaction&quot;:&quot;no&quot;,&quot;navigation&quot;:&quot;both&quot;,&quot;autoplay&quot;:&quot;yes&quot;,&quot;autoplay_speed&quot;:5000,&quot;infinite&quot;:&quot;yes&quot;,&quot;speed&quot;:500,&quot;image_spacing_custom&quot;:{&quot;unit&quot;:&quot;px&quot;,&quot;size&quot;:20,&quot;sizes&quot;:[]},&quot;image_spacing_custom_tablet&quot;:{&quot;unit&quot;:&quot;px&quot;,&quot;size&quot;:&quot;&quot;,&quot;sizes&quot;:[]},&quot;image_spacing_custom_mobile&quot;:{&quot;unit&quot;:&quot;px&quot;,&quot;size&quot;:&quot;&quot;,&quot;sizes&quot;:[]}}\" data-widget_type=\"image-carousel.default\">\n\t\t\t\t<div class=\"elementor-widget-container\">\n\t\t\t\t\t\t\t<div class=\"elementor-image-carousel-wrapper swiper\" role=\"region\" aria-roledescription=\"carousel\" aria-label=\"Bild Karussell\" dir=\"ltr\">\n\t\t\t<div class=\"elementor-image-carousel swiper-wrapper\" aria-live=\"off\">\n\t\t\t\t\t\t\t\t<div class=\"swiper-slide\" role=\"group\" aria-roledescription=\"slide\" aria-label=\"1 von 13\"><a data-elementor-open-lightbox=\"yes\" data-elementor-lightbox-slideshow=\"3e0f1b70\" data-elementor-lightbox-title=\"Marble Block and Crane\" data-e-action-hash=\"#elementor-action%3Aaction%3Dlightbox%26settings%3DeyJpZCI6MjIyMCwidXJsIjoiaHR0cHM6XC9cL25hdHVyYWxzdG9uZS5hZlwvd3AtY29udGVudFwvdXBsb2Fkc1wvMjAyMFwvMTBcL01hcmJsZS1CbG9jay1hbmQtQ3JhbmUtc2NhbGVkLmpwZyIsInNsaWRlc2hvdyI6IjNlMGYxYjcwIn0%3D\" href=\"https:\/\/naturalstone.af\/wp-content\/uploads\/2020\/10\/Marble-Block-and-Crane-scaled.jpg\"><figure class=\"swiper-slide-inner\"><img decoding=\"async\" class=\"swiper-slide-image lazyload\" data-src=\"https:\/\/naturalstone.af\/wp-content\/uploads\/2020\/10\/Marble-Block-and-Crane-1024x683.jpg\" alt=\"Marble Block and Crane\" src=\"data:image\/svg+xml;base64,PHN2ZyB3aWR0aD0iMSIgaGVpZ2h0PSIxIiB4bWxucz0iaHR0cDovL3d3dy53My5vcmcvMjAwMC9zdmciPjwvc3ZnPg==\" style=\"--smush-placeholder-width: 1024px; --smush-placeholder-aspect-ratio: 1024\/683;\" \/><\/figure><\/a><\/div><div class=\"swiper-slide\" role=\"group\" aria-roledescription=\"slide\" aria-label=\"2 von 13\"><a data-elementor-open-lightbox=\"yes\" data-elementor-lightbox-slideshow=\"3e0f1b70\" data-elementor-lightbox-title=\"Marble Block Cutting\" data-e-action-hash=\"#elementor-action%3Aaction%3Dlightbox%26settings%3DeyJpZCI6MjIyMSwidXJsIjoiaHR0cHM6XC9cL25hdHVyYWxzdG9uZS5hZlwvd3AtY29udGVudFwvdXBsb2Fkc1wvMjAyMFwvMTBcL01hcmJsZS1CbG9jay1DdXR0aW5nLXNjYWxlZC5qcGciLCJzbGlkZXNob3ciOiIzZTBmMWI3MCJ9\" href=\"https:\/\/naturalstone.af\/wp-content\/uploads\/2020\/10\/Marble-Block-Cutting-scaled.jpg\"><figure class=\"swiper-slide-inner\"><img decoding=\"async\" class=\"swiper-slide-image lazyload\" data-src=\"https:\/\/naturalstone.af\/wp-content\/uploads\/2020\/10\/Marble-Block-Cutting-1024x683.jpg\" alt=\"Marble Block Cutting\" src=\"data:image\/svg+xml;base64,PHN2ZyB3aWR0aD0iMSIgaGVpZ2h0PSIxIiB4bWxucz0iaHR0cDovL3d3dy53My5vcmcvMjAwMC9zdmciPjwvc3ZnPg==\" style=\"--smush-placeholder-width: 1024px; --smush-placeholder-aspect-ratio: 1024\/683;\" \/><\/figure><\/a><\/div><div class=\"swiper-slide\" role=\"group\" aria-roledescription=\"slide\" aria-label=\"3 von 13\"><a data-elementor-open-lightbox=\"yes\" data-elementor-lightbox-slideshow=\"3e0f1b70\" data-elementor-lightbox-title=\"Marble Block\" data-e-action-hash=\"#elementor-action%3Aaction%3Dlightbox%26settings%3DeyJpZCI6MjIyMiwidXJsIjoiaHR0cHM6XC9cL25hdHVyYWxzdG9uZS5hZlwvd3AtY29udGVudFwvdXBsb2Fkc1wvMjAyMFwvMTBcL01hcmJsZS1CbG9jay1zY2FsZWQuanBnIiwic2xpZGVzaG93IjoiM2UwZjFiNzAifQ%3D%3D\" href=\"https:\/\/naturalstone.af\/wp-content\/uploads\/2020\/10\/Marble-Block-scaled.jpg\"><figure class=\"swiper-slide-inner\"><img decoding=\"async\" class=\"swiper-slide-image lazyload\" data-src=\"https:\/\/naturalstone.af\/wp-content\/uploads\/2020\/10\/Marble-Block-1024x683.jpg\" alt=\"Marble Block\" src=\"data:image\/svg+xml;base64,PHN2ZyB3aWR0aD0iMSIgaGVpZ2h0PSIxIiB4bWxucz0iaHR0cDovL3d3dy53My5vcmcvMjAwMC9zdmciPjwvc3ZnPg==\" style=\"--smush-placeholder-width: 1024px; --smush-placeholder-aspect-ratio: 1024\/683;\" \/><\/figure><\/a><\/div><div class=\"swiper-slide\" role=\"group\" aria-roledescription=\"slide\" aria-label=\"4 von 13\"><a data-elementor-open-lightbox=\"yes\" data-elementor-lightbox-slideshow=\"3e0f1b70\" data-elementor-lightbox-title=\"Cut to Size Area\" data-e-action-hash=\"#elementor-action%3Aaction%3Dlightbox%26settings%3DeyJpZCI6MjIzMiwidXJsIjoiaHR0cHM6XC9cL25hdHVyYWxzdG9uZS5hZlwvd3AtY29udGVudFwvdXBsb2Fkc1wvMjAyMFwvMTBcL0N1dC10by1TaXplLUFyZWEtc2NhbGVkLmpwZyIsInNsaWRlc2hvdyI6IjNlMGYxYjcwIn0%3D\" href=\"https:\/\/naturalstone.af\/wp-content\/uploads\/2020\/10\/Cut-to-Size-Area-scaled.jpg\"><figure class=\"swiper-slide-inner\"><img decoding=\"async\" class=\"swiper-slide-image lazyload\" data-src=\"https:\/\/naturalstone.af\/wp-content\/uploads\/2020\/10\/Cut-to-Size-Area-1024x683.jpg\" alt=\"Marble cut to size\" src=\"data:image\/svg+xml;base64,PHN2ZyB3aWR0aD0iMSIgaGVpZ2h0PSIxIiB4bWxucz0iaHR0cDovL3d3dy53My5vcmcvMjAwMC9zdmciPjwvc3ZnPg==\" style=\"--smush-placeholder-width: 1024px; --smush-placeholder-aspect-ratio: 1024\/683;\" \/><\/figure><\/a><\/div><div class=\"swiper-slide\" role=\"group\" aria-roledescription=\"slide\" aria-label=\"5 von 13\"><a data-elementor-open-lightbox=\"yes\" data-elementor-lightbox-slideshow=\"3e0f1b70\" data-elementor-lightbox-title=\"Marble Polishing Area\" data-e-action-hash=\"#elementor-action%3Aaction%3Dlightbox%26settings%3DeyJpZCI6MjIyNCwidXJsIjoiaHR0cHM6XC9cL25hdHVyYWxzdG9uZS5hZlwvd3AtY29udGVudFwvdXBsb2Fkc1wvMjAyMFwvMTBcL01hcmJsZS1Qb2xpc2hpbmctQXJlYS1zY2FsZWQuanBnIiwic2xpZGVzaG93IjoiM2UwZjFiNzAifQ%3D%3D\" href=\"https:\/\/naturalstone.af\/wp-content\/uploads\/2020\/10\/Marble-Polishing-Area-scaled.jpg\"><figure class=\"swiper-slide-inner\"><img decoding=\"async\" class=\"swiper-slide-image lazyload\" data-src=\"https:\/\/naturalstone.af\/wp-content\/uploads\/2020\/10\/Marble-Polishing-Area-1024x683.jpg\" alt=\"Marble Polishing\" src=\"data:image\/svg+xml;base64,PHN2ZyB3aWR0aD0iMSIgaGVpZ2h0PSIxIiB4bWxucz0iaHR0cDovL3d3dy53My5vcmcvMjAwMC9zdmciPjwvc3ZnPg==\" style=\"--smush-placeholder-width: 1024px; --smush-placeholder-aspect-ratio: 1024\/683;\" \/><\/figure><\/a><\/div><div class=\"swiper-slide\" role=\"group\" aria-roledescription=\"slide\" aria-label=\"6 von 13\"><a data-elementor-open-lightbox=\"yes\" data-elementor-lightbox-slideshow=\"3e0f1b70\" data-elementor-lightbox-title=\"Marble Polishing\" data-e-action-hash=\"#elementor-action%3Aaction%3Dlightbox%26settings%3DeyJpZCI6MjIyNiwidXJsIjoiaHR0cHM6XC9cL25hdHVyYWxzdG9uZS5hZlwvd3AtY29udGVudFwvdXBsb2Fkc1wvMjAyMFwvMTBcL01hcmJsZS1Qb2xpc2hpbmctc2NhbGVkLmpwZyIsInNsaWRlc2hvdyI6IjNlMGYxYjcwIn0%3D\" href=\"https:\/\/naturalstone.af\/wp-content\/uploads\/2020\/10\/Marble-Polishing-scaled.jpg\"><figure class=\"swiper-slide-inner\"><img decoding=\"async\" class=\"swiper-slide-image lazyload\" data-src=\"https:\/\/naturalstone.af\/wp-content\/uploads\/2020\/10\/Marble-Polishing-1024x683.jpg\" alt=\"Marble Polishing\" src=\"data:image\/svg+xml;base64,PHN2ZyB3aWR0aD0iMSIgaGVpZ2h0PSIxIiB4bWxucz0iaHR0cDovL3d3dy53My5vcmcvMjAwMC9zdmciPjwvc3ZnPg==\" style=\"--smush-placeholder-width: 1024px; --smush-placeholder-aspect-ratio: 1024\/683;\" \/><\/figure><\/a><\/div><div class=\"swiper-slide\" role=\"group\" aria-roledescription=\"slide\" aria-label=\"7 von 13\"><a data-elementor-open-lightbox=\"yes\" data-elementor-lightbox-slideshow=\"3e0f1b70\" data-elementor-lightbox-title=\"Marble Polishing Inspection\" data-e-action-hash=\"#elementor-action%3Aaction%3Dlightbox%26settings%3DeyJpZCI6MjIyNSwidXJsIjoiaHR0cHM6XC9cL25hdHVyYWxzdG9uZS5hZlwvd3AtY29udGVudFwvdXBsb2Fkc1wvMjAyMFwvMTBcL01hcmJsZS1Qb2xpc2hpbmctSW5zcGVjdGlvbi1zY2FsZWQuanBnIiwic2xpZGVzaG93IjoiM2UwZjFiNzAifQ%3D%3D\" href=\"https:\/\/naturalstone.af\/wp-content\/uploads\/2020\/10\/Marble-Polishing-Inspection-scaled.jpg\"><figure class=\"swiper-slide-inner\"><img decoding=\"async\" class=\"swiper-slide-image lazyload\" data-src=\"https:\/\/naturalstone.af\/wp-content\/uploads\/2020\/10\/Marble-Polishing-Inspection-1024x683.jpg\" alt=\"Marble Polishing Inspection\" src=\"data:image\/svg+xml;base64,PHN2ZyB3aWR0aD0iMSIgaGVpZ2h0PSIxIiB4bWxucz0iaHR0cDovL3d3dy53My5vcmcvMjAwMC9zdmciPjwvc3ZnPg==\" style=\"--smush-placeholder-width: 1024px; --smush-placeholder-aspect-ratio: 1024\/683;\" \/><\/figure><\/a><\/div><div class=\"swiper-slide\" role=\"group\" aria-roledescription=\"slide\" aria-label=\"8 von 13\"><a data-elementor-open-lightbox=\"yes\" data-elementor-lightbox-slideshow=\"3e0f1b70\" data-elementor-lightbox-title=\"Marble Slab Lift\" data-e-action-hash=\"#elementor-action%3Aaction%3Dlightbox%26settings%3DeyJpZCI6MjIyOCwidXJsIjoiaHR0cHM6XC9cL25hdHVyYWxzdG9uZS5hZlwvd3AtY29udGVudFwvdXBsb2Fkc1wvMjAyMFwvMTBcL01hcmJsZS1TbGFiLUxpZnQtc2NhbGVkLmpwZyIsInNsaWRlc2hvdyI6IjNlMGYxYjcwIn0%3D\" href=\"https:\/\/naturalstone.af\/wp-content\/uploads\/2020\/10\/Marble-Slab-Lift-scaled.jpg\"><figure class=\"swiper-slide-inner\"><img decoding=\"async\" class=\"swiper-slide-image lazyload\" data-src=\"https:\/\/naturalstone.af\/wp-content\/uploads\/2020\/10\/Marble-Slab-Lift-1024x683.jpg\" alt=\"Marble Slab Lift\" src=\"data:image\/svg+xml;base64,PHN2ZyB3aWR0aD0iMSIgaGVpZ2h0PSIxIiB4bWxucz0iaHR0cDovL3d3dy53My5vcmcvMjAwMC9zdmciPjwvc3ZnPg==\" style=\"--smush-placeholder-width: 1024px; --smush-placeholder-aspect-ratio: 1024\/683;\" \/><\/figure><\/a><\/div><div class=\"swiper-slide\" role=\"group\" aria-roledescription=\"slide\" aria-label=\"9 von 13\"><a data-elementor-open-lightbox=\"yes\" data-elementor-lightbox-slideshow=\"3e0f1b70\" data-elementor-lightbox-title=\"Marble Slab Loading\" data-e-action-hash=\"#elementor-action%3Aaction%3Dlightbox%26settings%3DeyJpZCI6MjIyOSwidXJsIjoiaHR0cHM6XC9cL25hdHVyYWxzdG9uZS5hZlwvd3AtY29udGVudFwvdXBsb2Fkc1wvMjAyMFwvMTBcL01hcmJsZS1TbGFiLUxvYWRpbmctc2NhbGVkLmpwZyIsInNsaWRlc2hvdyI6IjNlMGYxYjcwIn0%3D\" href=\"https:\/\/naturalstone.af\/wp-content\/uploads\/2020\/10\/Marble-Slab-Loading-scaled.jpg\"><figure class=\"swiper-slide-inner\"><img decoding=\"async\" class=\"swiper-slide-image lazyload\" data-src=\"https:\/\/naturalstone.af\/wp-content\/uploads\/2020\/10\/Marble-Slab-Loading-1024x683.jpg\" alt=\"Marble Slab Loading\" src=\"data:image\/svg+xml;base64,PHN2ZyB3aWR0aD0iMSIgaGVpZ2h0PSIxIiB4bWxucz0iaHR0cDovL3d3dy53My5vcmcvMjAwMC9zdmciPjwvc3ZnPg==\" style=\"--smush-placeholder-width: 1024px; --smush-placeholder-aspect-ratio: 1024\/683;\" \/><\/figure><\/a><\/div><div class=\"swiper-slide\" role=\"group\" aria-roledescription=\"slide\" aria-label=\"10 von 13\"><a data-elementor-open-lightbox=\"yes\" data-elementor-lightbox-slideshow=\"3e0f1b70\" data-elementor-lightbox-title=\"Marble\" data-e-action-hash=\"#elementor-action%3Aaction%3Dlightbox%26settings%3DeyJpZCI6MjIzMCwidXJsIjoiaHR0cHM6XC9cL25hdHVyYWxzdG9uZS5hZlwvd3AtY29udGVudFwvdXBsb2Fkc1wvMjAyMFwvMTBcL01hcmJsZS1zY2FsZWQuanBnIiwic2xpZGVzaG93IjoiM2UwZjFiNzAifQ%3D%3D\" href=\"https:\/\/naturalstone.af\/wp-content\/uploads\/2020\/10\/Marble-scaled.jpg\"><figure class=\"swiper-slide-inner\"><img decoding=\"async\" class=\"swiper-slide-image lazyload\" data-src=\"https:\/\/naturalstone.af\/wp-content\/uploads\/2020\/10\/Marble-1024x683.jpg\" alt=\"Marble\" src=\"data:image\/svg+xml;base64,PHN2ZyB3aWR0aD0iMSIgaGVpZ2h0PSIxIiB4bWxucz0iaHR0cDovL3d3dy53My5vcmcvMjAwMC9zdmciPjwvc3ZnPg==\" style=\"--smush-placeholder-width: 1024px; --smush-placeholder-aspect-ratio: 1024\/683;\" \/><\/figure><\/a><\/div><div class=\"swiper-slide\" role=\"group\" aria-roledescription=\"slide\" aria-label=\"11 von 13\"><a data-elementor-open-lightbox=\"yes\" data-elementor-lightbox-slideshow=\"3e0f1b70\" data-elementor-lightbox-title=\"Marble Slab and Tile\" data-e-action-hash=\"#elementor-action%3Aaction%3Dlightbox%26settings%3DeyJpZCI6MjIyNywidXJsIjoiaHR0cHM6XC9cL25hdHVyYWxzdG9uZS5hZlwvd3AtY29udGVudFwvdXBsb2Fkc1wvMjAyMFwvMTBcL01hcmJsZS1TbGFiLWFuZC1UaWxlLXNjYWxlZC5qcGciLCJzbGlkZXNob3ciOiIzZTBmMWI3MCJ9\" href=\"https:\/\/naturalstone.af\/wp-content\/uploads\/2020\/10\/Marble-Slab-and-Tile-scaled.jpg\"><figure class=\"swiper-slide-inner\"><img decoding=\"async\" class=\"swiper-slide-image lazyload\" data-src=\"https:\/\/naturalstone.af\/wp-content\/uploads\/2020\/10\/Marble-Slab-and-Tile-1024x683.jpg\" alt=\"Marble Slab and Tile\" src=\"data:image\/svg+xml;base64,PHN2ZyB3aWR0aD0iMSIgaGVpZ2h0PSIxIiB4bWxucz0iaHR0cDovL3d3dy53My5vcmcvMjAwMC9zdmciPjwvc3ZnPg==\" style=\"--smush-placeholder-width: 1024px; --smush-placeholder-aspect-ratio: 1024\/683;\" \/><\/figure><\/a><\/div><div class=\"swiper-slide\" role=\"group\" aria-roledescription=\"slide\" aria-label=\"12 von 13\"><a data-elementor-open-lightbox=\"yes\" data-elementor-lightbox-slideshow=\"3e0f1b70\" data-elementor-lightbox-title=\"Marble Packing Area\" data-e-action-hash=\"#elementor-action%3Aaction%3Dlightbox%26settings%3DeyJpZCI6MjIyMywidXJsIjoiaHR0cHM6XC9cL25hdHVyYWxzdG9uZS5hZlwvd3AtY29udGVudFwvdXBsb2Fkc1wvMjAyMFwvMTBcL01hcmJsZS1QYWNraW5nLUFyZWEtc2NhbGVkLmpwZyIsInNsaWRlc2hvdyI6IjNlMGYxYjcwIn0%3D\" href=\"https:\/\/naturalstone.af\/wp-content\/uploads\/2020\/10\/Marble-Packing-Area-scaled.jpg\"><figure class=\"swiper-slide-inner\"><img decoding=\"async\" class=\"swiper-slide-image lazyload\" data-src=\"https:\/\/naturalstone.af\/wp-content\/uploads\/2020\/10\/Marble-Packing-Area-1024x683.jpg\" alt=\"Marble Packing Area\" src=\"data:image\/svg+xml;base64,PHN2ZyB3aWR0aD0iMSIgaGVpZ2h0PSIxIiB4bWxucz0iaHR0cDovL3d3dy53My5vcmcvMjAwMC9zdmciPjwvc3ZnPg==\" style=\"--smush-placeholder-width: 1024px; --smush-placeholder-aspect-ratio: 1024\/683;\" \/><\/figure><\/a><\/div><div class=\"swiper-slide\" role=\"group\" aria-roledescription=\"slide\" aria-label=\"13 von 13\"><a data-elementor-open-lightbox=\"yes\" data-elementor-lightbox-slideshow=\"3e0f1b70\" data-elementor-lightbox-title=\"Factory Exterior\" data-e-action-hash=\"#elementor-action%3Aaction%3Dlightbox%26settings%3DeyJpZCI6MjIxOSwidXJsIjoiaHR0cHM6XC9cL25hdHVyYWxzdG9uZS5hZlwvd3AtY29udGVudFwvdXBsb2Fkc1wvMjAyMFwvMTBcL0ZhY3RvcnktRXh0ZXJpb3Itc2NhbGVkLmpwZyIsInNsaWRlc2hvdyI6IjNlMGYxYjcwIn0%3D\" href=\"https:\/\/naturalstone.af\/wp-content\/uploads\/2020\/10\/Factory-Exterior-scaled.jpg\"><figure class=\"swiper-slide-inner\"><img decoding=\"async\" class=\"swiper-slide-image lazyload\" data-src=\"https:\/\/naturalstone.af\/wp-content\/uploads\/2020\/10\/Factory-Exterior-1024x683.jpg\" alt=\"Natural Stone Factory Juma\" src=\"data:image\/svg+xml;base64,PHN2ZyB3aWR0aD0iMSIgaGVpZ2h0PSIxIiB4bWxucz0iaHR0cDovL3d3dy53My5vcmcvMjAwMC9zdmciPjwvc3ZnPg==\" style=\"--smush-placeholder-width: 1024px; --smush-placeholder-aspect-ratio: 1024\/683;\" \/><\/figure><\/a><\/div>\t\t\t<\/div>\n\t\t\t\t\t\t\t\t\t\t\t\t<div class=\"elementor-swiper-button elementor-swiper-button-prev\" role=\"button\" tabindex=\"0\">\n\t\t\t\t\t\t<i aria-hidden=\"true\" class=\"eicon-chevron-left\"><\/i>\t\t\t\t\t<\/div>\n\t\t\t\t\t<div class=\"elementor-swiper-button elementor-swiper-button-next\" role=\"button\" tabindex=\"0\">\n\t\t\t\t\t\t<i aria-hidden=\"true\" class=\"eicon-chevron-right\"><\/i>\t\t\t\t\t<\/div>\n\t\t\t\t\n\t\t\t\t\t\t\t\t\t<div class=\"swiper-pagination\"><\/div>\n\t\t\t\t\t\t\t\t\t<\/div>\n\t\t\t\t\t\t<\/div>\n\t\t\t\t<\/div>\n\t\t\t\t\t<\/div>\n\t\t<\/div>\n\t\t\t\t\t<\/div>\n\t\t<\/section>\n\t\t\t\t<\/div>","protected":false},"excerpt":{"rendered":"<p>FACTORY Juma Mohammadi Industrial Park Kabul, Afghanistan This factory was designed by an engineering and consulting company in Italy and built in accordance with European design-construction and environmental engineering standards. It is equipped with the most advanced Italian machines and equipment for cutting and polishing. The monthly production capacity is 20,000 square meters of stone [&hellip;]<\/p>","protected":false},"author":1,"featured_media":0,"parent":0,"menu_order":0,"comment_status":"closed","ping_status":"closed","template":"elementor_header_footer","meta":{"footnotes":""},"yoast_head":"<!-- This site is optimized with the Yoast SEO plugin v21.9 - https:\/\/yoast.com\/wordpress\/plugins\/seo\/ -->\n<title>Juma Mohammadi Factory - Natural Stone Company<\/title>\n<meta name=\"robots\" content=\"index, follow, max-snippet:-1, max-image-preview:large, max-video-preview:-1\" \/>\n<link rel=\"canonical\" href=\"https:\/\/naturalstone.af\/de\/juma-marble-factory\/\" \/>\n<meta property=\"og:locale\" content=\"de_DE\" \/>\n<meta property=\"og:type\" content=\"article\" \/>\n<meta property=\"og:title\" content=\"Juma Mohammadi Factory - Natural Stone Company\" \/>\n<meta property=\"og:description\" content=\"FACTORY Juma Mohammadi Industrial Park Kabul, Afghanistan This factory was designed by an engineering and consulting company in Italy and built in accordance with European design-construction and environmental engineering standards. It is equipped with the most advanced Italian machines and equipment for cutting and polishing. The monthly production capacity is 20,000 square meters of stone [&hellip;]\" \/>\n<meta property=\"og:url\" content=\"https:\/\/naturalstone.af\/de\/juma-marble-factory\/\" \/>\n<meta property=\"og:site_name\" content=\"Natural Stone Company\" \/>\n<meta property=\"article:modified_time\" content=\"2021-01-15T17:14:00+00:00\" \/>\n<meta property=\"og:image\" content=\"https:\/\/naturalstone.af\/wp-content\/uploads\/2020\/10\/Marble-Block-and-Crane-1024x683.jpg\" \/>\n<meta name=\"twitter:card\" content=\"summary_large_image\" \/>\n<meta name=\"twitter:label1\" content=\"Gesch\u00e4tzte Lesezeit\" \/>\n\t<meta name=\"twitter:data1\" content=\"1\u00a0Minute\" \/>\n<script type=\"application\/ld+json\" class=\"yoast-schema-graph\">{\"@context\":\"https:\/\/schema.org\",\"@graph\":[{\"@type\":\"WebPage\",\"@id\":\"https:\/\/naturalstone.af\/juma-marble-factory\/\",\"url\":\"https:\/\/naturalstone.af\/juma-marble-factory\/\",\"name\":\"Juma Mohammadi Factory - Natural Stone Company\",\"isPartOf\":{\"@id\":\"https:\/\/naturalstone.af\/#website\"},\"datePublished\":\"2020-07-21T23:07:45+00:00\",\"dateModified\":\"2021-01-15T17:14:00+00:00\",\"breadcrumb\":{\"@id\":\"https:\/\/naturalstone.af\/juma-marble-factory\/#breadcrumb\"},\"inLanguage\":\"de\",\"potentialAction\":[{\"@type\":\"ReadAction\",\"target\":[\"https:\/\/naturalstone.af\/juma-marble-factory\/\"]}]},{\"@type\":\"BreadcrumbList\",\"@id\":\"https:\/\/naturalstone.af\/juma-marble-factory\/#breadcrumb\",\"itemListElement\":[{\"@type\":\"ListItem\",\"position\":1,\"name\":\"Home\",\"item\":\"https:\/\/naturalstone.af\/\"},{\"@type\":\"ListItem\",\"position\":2,\"name\":\"Juma Mohammadi Factory\"}]},{\"@type\":\"WebSite\",\"@id\":\"https:\/\/naturalstone.af\/#website\",\"url\":\"https:\/\/naturalstone.af\/\",\"name\":\"Natural Stone Company\",\"description\":\"Kush Stone\",\"potentialAction\":[{\"@type\":\"SearchAction\",\"target\":{\"@type\":\"EntryPoint\",\"urlTemplate\":\"https:\/\/naturalstone.af\/?s={search_term_string}\"},\"query-input\":\"required name=search_term_string\"}],\"inLanguage\":\"de\"}]}<\/script>\n<!-- \/ Yoast SEO plugin. -->","yoast_head_json":{"title":"Juma Mohammadi Factory - Natural Stone Company","robots":{"index":"index","follow":"follow","max-snippet":"max-snippet:-1","max-image-preview":"max-image-preview:large","max-video-preview":"max-video-preview:-1"},"canonical":"https:\/\/naturalstone.af\/de\/juma-marble-factory\/","og_locale":"de_DE","og_type":"article","og_title":"Juma Mohammadi Factory - Natural Stone Company","og_description":"FACTORY Juma Mohammadi Industrial Park Kabul, Afghanistan This factory was designed by an engineering and consulting company in Italy and built in accordance with European design-construction and environmental engineering standards. It is equipped with the most advanced Italian machines and equipment for cutting and polishing. The monthly production capacity is 20,000 square meters of stone [&hellip;]","og_url":"https:\/\/naturalstone.af\/de\/juma-marble-factory\/","og_site_name":"Natural Stone Company","article_modified_time":"2021-01-15T17:14:00+00:00","og_image":[{"url":"https:\/\/naturalstone.af\/wp-content\/uploads\/2020\/10\/Marble-Block-and-Crane-1024x683.jpg"}],"twitter_card":"summary_large_image","twitter_misc":{"Gesch\u00e4tzte Lesezeit":"1\u00a0Minute"},"schema":{"@context":"https:\/\/schema.org","@graph":[{"@type":"WebPage","@id":"https:\/\/naturalstone.af\/juma-marble-factory\/","url":"https:\/\/naturalstone.af\/juma-marble-factory\/","name":"Juma Mohammadi Factory - Natural Stone Company","isPartOf":{"@id":"https:\/\/naturalstone.af\/#website"},"datePublished":"2020-07-21T23:07:45+00:00","dateModified":"2021-01-15T17:14:00+00:00","breadcrumb":{"@id":"https:\/\/naturalstone.af\/juma-marble-factory\/#breadcrumb"},"inLanguage":"de","potentialAction":[{"@type":"ReadAction","target":["https:\/\/naturalstone.af\/juma-marble-factory\/"]}]},{"@type":"BreadcrumbList","@id":"https:\/\/naturalstone.af\/juma-marble-factory\/#breadcrumb","itemListElement":[{"@type":"ListItem","position":1,"name":"Home","item":"https:\/\/naturalstone.af\/"},{"@type":"ListItem","position":2,"name":"Juma Mohammadi Factory"}]},{"@type":"WebSite","@id":"https:\/\/naturalstone.af\/#website","url":"https:\/\/naturalstone.af\/","name":"Natural Stone Company","description":"Kush Stone","potentialAction":[{"@type":"SearchAction","target":{"@type":"EntryPoint","urlTemplate":"https:\/\/naturalstone.af\/?s={search_term_string}"},"query-input":"required name=search_term_string"}],"inLanguage":"de"}]}},"_links":{"self":[{"href":"https:\/\/naturalstone.af\/de\/wp-json\/wp\/v2\/pages\/1300"}],"collection":[{"href":"https:\/\/naturalstone.af\/de\/wp-json\/wp\/v2\/pages"}],"about":[{"href":"https:\/\/naturalstone.af\/de\/wp-json\/wp\/v2\/types\/page"}],"author":[{"embeddable":true,"href":"https:\/\/naturalstone.af\/de\/wp-json\/wp\/v2\/users\/1"}],"replies":[{"embeddable":true,"href":"https:\/\/naturalstone.af\/de\/wp-json\/wp\/v2\/comments?post=1300"}],"version-history":[{"count":87,"href":"https:\/\/naturalstone.af\/de\/wp-json\/wp\/v2\/pages\/1300\/revisions"}],"predecessor-version":[{"id":3644,"href":"https:\/\/naturalstone.af\/de\/wp-json\/wp\/v2\/pages\/1300\/revisions\/3644"}],"wp:attachment":[{"href":"https:\/\/naturalstone.af\/de\/wp-json\/wp\/v2\/media?parent=1300"}],"curies":[{"name":"wp","href":"https:\/\/api.w.org\/{rel}","templated":true}]}}